{"id":8177,"date":"2025-07-31T15:37:49","date_gmt":"2025-07-31T12:37:49","guid":{"rendered":"https:\/\/endemigoauction.com\/?post_type=product&#038;p=8177"},"modified":"2025-07-31T16:12:34","modified_gmt":"2025-07-31T13:12:34","slug":"test-urun-deneme-urun","status":"publish","type":"product","link":"https:\/\/endemigoauction.com\/en\/urun\/test-urun-deneme-urun\/","title":{"rendered":"Test \u00fcr\u00fcn deneme \u00fcr\u00fcn"},"content":{"rendered":"<p>Test deneme \u00fcr\u00fcn<\/p>\n","protected":false},"excerpt":{"rendered":"<p>Test deneme \u00fcr\u00fcn<\/p>\n","protected":false},"featured_media":0,"comment_status":"open","ping_status":"closed","template":"","meta":[],"product_brand":[],"product_cat":[15],"product_tag":[],"class_list":{"0":"post-8177","1":"product","2":"type-product","3":"status-publish","5":"product_cat-kategori","7":"first","8":"instock","9":"sold-individually","10":"taxable","11":"shipping-taxable","12":"product-type-auction"},"_links":{"self":[{"href":"https:\/\/endemigoauction.com\/en\/wp-json\/wp\/v2\/product\/8177","targetHints":{"allow":["GET"]}}],"collection":[{"href":"https:\/\/endemigoauction.com\/en\/wp-json\/wp\/v2\/product"}],"about":[{"href":"https:\/\/endemigoauction.com\/en\/wp-json\/wp\/v2\/types\/product"}],"replies":[{"embeddable":true,"href":"https:\/\/endemigoauction.com\/en\/wp-json\/wp\/v2\/comments?post=8177"}],"wp:attachment":[{"href":"https:\/\/endemigoauction.com\/en\/wp-json\/wp\/v2\/media?parent=8177"}],"wp:term":[{"taxonomy":"product_brand","embeddable":true,"href":"https:\/\/endemigoauction.com\/en\/wp-json\/wp\/v2\/product_brand?post=8177"},{"taxonomy":"product_cat","embeddable":true,"href":"https:\/\/endemigoauction.com\/en\/wp-json\/wp\/v2\/product_cat?post=8177"},{"taxonomy":"product_tag","embeddable":true,"href":"https:\/\/endemigoauction.com\/en\/wp-json\/wp\/v2\/product_tag?post=8177"}],"curies":[{"name":"wp","href":"https:\/\/api.w.org\/{rel}","templated":true}]}}