{"id":8132,"date":"2025-06-05T20:46:56","date_gmt":"2025-06-05T17:46:56","guid":{"rendered":"https:\/\/endemigoauction.com\/?post_type=product&#038;p=8132"},"modified":"2025-06-05T20:59:34","modified_gmt":"2025-06-05T17:59:34","slug":"lot-151-antik-dosemealti-halisi-100-yas-117-x-155-cm","status":"publish","type":"product","link":"https:\/\/endemigoauction.com\/en\/urun\/lot-151-antik-dosemealti-halisi-100-yas-117-x-155-cm\/","title":{"rendered":"LOT.151 Antik D\u00f6\u015femealt\u0131 Hal\u0131s\u0131 100+ Ya\u015f 117 x 155 cm"},"content":{"rendered":"<p><b>Antik D\u00f6\u015femealt\u0131 Hal\u0131s\u0131 100+ Ya\u015f 117 x 155 cm<\/b><\/p>\n<p>Bu hal\u0131, yaln\u0131zca Anadolu\u2019nun g\u00fcneyinde ya\u015fayan da\u011f y\u00f6r\u00fcklerinin g\u00fc\u00e7l\u00fc elleriyle dokunmu\u015f bir zanaat eseri de\u011fil, ayn\u0131 zamanda bir ya\u015fam bi\u00e7iminin, bir do\u011fa anlay\u0131\u015f\u0131n\u0131n ve bir estetik haf\u0131zan\u0131n da temsilidir. D\u00f6\u015femealt\u0131\u2019n\u0131n y\u00fcksek platolar\u0131nda, zorlu iklim ko\u015fullar\u0131na diren\u00e7 g\u00f6stermek amac\u0131yla s\u0131k ve sa\u011flam dokunan bu hal\u0131, adeta do\u011faya kar\u015f\u0131 bir sab\u0131r ilmidir.<\/p>\n<p><b>G\u00f6r\u00fcn\u00fcmde Bir Tablo: G\u00f6bek Tasar\u0131m\u0131<\/b><\/p>\n<p>Hal\u0131n\u0131n en dikkat \u00e7ekici y\u00f6n\u00fc, dikd\u00f6rtgen formlu geni\u015f g\u00f6bek k\u0131sm\u0131d\u0131r. Bu alan, yaln\u0131zca i\u015flevsel de\u011fil; ayn\u0131 zamanda sanatsal bir kadraj i\u015flevi g\u00f6rerek hal\u0131ya neredeyse ya\u011fl\u0131boya bir tablo g\u00f6r\u00fcn\u00fcm\u00fc kazand\u0131r\u0131r. G\u00f6be\u011fin yap\u0131s\u0131, hal\u0131n\u0131n mek\u00e2na kolayl\u0131kla entegre olmas\u0131n\u0131 sa\u011flarken, \u00e7evresindeki \u00e7er\u00e7eve ile i\u00e7eri\u011fi \u00f6ne \u00e7\u0131kar\u0131r.<\/p>\n<p><b>Y\u00f6r\u00fck Tamgalar\u0131: Beyaz\u0131n Duru Haf\u0131zas\u0131<\/b><\/p>\n<p>Koyu lacivert ve k\u00f6k boya k\u0131rm\u0131z\u0131s\u0131 \u00fczerine do\u011fal beyaz y\u00fcnle i\u015flenen D\u00f6\u015femealt\u0131 tamgalar\u0131, bu hal\u0131ya hem g\u00f6rsel hem k\u00fclt\u00fcrel derinlik katmaktad\u0131r. Bu i\u015faretler yaln\u0131zca motif de\u011fil, bir halk\u0131n belle\u011fi, g\u00f6\u00e7 yollar\u0131n\u0131n izleri ve da\u011flarla konu\u015fan bir estetik gelene\u011fin sesidir.<\/p>\n<p><b>Bergama m\u0131, D\u00f6\u015femealt\u0131 m\u0131?<\/b><\/p>\n<p>Bu hal\u0131lar\u0131n Bat\u0131 Anadolu\u2019nun g\u00fcneyinde dokunmas\u0131na kar\u015f\u0131n, Bat\u0131l\u0131 akademisyenler taraf\u0131ndan &#8220;Bergama Hal\u0131s\u0131&#8221; olarak s\u0131n\u0131fland\u0131r\u0131lmas\u0131, co\u011frafi \u00f6zg\u00fcnl\u00fc\u011f\u00fcn g\u00f6z ard\u0131 edilmesidir. Her ne kadar motif, renk ve teknik a\u00e7\u0131s\u0131ndan Bergama grubuna benzese de, D\u00f6\u015femealt\u0131 hal\u0131lar\u0131, dikkatli bir g\u00f6zle bak\u0131ld\u0131\u011f\u0131nda dokuma s\u0131kl\u0131\u011f\u0131, tamga tarz\u0131 ve renk paleti ile \u00f6zg\u00fcnl\u00fc\u011f\u00fcn\u00fc ortaya koyar. Bu sebeple, uluslararas\u0131 koleksiyoner camias\u0131nda y\u00f6resel tan\u0131m\u0131 olan D\u00f6\u015femealt\u0131 hal\u0131s\u0131 kavram\u0131n\u0131 tercih etmek, **hem k\u00fclt\u00fcrel do\u011fruluk hem de sayg\u0131 a\u00e7\u0131s\u0131ndan elzemdir. Ayr\u0131ca D\u00f6\u015femealt\u0131 hal\u0131lar\u0131n\u0131n da co\u011frafi i\u015faret ald\u0131\u011f\u0131n\u0131 ve tescilli bir hal\u0131 unutmamak gerekir. **<\/p>\n<p>Bu nadide D\u00f6\u015femealt\u0131 hal\u0131s\u0131, yaln\u0131zca bir zemin \u00f6rt\u00fcs\u00fc de\u011fil, ayn\u0131 zamanda bir halk\u0131n do\u011fayla ve gelenekle kurdu\u011fu ili\u015fkinin sessiz bir manifestosudur. Y\u00fcz y\u0131l\u0131 a\u015fk\u0131n s\u00fcredir varl\u0131\u011f\u0131n\u0131 s\u00fcrd\u00fcrmesi, yaln\u0131zca y\u00fcn kalitesinin de\u011fil, bir inanc\u0131n, bir ustal\u0131\u011f\u0131n ve bir estetik anlay\u0131\u015f\u0131n da sa\u011flaml\u0131\u011f\u0131na i\u015faret eder.<\/p>\n","protected":false},"excerpt":{"rendered":"<p><strong>Men\u015fei:<\/strong> T\u00fcrkiye &#8211; Antalya \/ D\u00f6\u015femealt\u0131 <strong>D\u00f6nem:<\/strong> 20. Y\u00fczy\u0131l Ba\u015f\u0131 (Tahmini 100+ ya\u015f\u0131nda) <strong>Dokuma:<\/strong> El dokumas\u0131 &#8211; %100 Kirman Y\u00fcn\u00fc | G\u00f6rdes D\u00fc\u011f\u00fcm\u00fc <strong>Renkler:<\/strong> Tamamen do\u011fal k\u00f6k ve bitki boyalar\u0131yla renklendirilmi\u015f <strong>Kondisyon:<\/strong> Ola\u011fan\u00fcst\u00fc<\/p>\n","protected":false},"featured_media":8133,"comment_status":"open","ping_status":"closed","template":"","meta":[],"product_brand":[],"product_cat":[336],"product_tag":[395,398,396,399,397,393,394],"class_list":{"0":"post-8132","1":"product","2":"type-product","3":"status-publish","4":"has-post-thumbnail","6":"product_cat-hali-ve-kilim","7":"product_tag-antika-hali","8":"product_tag-antika-hali-muzayedesi","9":"product_tag-antique-rug","10":"product_tag-antique-rug-online-auction","11":"product_tag-endemigo-auction","12":"product_tag-online-auction","13":"product_tag-online-muzayede","15":"first","16":"instock","17":"sold-individually","18":"taxable","19":"shipping-taxable","20":"product-type-auction"},"_links":{"self":[{"href":"https:\/\/endemigoauction.com\/en\/wp-json\/wp\/v2\/product\/8132","targetHints":{"allow":["GET"]}}],"collection":[{"href":"https:\/\/endemigoauction.com\/en\/wp-json\/wp\/v2\/product"}],"about":[{"href":"https:\/\/endemigoauction.com\/en\/wp-json\/wp\/v2\/types\/product"}],"replies":[{"embeddable":true,"href":"https:\/\/endemigoauction.com\/en\/wp-json\/wp\/v2\/comments?post=8132"}],"wp:featuredmedia":[{"embeddable":true,"href":"https:\/\/endemigoauction.com\/en\/wp-json\/wp\/v2\/media\/8133"}],"wp:attachment":[{"href":"https:\/\/endemigoauction.com\/en\/wp-json\/wp\/v2\/media?parent=8132"}],"wp:term":[{"taxonomy":"product_brand","embeddable":true,"href":"https:\/\/endemigoauction.com\/en\/wp-json\/wp\/v2\/product_brand?post=8132"},{"taxonomy":"product_cat","embeddable":true,"href":"https:\/\/endemigoauction.com\/en\/wp-json\/wp\/v2\/product_cat?post=8132"},{"taxonomy":"product_tag","embeddable":true,"href":"https:\/\/endemigoauction.com\/en\/wp-json\/wp\/v2\/product_tag?post=8132"}],"curies":[{"name":"wp","href":"https:\/\/api.w.org\/{rel}","templated":true}]}}