{"id":8125,"date":"2025-06-05T20:37:10","date_gmt":"2025-06-05T17:37:10","guid":{"rendered":"https:\/\/endemigoauction.com\/?post_type=product&#038;p=8125"},"modified":"2025-06-05T20:59:08","modified_gmt":"2025-06-05T17:59:08","slug":"lot-149-antik-aydin-halisi-120-yas-116-x-151-cm","status":"publish","type":"product","link":"https:\/\/endemigoauction.com\/en\/urun\/lot-149-antik-aydin-halisi-120-yas-116-x-151-cm\/","title":{"rendered":"LOT.149 Antik Ayd\u0131n Hal\u0131s\u0131 120+ Ya\u015f 116 x 151 cm"},"content":{"rendered":"<p><b>Antik Ayd\u0131n Hal\u0131s\u0131 120+ Ya\u015f 116 x 151 cm<\/b><\/p>\n<p>Bat\u0131 Anadolu\u2019nun kadim k\u00f6ylerinden y\u00fckselen dokuma sesi, bu hal\u0131da neredeyse duyulur hale geliyor. Ayd\u0131n &#8211; antik Tralleis\u2019in torunu, Menderes&#8217;in verimli kuca\u011f\u0131nda yeti\u015fmi\u015f, hem topra\u011f\u0131n hem zanaat\u0131n bereketini ta\u015f\u0131r. Bu nadir hal\u0131, Ayd\u0131n b\u00f6lgesinin g\u00f6rsel ve sembolik esteti\u011fini ta\u015f\u0131yan bir\u00a0zanaatk\u00e2r manifestosudur.<\/p>\n<p><strong>Tasar\u0131m: <\/strong><\/p>\n<p><strong>Karmen K\u0131rm\u0131z\u0131s\u0131n\u0131n Metafizi\u011fi:\u00a0<\/strong>Hal\u0131n\u0131n merkezi, g\u00f6z al\u0131c\u0131 bir\u00a0Karmen k\u0131rm\u0131z\u0131s\u0131 zeminli mihrap\u00a0ile ba\u015flar. Bu k\u0131rm\u0131z\u0131, s\u0131radan bir boya de\u011fil;\u00a0kermes b\u00f6ce\u011finden elde edilen organik ve tarih\u00ee bir pigmenttir.\u00a0Antik \u00e7a\u011flardan beri yaln\u0131zca se\u00e7kin dokumalarda kullan\u0131lan bu mora ka\u00e7an k\u0131rm\u0131z\u0131, hal\u0131y\u0131 yaln\u0131zca estetik de\u011fil, sembolik olarak da asil k\u0131lar.<\/p>\n<p>Mihrab\u0131n i\u00e7i, sade ama derin anlaml\u0131 bir kompozisyona sahiptir: \u0130ki paralel \u00fcst \u00fcste dizilen\u00a0\u00e7engel tamgalar\u0131ndan olu\u015fan s\u00fctun,\u00a0hayat a\u011fac\u0131n\u0131 koruyan s\u00fctunlar gibi mihrab\u0131 destekler. Bu \u00e7engeller yaln\u0131zca s\u00fcsleme de\u011fil,\u00a0kadim T\u00fcrk sembolizminin ta\u015f\u0131y\u0131c\u0131 i\u015faretleridir\u00a0&#8211; koruyuculuk, s\u00fcreklilik ve kader d\u00f6ng\u00fcs\u00fcyle ilgilidir.<\/p>\n<p>Mihrab\u0131n \u00fcst k\u0131sm\u0131nda yer alan\u00a0a\u00e7\u0131k ye\u015file ka\u00e7an aynalar, Bat\u0131 Anadolu\u2019nun \u0131\u015f\u0131\u011f\u0131n\u0131 yans\u0131t\u0131r. Bu alanlarda, \u00e7ok renkli\u00a0\u00e7ark tamgalar\u0131\u00a0&#8211; hayat\u0131n d\u00f6n\u00fc\u015f\u00fc, zaman\u0131n dairesel ak\u0131\u015f\u0131 ve evrenin s\u00fcrekli devinimi &#8211; simgesel olarak i\u015flenmi\u015ftir.<\/p>\n<p><strong>Bord\u00fcrler:<\/strong> Renk ve Simge Ritmi:\u00a0\u0130ki ince\u00a0karmen k\u0131rm\u0131z\u0131s\u0131\u00a0bord\u00fcr\u00a0aras\u0131nda, derinlikli bir\u00a0mora \u00e7alan lacivert\u00a0kal\u0131n bord\u00fcr uzan\u0131r. Bu alan, tasar\u0131m\u0131n g\u00f6rsel a\u011f\u0131rl\u0131k merkezidir. \u00dczerinde i\u015flenmi\u015f\u00a0\u00fc\u00e7 ba\u015fl\u0131 \u015famdan tamgalar\u0131,\u00a0hem \u0131\u015f\u0131k hem de \u00fc\u00e7 zaman katman\u0131n\u0131 (\u00c7ekirdek aile, g\u00fcne\u015fin do\u011fu\u015fu, y\u00fckseli\u015fi, bat\u0131\u015f\u0131 ve ge\u00e7mi\u015f, \u015fimdi, gelecek) temsil eden sembollerdir.<\/p>\n<p>Bu bord\u00fcrler yaln\u0131zca hal\u0131n\u0131n s\u0131n\u0131rlar\u0131n\u0131 belirlemez; ayn\u0131 zamanda zaman ve mekan i\u00e7inde bir\u00a0koruyucu enerji hatt\u0131\u00a0olu\u015fturur.<\/p>\n<p><strong>Teknik De\u011fer ve Ya\u015f\u0131na Ra\u011fmen Taze G\u00fczellik:<\/strong>\u00a0%100 do\u011fal\u00a0Kirman ipli\u011fi,\u00a0hal\u0131n\u0131n ya\u015f\u0131na ra\u011fmen inan\u0131lmaz bir\u00a0parlakl\u0131k ve doku derinli\u011fi\u00a0sunar.\u00a0G\u00f6rdes d\u00fc\u011f\u00fcm\u00fc,\u00a0yerel dokuma gelene\u011fine sad\u0131k kal\u0131nd\u0131\u011f\u0131n\u0131 g\u00f6sterir ve her bir ilmekte ustal\u0131\u011f\u0131n izlerini ta\u015f\u0131r.<\/p>\n<p><strong>Renk ge\u00e7i\u015fleri ola\u011fan\u00fcst\u00fcd\u00fcr:<\/strong>\u00a0Mora ka\u00e7an bir k\u0131rm\u0131z\u0131dan, mora ka\u00e7an bir laciverte\u00a0akan bu ton zenginli\u011fi, hal\u0131n\u0131n estetik derinli\u011fini art\u0131r\u0131r. Bu kadar ya\u015f alm\u0131\u015f bir eserde renklerin h\u00e2l\u00e2 bu denli g\u00fc\u00e7l\u00fc olmas\u0131, yaln\u0131zca teknik de\u011fil; ayn\u0131 zamanda\u00a0duygusal ve k\u00fclt\u00fcrel bir ba\u015far\u0131d\u0131r.<\/p>\n<p><strong>K\u00fclt\u00fcrel ve Koleksiyonluk De\u011fer:<\/strong>\u00a0Antik Ayd\u0131n Hal\u0131s\u0131, yaln\u0131zca bir etnografik obje de\u011fil;\u00a0Bat\u0131 Anadolu&#8217;nun ruhunu ta\u015f\u0131yan bir dokuma efsanesidir.\u00a0S\u0131n\u0131rl\u0131 say\u0131da g\u00fcn\u00fcm\u00fcze ula\u015fm\u0131\u015f bu t\u00fcr hal\u0131lar, \u00f6zellikle\u00a0kermes\u00a0k\u0131rm\u0131z\u0131s\u0131 gibi ender pigmentlerle boyanm\u0131\u015fsa, hal\u0131 severler ve \u00f6zel koleksiyonlar i\u00e7in paha bi\u00e7ilmezdir.<\/p>\n<p>Bu eser, ya\u015f\u0131na ra\u011fmen ola\u011fan\u00fcst\u00fc kondisyonu, k\u00f6kl\u00fc sembol dili ve nadir renk yap\u0131s\u0131yla yaln\u0131zca g\u00f6zleri de\u011fil, zihni ve kalbi de etkileyen bir sanat eseridir.<\/p>\n","protected":false},"excerpt":{"rendered":"<p><strong>Men\u015fei:<\/strong> T\u00fcrkiye \/ Ayd\u0131n <strong>D\u00f6nem:<\/strong> Tahmini olarak 19. y\u00fczy\u0131l sonu &#8211; 120+ ya\u015f\u0131nda <strong>Malzeme ve Teknik:<\/strong> Y\u00fcn \u00fczerine y\u00fcn; %100 do\u011fal Kirman ipli\u011fi; G\u00f6rdes (T\u00fcrk) d\u00fc\u011f\u00fcm\u00fc <strong>Kondisyon:<\/strong> Ola\u011fan\u00fcst\u00fc <strong>Form:<\/strong> Mihrapl\u0131 hal\u0131 &#8211; rit\u00fcel odakl\u0131 kutsal alan tasar\u0131m\u0131<\/p>\n","protected":false},"featured_media":8126,"comment_status":"open","ping_status":"closed","template":"","meta":[],"product_brand":[],"product_cat":[336],"product_tag":[395,398,396,399,397,393,394],"class_list":{"0":"post-8125","1":"product","2":"type-product","3":"status-publish","4":"has-post-thumbnail","6":"product_cat-hali-ve-kilim","7":"product_tag-antika-hali","8":"product_tag-antika-hali-muzayedesi","9":"product_tag-antique-rug","10":"product_tag-antique-rug-online-auction","11":"product_tag-endemigo-auction","12":"product_tag-online-auction","13":"product_tag-online-muzayede","15":"first","16":"instock","17":"sold-individually","18":"product-type-auction"},"_links":{"self":[{"href":"https:\/\/endemigoauction.com\/en\/wp-json\/wp\/v2\/product\/8125","targetHints":{"allow":["GET"]}}],"collection":[{"href":"https:\/\/endemigoauction.com\/en\/wp-json\/wp\/v2\/product"}],"about":[{"href":"https:\/\/endemigoauction.com\/en\/wp-json\/wp\/v2\/types\/product"}],"replies":[{"embeddable":true,"href":"https:\/\/endemigoauction.com\/en\/wp-json\/wp\/v2\/comments?post=8125"}],"wp:featuredmedia":[{"embeddable":true,"href":"https:\/\/endemigoauction.com\/en\/wp-json\/wp\/v2\/media\/8126"}],"wp:attachment":[{"href":"https:\/\/endemigoauction.com\/en\/wp-json\/wp\/v2\/media?parent=8125"}],"wp:term":[{"taxonomy":"product_brand","embeddable":true,"href":"https:\/\/endemigoauction.com\/en\/wp-json\/wp\/v2\/product_brand?post=8125"},{"taxonomy":"product_cat","embeddable":true,"href":"https:\/\/endemigoauction.com\/en\/wp-json\/wp\/v2\/product_cat?post=8125"},{"taxonomy":"product_tag","embeddable":true,"href":"https:\/\/endemigoauction.com\/en\/wp-json\/wp\/v2\/product_tag?post=8125"}],"curies":[{"name":"wp","href":"https:\/\/api.w.org\/{rel}","templated":true}]}}