{"id":8122,"date":"2025-06-05T20:33:47","date_gmt":"2025-06-05T17:33:47","guid":{"rendered":"https:\/\/endemigoauction.com\/?post_type=product&#038;p=8122"},"modified":"2025-06-05T20:58:53","modified_gmt":"2025-06-05T17:58:53","slug":"lot-148-antik-komurcu-kula-halisi-120-yas-139-x-315-cm","status":"publish","type":"product","link":"https:\/\/endemigoauction.com\/en\/urun\/lot-148-antik-komurcu-kula-halisi-120-yas-139-x-315-cm\/","title":{"rendered":"LOT.148 Antik K\u00f6m\u00fcrc\u00fc Kula Hal\u0131s\u0131 120+ Ya\u015f 139 x 315 cm"},"content":{"rendered":"<p><b>Antik K\u00f6m\u00fcrc\u00fc Kula Hal\u0131s\u0131 120+ Ya\u015f 139 x 315 cm<\/b><\/p>\n<p>Kula, yaln\u0131zca Ege\u2019nin gizemli kasabalar\u0131ndan biri de\u011fil; ayn\u0131 zamanda s\u00f6nm\u00fc\u015f yanarda\u011flar\u0131n eteklerinde \u015fekillenen bir k\u00fclt\u00fcrel haf\u0131zad\u0131r. Lavlar\u0131n yakt\u0131\u011f\u0131 topraklarda do\u011fan desenler, burada hal\u0131lara d\u00f6n\u00fc\u015f\u00fcr. Bu benzersiz hal\u0131, ad\u0131n\u0131 ald\u0131\u011f\u0131 K\u00f6m\u00fcrc\u00fc b\u00f6lgesiyle birlikte do\u011fayla i\u00e7 i\u00e7e ge\u00e7mi\u015f mitolojik bir hik\u00e2yeye d\u00f6n\u00fc\u015f\u00fcr. Renk, desen ve forma bak\u0131ld\u0131\u011f\u0131nda, bir hal\u0131dan \u00f6te, alev alev akan bir \u015fiir gibidir.<\/p>\n<p><b>Tasar\u0131m: Lavlar\u0131n \u0130zinden Akan Desenler:\u00a0<\/b>Bu \u00f6zel hal\u0131, geometrik simetriden ziyade ak\u0131\u015fkan bir tasar\u0131m diliyle \u00f6r\u00fclm\u00fc\u015ft\u00fcr. Hal\u0131n\u0131n t\u00fcm y\u00fczeyine yay\u0131lan \u00e7i\u00e7ek motifleri, spiral dallar, su yollar\u0131 ve kadim tamgalar, t\u0131pk\u0131 geceleri Kula\u2019n\u0131n karanl\u0131\u011f\u0131nda akarak \u0131\u015f\u0131ldayan lavlar gibi hal\u0131n\u0131n dokusunda dans eder. Her fig\u00fcr, bilin\u00e7li bir ak\u0131\u015f\u0131n par\u00e7as\u0131; organik ve sezgisel bir dengeyle yerle\u015ftirilmi\u015f.<\/p>\n<p>6 merkezi g\u00f6bek, koyu mor zemin \u00fczerine in\u015fa edilmi\u015ftir. Bu g\u00f6bekler; hem yap\u0131n\u0131n matematiksel iskeletini olu\u015fturur, hem de her birinin merkezinden do\u011fan motif ak\u0131\u015f\u0131yla hal\u0131n\u0131n &#8220;alevsel&#8221; etkisini art\u0131r\u0131r. T\u00fcm bu \u00f6\u011feler, rastgelelikten uzak, do\u011fal bir enerjinin matemati\u011fiyle dokunmu\u015ftur.<\/p>\n<p><b>Renk: \u0130ktidar Morunun En Soylu Tonlar\u0131:\u00a0<\/b>Bu hal\u0131n\u0131n ta\u015f\u0131d\u0131\u011f\u0131 mor tonlar, yaln\u0131zca bir renk de\u011fil, bir mesajd\u0131r. Kula hal\u0131lar\u0131, y\u00fczy\u0131llar boyunca Vatikan\u2019dan Avrupa saraylar\u0131na, aristokratlar\u0131n koleksiyonlar\u0131ndan m\u00fczelerdeki se\u00e7kin eserlere kadar her yerde kendine yer bulmu\u015ftur. Bunun ba\u015fl\u0131ca nedeni, kulland\u0131klar\u0131 iktidar morunun nadide tonlar\u0131d\u0131r. Bu hal\u0131da da, morun en koyu ve derin tonlar\u0131, tona ton ge\u00e7i\u015flerle ustaca harmanlanm\u0131\u015ft\u0131r.<\/p>\n<p>Bord\u00fcrler, morun g\u00f6lgesinde kalan sar\u0131 ve toprak tonlar\u0131yla \u00e7evrelenmi\u015f; bu da tasar\u0131ma hem parlakl\u0131k hem de zeminle b\u00fct\u00fcnle\u015fme sa\u011flar. I\u015f\u0131\u011fa g\u00f6re de\u011fi\u015fen morlar; kimi zaman k\u0131rm\u0131z\u0131ya, kimi zaman laciverte \u00e7alar &#8211; bir renk ressam\u0131n\u0131n f\u0131r\u00e7as\u0131ndan \u00e7\u0131km\u0131\u015f\u00e7as\u0131na.<\/p>\n<p><b>Form ve Kullan\u0131m: Yan Hal\u0131 Olarak \u00c7ok Y\u00f6nl\u00fc Bir Miras:\u00a0<\/b>139 x 315 cm gibi etkileyici bir \u00f6l\u00e7\u00fcye sahip bu hal\u0131, geleneksel olarak yan hal\u0131 formuna girer. Bu tip hal\u0131lar; yaln\u0131zca yer sergisi de\u011fil, ayn\u0131 zamanda:<\/p>\n<ul>\n<li>Uzun masalar i\u00e7in masa \u00f6rt\u00fcs\u00fc,<\/li>\n<li>Oda b\u00f6l\u00fcc\u00fc s\u0131n\u0131r hal\u0131s\u0131,<\/li>\n<li>Dar uzun salonlarda taban hal\u0131s\u0131,<\/li>\n<li>Duvar hal\u0131s\u0131 olarak da kullan\u0131l\u0131r.<\/li>\n<\/ul>\n<p>\u00d6zellikle lo\u015f ve zarif ayd\u0131nlat\u0131lm\u0131\u015f ortamlarda, bu hal\u0131n\u0131n morlar\u0131 ortama efsunlu bir asalet, derinlik ve tarih katmaktad\u0131r.<\/p>\n<p><b>Malzeme: Kalite ve Sab\u0131rla \u0130lmeklenmi\u015f Zanaat:\u00a0<\/b>Kullan\u0131lan Kirman ipli\u011fi, en kaliteli koyun y\u00fcnlerinden se\u00e7ilerek, elde e\u011frilmi\u015f ve do\u011fal k\u00f6k boyalarla renklendirilmi\u015ftir. Hav oran\u0131 y\u00fcksek, dokusu canl\u0131 ve ipeksi bir parlakl\u0131\u011fa sahiptir. G\u00f6rdes d\u00fc\u011f\u00fcm\u00fc ise, Anadolu\u2019nun teknik miras\u0131n\u0131n en sa\u011flam ve uzun \u00f6m\u00fcrl\u00fc \u00f6rneklerindendir.<\/p>\n<p>Bu hal\u0131 sadece bir nesne de\u011fil, zaman\u0131n i\u00e7ine saklanm\u0131\u015f bir el i\u015f\u00e7ili\u011fi destan\u0131d\u0131r.<\/p>\n<p><b>Koleksiyon ve De\u011fer Notu: Kula&#8217;n\u0131n Lav Ate\u015finden Kopmu\u015f Bir Par\u00e7a:\u00a0<\/b>Antik Kula hal\u0131lar\u0131 aras\u0131nda bu boyutta, bu renk kompozisyonunda ve bu denli iyi korunmu\u015f \u00f6rnekler yok denecek kadar azd\u0131r. \u00d6zellikle &#8220;yan hal\u0131&#8221; formu, kullan\u0131m\u0131 ve sergilemesi a\u00e7\u0131s\u0131ndan koleksiyonerlere benzersiz bir mekansal deneyim sunar.<\/p>\n","protected":false},"excerpt":{"rendered":"<p><strong>Men\u015fei:<\/strong> T\u00fcrkiye \/ Manisa &#8211; Kula <strong>D\u00f6nem:<\/strong> Tahmini olarak 19. y\u00fczy\u0131l sonu &#8211; 120+ ya\u015f\u0131nda <strong>Malzeme ve Teknik:<\/strong> Y\u00fcn \u00fczerine y\u00fcn; %100 do\u011fal Kirman ipli\u011fi; G\u00f6rdes (T\u00fcrk) d\u00fc\u011f\u00fcm\u00fc <strong>Kondisyon:<\/strong> Ola\u011fan\u00fcst\u00fc <strong>Form:<\/strong> Yan Hal\u0131s\u0131 &#8211; Uzun formlu \u00f6zel tasar\u0131m<\/p>\n","protected":false},"featured_media":8123,"comment_status":"open","ping_status":"closed","template":"","meta":[],"product_brand":[],"product_cat":[336],"product_tag":[395,398,396,399,397,393,394],"class_list":{"0":"post-8122","1":"product","2":"type-product","3":"status-publish","4":"has-post-thumbnail","6":"product_cat-hali-ve-kilim","7":"product_tag-antika-hali","8":"product_tag-antika-hali-muzayedesi","9":"product_tag-antique-rug","10":"product_tag-antique-rug-online-auction","11":"product_tag-endemigo-auction","12":"product_tag-online-auction","13":"product_tag-online-muzayede","15":"first","16":"instock","17":"sold-individually","18":"product-type-auction"},"_links":{"self":[{"href":"https:\/\/endemigoauction.com\/en\/wp-json\/wp\/v2\/product\/8122","targetHints":{"allow":["GET"]}}],"collection":[{"href":"https:\/\/endemigoauction.com\/en\/wp-json\/wp\/v2\/product"}],"about":[{"href":"https:\/\/endemigoauction.com\/en\/wp-json\/wp\/v2\/types\/product"}],"replies":[{"embeddable":true,"href":"https:\/\/endemigoauction.com\/en\/wp-json\/wp\/v2\/comments?post=8122"}],"wp:featuredmedia":[{"embeddable":true,"href":"https:\/\/endemigoauction.com\/en\/wp-json\/wp\/v2\/media\/8123"}],"wp:attachment":[{"href":"https:\/\/endemigoauction.com\/en\/wp-json\/wp\/v2\/media?parent=8122"}],"wp:term":[{"taxonomy":"product_brand","embeddable":true,"href":"https:\/\/endemigoauction.com\/en\/wp-json\/wp\/v2\/product_brand?post=8122"},{"taxonomy":"product_cat","embeddable":true,"href":"https:\/\/endemigoauction.com\/en\/wp-json\/wp\/v2\/product_cat?post=8122"},{"taxonomy":"product_tag","embeddable":true,"href":"https:\/\/endemigoauction.com\/en\/wp-json\/wp\/v2\/product_tag?post=8122"}],"curies":[{"name":"wp","href":"https:\/\/api.w.org\/{rel}","templated":true}]}}