{"id":8119,"date":"2025-06-05T20:30:39","date_gmt":"2025-06-05T17:30:39","guid":{"rendered":"https:\/\/endemigoauction.com\/?post_type=product&#038;p=8119"},"modified":"2025-06-05T20:58:31","modified_gmt":"2025-06-05T17:58:31","slug":"lot-147-antik-mucur-halisi-120-yas-126-x-195-cm","status":"publish","type":"product","link":"https:\/\/endemigoauction.com\/en\/urun\/lot-147-antik-mucur-halisi-120-yas-126-x-195-cm\/","title":{"rendered":"LOT.147 Antik Mucur Hal\u0131s\u0131 120+ Ya\u015f 126 x 195 cm"},"content":{"rendered":"<p><b>Antik Mucur Hal\u0131s\u0131 120+ Ya\u015f 126 x 195 cm<\/b><\/p>\n<p>Anadolu\u2019nun kalbinden, hal\u0131 sanat\u0131n\u0131n klasik \u00e7a\u011f\u0131ndan g\u00fcn\u00fcm\u00fcze ula\u015fan zarif bir iz: Antik Mucur Hal\u0131s\u0131. 120 y\u0131l\u0131 a\u015fk\u0131n ya\u015f\u0131yla bu \u00f6zel eser, sadece zemin \u00f6rt\u00fcs\u00fc de\u011fil; ge\u00e7mi\u015fle bug\u00fcn\u00fc, gelenekle zarafeti bir araya getiren nadide bir k\u00fclt\u00fcr belgesidir.<\/p>\n<p>Mucur, 17. y\u00fczy\u0131ldan itibaren Anadolu hal\u0131 sanat\u0131n\u0131n \u00f6nemli merkezlerinden biri olarak tan\u0131nm\u0131\u015f; \u00f6zellikle K\u0131r\u015fehir \u00e7evresi, Osmanl\u0131&#8217;n\u0131n siyasi olarak zay\u0131flad\u0131\u011f\u0131 bir d\u00f6nemde bile dokuma sanat\u0131nda zirveye ula\u015fm\u0131\u015ft\u0131r. O y\u00fczy\u0131llarda G\u00f6rdes, Kula, Ladik, Milas gibi merkezlerle birlikte an\u0131lan Mucur, el sanat\u0131nda kendine has bir \u00fcslup geli\u015ftirmi\u015f; 18. y\u00fczy\u0131lda Avrupa sermayesinin hal\u0131c\u0131l\u0131\u011f\u0131 etkilemesine ra\u011fmen, karakterini koruyarak sanatla direnen bir duru\u015f sergilemi\u015ftir. Bug\u00fcn ise neredeyse yok olma e\u015fi\u011finde olan bu gelenek, \u015eat\u0131ro\u011flu, G\u00fcm\u00fc\u015fk\u00fcmbet ve Budak gibi k\u00f6ylerin sessiz tezg\u00e2hlar\u0131nda hala yank\u0131lanan bir haf\u0131za gibidir.<\/p>\n<p>Bu \u00f6zel hal\u0131, \u00e7ift mihrapl\u0131 merkezi d\u00fczenlemeye sahip olup, zarif bir nat\u00fcrmort anlay\u0131\u015f\u0131yla bezenmi\u015ftir: G\u00fcl ve \u00e7e\u015fitli \u00e7i\u00e7ek arajmanlar\u0131, eflatuna \u00e7alan k\u0131rm\u0131z\u0131-mor zemin \u00fczerine titizlikle yerle\u015ftirilmi\u015f; bu kompozisyon ince i\u00e7-d\u0131\u015f bord\u00fcrlerdeki \u015fal motifleriyle dengelenmi\u015f; geni\u015f orta bord\u00fcr ise t\u00fcm bu g\u00f6rsel \u015fiiri \u00e7er\u00e7evelemi\u015ftir. Alt\u0131n orana yak\u0131n boyut oranlar\u0131, hal\u0131n\u0131n yaln\u0131zca bir dekoratif unsur de\u011fil, ayn\u0131 zamanda modern sanatlar ba\u011flam\u0131nda de\u011ferlendirilebilecek bir yap\u0131 oldu\u011funu g\u00f6sterir.<\/p>\n<p>Do\u011fal boyalarla renklendirilmi\u015f, %100 Kirman y\u00fcn\u00fcyle ve G\u00f6rdes d\u00fc\u011f\u00fcm\u00fcyle ilmek ilmek i\u015flenmi\u015f bu eser; dokundu\u011fu d\u00f6nemin estetik anlay\u0131\u015f\u0131n\u0131, k\u00fclt\u00fcrel derinli\u011fini ve Anadolu insan\u0131n\u0131n sabr\u0131n\u0131 \u00fczerinde ta\u015f\u0131r.<\/p>\n<p>Mucur\u2019un hemen yak\u0131n\u0131nda yer alan Seyfe G\u00f6l\u00fc, her y\u0131l binlerce flamingoya ev sahipli\u011fi yapar. T\u0131pk\u0131 o g\u00f6l\u00fcn k\u0131y\u0131s\u0131na konan zarif flamingolar gibi, bu hal\u0131 da i\u00e7inde ta\u015f\u0131d\u0131\u011f\u0131 renk, denge ve incelikle g\u00f6z al\u0131c\u0131 bir asalete sahiptir. Zaman\u0131n i\u00e7inden s\u00fcz\u00fclerek gelen bu eser, ayn\u0131 zamanda do\u011fan\u0131n zarafetiyle insan eme\u011finin kusursuz birle\u015fimidir.<\/p>\n<p>Bug\u00fcn Mucur, yaln\u0131zca hal\u0131lar\u0131yla de\u011fil, ayn\u0131 zamanda Kapadokya\u2019ya \u00f6zg\u00fc bir di\u011fer mirasla, yeralt\u0131 \u015fehirleriyle de \u00f6ne \u00e7\u0131kar. M.S. 3-4. y\u00fczy\u0131la uzanan Mucur Yeralt\u0131 \u015eehri, bu topraklar\u0131n katman katman ta\u015f\u0131d\u0131\u011f\u0131 tarihsel zenginli\u011fi g\u00f6stermektedir. \u0130\u015fte bu hal\u0131 da, benzer \u015fekilde, sadece y\u00fczeyinde de\u011fil, her ilme\u011finde zaman\u0131n ve mek\u00e2n\u0131n \u00e7ok katmanl\u0131 izlerini ta\u015f\u0131maktad\u0131r.<\/p>\n<p>&nbsp;<\/p>\n<p>Koleksiyonerler i\u00e7in yaln\u0131zca estetik de\u011fil; tarihi, k\u00fclt\u00fcrel ve duygusal de\u011feri y\u00fcksek bir yat\u0131r\u0131m niteli\u011fi ta\u015f\u0131r. Ola\u011fan\u00fcst\u00fc kondisyonu ve g\u00fc\u00e7l\u00fc simgesel yap\u0131s\u0131yla, d\u00f6nemin dokuma anlay\u0131\u015f\u0131n\u0131 bug\u00fcnle bulu\u015fturan bu nadir par\u00e7a, yaln\u0131zca bir hal\u0131 de\u011fil, ya\u015fayan bir bellek olarak de\u011ferlendirilmeyi hak ediyor.<\/p>\n","protected":false},"excerpt":{"rendered":"<p><strong>Men\u015fe:<\/strong> T\u00fcrkiye \/ K\u0131r\u015fehir &#8211; Mucur <strong>D\u00f6nem:<\/strong> 120+ Ya\u015f <strong>Dokuma:<\/strong> El dokumas\u0131, %100 Kirman Y\u00fcn, G\u00f6rdes (T\u00fcrk) d\u00fc\u011f\u00fcm\u00fc <strong>Boyama:<\/strong> K\u00f6k ve Do\u011fal Boya <strong>Kondisyon:<\/strong> Ola\u011fan\u00fcst\u00fc<\/p>\n","protected":false},"featured_media":8120,"comment_status":"open","ping_status":"closed","template":"","meta":[],"product_brand":[],"product_cat":[336],"product_tag":[395,398,396,399,397,393,394],"class_list":{"0":"post-8119","1":"product","2":"type-product","3":"status-publish","4":"has-post-thumbnail","6":"product_cat-hali-ve-kilim","7":"product_tag-antika-hali","8":"product_tag-antika-hali-muzayedesi","9":"product_tag-antique-rug","10":"product_tag-antique-rug-online-auction","11":"product_tag-endemigo-auction","12":"product_tag-online-auction","13":"product_tag-online-muzayede","15":"first","16":"instock","17":"sold-individually","18":"product-type-auction"},"_links":{"self":[{"href":"https:\/\/endemigoauction.com\/en\/wp-json\/wp\/v2\/product\/8119","targetHints":{"allow":["GET"]}}],"collection":[{"href":"https:\/\/endemigoauction.com\/en\/wp-json\/wp\/v2\/product"}],"about":[{"href":"https:\/\/endemigoauction.com\/en\/wp-json\/wp\/v2\/types\/product"}],"replies":[{"embeddable":true,"href":"https:\/\/endemigoauction.com\/en\/wp-json\/wp\/v2\/comments?post=8119"}],"wp:featuredmedia":[{"embeddable":true,"href":"https:\/\/endemigoauction.com\/en\/wp-json\/wp\/v2\/media\/8120"}],"wp:attachment":[{"href":"https:\/\/endemigoauction.com\/en\/wp-json\/wp\/v2\/media?parent=8119"}],"wp:term":[{"taxonomy":"product_brand","embeddable":true,"href":"https:\/\/endemigoauction.com\/en\/wp-json\/wp\/v2\/product_brand?post=8119"},{"taxonomy":"product_cat","embeddable":true,"href":"https:\/\/endemigoauction.com\/en\/wp-json\/wp\/v2\/product_cat?post=8119"},{"taxonomy":"product_tag","embeddable":true,"href":"https:\/\/endemigoauction.com\/en\/wp-json\/wp\/v2\/product_tag?post=8119"}],"curies":[{"name":"wp","href":"https:\/\/api.w.org\/{rel}","templated":true}]}}