{"id":8109,"date":"2025-06-04T00:52:05","date_gmt":"2025-06-03T21:52:05","guid":{"rendered":"https:\/\/endemigoauction.com\/?post_type=product&#038;p=8109"},"modified":"2025-06-04T00:52:05","modified_gmt":"2025-06-03T21:52:05","slug":"lot-145-antik-cift-kapili-megri-halisi-19-yuzyil-ortasi-127-x-185-cm","status":"publish","type":"product","link":"https:\/\/endemigoauction.com\/en\/urun\/lot-145-antik-cift-kapili-megri-halisi-19-yuzyil-ortasi-127-x-185-cm\/","title":{"rendered":"LOT.145 Antik \u00c7ift Kap\u0131l\u0131 Megri Hal\u0131s\u0131 19. Y\u00fczy\u0131l Ortas\u0131 127 x 185 cm"},"content":{"rendered":"<p><b>Antik \u00c7ift Kap\u0131l\u0131 Megri Hal\u0131s\u0131 19. Y\u00fczy\u0131l Ortas\u0131 127 x 185 cm<\/b><\/p>\n<p>Antik \u00e7a\u011flarda &#8220;Makri&#8221; ya da &#8220;Ma\u011fri&#8221; adlar\u0131yla an\u0131lan, Likya&#8217;n\u0131n denizle i\u00e7 i\u00e7e ge\u00e7mi\u015f liman kentlerinden biri olan Fethiye, yaln\u0131zca do\u011fas\u0131yla de\u011fil, kadim dokuma gelenekleriyle de tarihe imza atm\u0131\u015ft\u0131r. Bu \u00f6zel hal\u0131, Megri&#8217;nin bu derin k\u00fclt\u00fcrel damar\u0131ndan do\u011fmu\u015f, zamana direnen dokuma bir dua gibidir.<\/p>\n<p><b>Tasar\u0131m: \u00c7ift Mihrapl\u0131, \u0130ki Kap\u0131l\u0131 Bir Kozmik Simetri:\u00a0<\/b>Bu nadide hal\u0131n\u0131n en dikkat \u00e7ekici \u00f6zelli\u011fi, merkezinde yer alan yanyana iki adet \u00e7ift mihrap ile olu\u015fmu\u015f g\u00f6beklerin iki tanesinin yan yana gelerek olu\u015fturdu\u011fu \u00e7ift kap\u0131 formudur. Hal\u0131, adeta iki ayr\u0131 boyutu ya da iki ruhani ge\u00e7idi temsil edercesine tasarlanm\u0131\u015f. Bu forma &#8220;\u00e7ift kap\u0131l\u0131&#8221; denmesi bo\u015funa de\u011fildir &#8211; hem sembolik hem de mimari bir yakla\u015f\u0131mla, iki kutsal giri\u015f ayn\u0131 zemin \u00fczerinde birle\u015fir.<\/p>\n<p>Birinci \u00e7ift mihrapl\u0131 g\u00f6bek alan\u0131, canl\u0131 lacivert &#8211; \u00e7ivit mavisinin derinli\u011fiyle bezeli. Bu renk, suyun, g\u00f6\u011f\u00fcn ve sonsuzlu\u011fun metaforudur. \u0130kinci \u00e7ift mihrap g\u00f6bek alan\u0131 ise, k\u00f6k boya k\u0131rm\u0131z\u0131s\u0131n\u0131n s\u0131cakl\u0131\u011f\u0131 ve asaletiyle donat\u0131lm\u0131\u015ft\u0131r. K\u0131rm\u0131z\u0131 burada yaln\u0131zca estetik de\u011fil; ya\u015fam g\u00fcc\u00fcn\u00fcn ve koruyuculu\u011fun sembol\u00fcd\u00fcr.<\/p>\n<p>Her iki \u00e7ift mihrapl\u0131 g\u00f6bek alan\u0131 da, yo\u011fun bi\u00e7imde yerle\u015ftirilmi\u015f tribal k\u00f6kenli kadim tamgalarla g\u00fc\u00e7lendirilmi\u015ftir. Bu semboller; koruma, bereket, hayat d\u00f6ng\u00fcs\u00fc ve do\u011fan\u0131n kutsall\u0131\u011f\u0131yla ilgilidir. Tasar\u0131mda rastgelelik yoktur; her fig\u00fcr, her yerle\u015fim bir s\u00f6zs\u00fcz anlat\u0131n\u0131n par\u00e7as\u0131d\u0131r.<\/p>\n<p><b>Bord\u00fcrler: I\u015f\u0131\u011f\u0131n ve Topra\u011f\u0131n \u0130zleri:\u00a0<\/b>Hal\u0131n\u0131n \u00e7evresini saran bord\u00fcr kompozisyonu da iki katmanl\u0131 bir sembolik yap\u0131 sunar. \u0130nce d\u0131\u015f bord\u00fcr, a\u00e7\u0131k sar\u0131n\u0131n zarafetiyle \u00e7evrelenmi\u015f; Anadolu sabahlar\u0131n\u0131n ilk \u0131\u015f\u0131\u011f\u0131n\u0131 an\u0131msat\u0131r. Ana kal\u0131n d\u0131\u015f bord\u00fcr ise, daha koyu ve topra\u011fa \u00e7alan sar\u0131 tonlar\u0131yla, ya\u015fam\u0131n ve do\u011fan\u0131n d\u00f6ng\u00fcselli\u011fini ta\u015f\u0131r.<\/p>\n<p>Bu iki bord\u00fcr, t\u0131pk\u0131 mihraplarda oldu\u011fu gibi bir kar\u015f\u0131tl\u0131k de\u011fil, bir tamamlay\u0131c\u0131l\u0131k ili\u015fkisi kurar. I\u015f\u0131k ve toprak, g\u00f6ky\u00fcz\u00fc ve ya\u015fam gibi.<\/p>\n<p><b>Malzeme ve Teknik: Lifin \u015eiir Hali:\u00a0<\/b>Hal\u0131n\u0131n \u00fcretiminde kullan\u0131lan Kirman ipli\u011fi, b\u00f6lge koyunlar\u0131n\u0131n en kaliteli liflerinden elde edilmi\u015ftir. Bu \u00f6zellik, hem hal\u0131n\u0131n hav yo\u011funlu\u011funu hem de renk doygunlu\u011funu \u00fcst d\u00fczeye ta\u015f\u0131r. G\u00f6rdes d\u00fc\u011f\u00fcm\u00fc ise, teknik bir se\u00e7imden \u00f6te, b\u00f6lgesel bir sadakatin g\u00f6stergesidir.<\/p>\n<p>Her bir ilmekte, dokuyan\u0131n sabr\u0131, bilgeli\u011fi ve ge\u00e7mi\u015fle kurdu\u011fu ba\u011f hissedilir. Bu yaln\u0131zca bir hal\u0131 de\u011fil, bir ya\u015fam formunun y\u00fczeye \u00e7\u0131km\u0131\u015f halidir.<\/p>\n<p><b>Koleksiyon ve De\u011fer Notu: Nadirler Aras\u0131nda Bir Ba\u015fyap\u0131t:\u00a0<\/b>Megri b\u00f6lgesi hal\u0131lar\u0131, d\u00fcnya genelinde s\u0131n\u0131rl\u0131 say\u0131da bulunur. Ancak bu \u00f6l\u00e7\u00fcde iyi korunmu\u015f, \u00f6zg\u00fcn renk yap\u0131s\u0131n\u0131 ve formunu 150 ya\u015f \u00fcst\u00fc olmas\u0131na ra\u011fmen hala ta\u015f\u0131yan \u00f6rnekleri bulmak nadirattan da \u00f6tedir. \u00c7\u00fcnk\u00fc bu hal\u0131lar, onlar\u0131n de\u011ferini anlayan, onlar\u0131 ger\u00e7ekten isteyenlerin kararlar\u0131yla ya\u015far.<\/p>\n<p>&nbsp;<\/p>\n<p>Belirtti\u011fimiz tahmini piyasa de\u011feri, yaln\u0131zca eksperlerimizin asgari uluslararas\u0131 k\u0131ymet takdiridir &#8211; bu eser, maddi oldu\u011fu kadar manevi ve k\u00fclt\u00fcrel bir de\u011ferdir.<\/p>\n","protected":false},"excerpt":{"rendered":"<p><strong>Men\u015fei:<\/strong> T\u00fcrkiye \u2013 Fethiye (Megri) <strong>D\u00f6nem:<\/strong> 19. Y\u00fczy\u0131l Ortas\u0131 (Tahmini 150+ ya\u015f\u0131nda) <strong>Dokuma:<\/strong> El dokumas\u0131 \u2013 %100 Kirman Y\u00fcn\u00fc | G\u00f6rdes (T\u00fcrk) D\u00fc\u011f\u00fcm\u00fc <strong>Kondisyon:<\/strong> Ola\u011fan\u00fcst\u00fc <strong>Form:<\/strong> \u00c7ift Mihrapl\u0131 &#8211; &#8220;\u00c7ift Kap\u0131l\u0131&#8221; \u00f6zg\u00fcn tasar\u0131m<\/p>\n","protected":false},"featured_media":8110,"comment_status":"closed","ping_status":"closed","template":"","meta":[],"product_brand":[],"product_cat":[336],"product_tag":[395,398,396,399,397,393,394],"class_list":{"0":"post-8109","1":"product","2":"type-product","3":"status-publish","4":"has-post-thumbnail","6":"product_cat-hali-ve-kilim","7":"product_tag-antika-hali","8":"product_tag-antika-hali-muzayedesi","9":"product_tag-antique-rug","10":"product_tag-antique-rug-online-auction","11":"product_tag-endemigo-auction","12":"product_tag-online-auction","13":"product_tag-online-muzayede","15":"first","16":"instock","17":"sold-individually","18":"product-type-auction"},"_links":{"self":[{"href":"https:\/\/endemigoauction.com\/en\/wp-json\/wp\/v2\/product\/8109","targetHints":{"allow":["GET"]}}],"collection":[{"href":"https:\/\/endemigoauction.com\/en\/wp-json\/wp\/v2\/product"}],"about":[{"href":"https:\/\/endemigoauction.com\/en\/wp-json\/wp\/v2\/types\/product"}],"replies":[{"embeddable":true,"href":"https:\/\/endemigoauction.com\/en\/wp-json\/wp\/v2\/comments?post=8109"}],"wp:featuredmedia":[{"embeddable":true,"href":"https:\/\/endemigoauction.com\/en\/wp-json\/wp\/v2\/media\/8110"}],"wp:attachment":[{"href":"https:\/\/endemigoauction.com\/en\/wp-json\/wp\/v2\/media?parent=8109"}],"wp:term":[{"taxonomy":"product_brand","embeddable":true,"href":"https:\/\/endemigoauction.com\/en\/wp-json\/wp\/v2\/product_brand?post=8109"},{"taxonomy":"product_cat","embeddable":true,"href":"https:\/\/endemigoauction.com\/en\/wp-json\/wp\/v2\/product_cat?post=8109"},{"taxonomy":"product_tag","embeddable":true,"href":"https:\/\/endemigoauction.com\/en\/wp-json\/wp\/v2\/product_tag?post=8109"}],"curies":[{"name":"wp","href":"https:\/\/api.w.org\/{rel}","templated":true}]}}