{"id":7851,"date":"2025-05-29T10:47:01","date_gmt":"2025-05-29T07:47:01","guid":{"rendered":"https:\/\/endemigoauction.com\/urun\/lot-1-antik-bergama-halisi-100-yas-105-x-136-cm\/"},"modified":"2025-06-01T00:21:37","modified_gmt":"2025-05-31T21:21:37","slug":"lot-1-antik-bergama-halisi-100-yas-105-x-136-cm","status":"publish","type":"product","link":"https:\/\/endemigoauction.com\/en\/urun\/lot-1-antik-bergama-halisi-100-yas-105-x-136-cm\/","title":{"rendered":"LOT.1 Antik Bergama Hal\u0131s\u0131 100+ Ya\u015f 105 x 136 cm"},"content":{"rendered":"<p><strong>Antik Bergama Hal\u0131s\u0131 100+ Ya\u015f 105 x 136 cm &#8211; \u00c7ift G\u00f6bekli Sel\u00e7uk\u00ee Geometri.<\/strong><\/p>\n<p>Bu e\u015fsiz Bergama hal\u0131s\u0131, sadece bir etnografik obje olman\u0131n \u00f6tesinde, Sel\u00e7uklu geometrisinin ve kadim T\u00fcrk tamga sisteminin modern bir yorumu olarak da de\u011ferlendirilmeli. Y\u00fczy\u0131l\u0131 a\u015fk\u0131n bir ge\u00e7mi\u015fe sahip olmas\u0131na ra\u011fmen, ilk g\u00fcnk\u00fc canl\u0131l\u0131\u011f\u0131n\u0131 koruyan bu eser, hem estetik yap\u0131s\u0131yla hem de kozmolojik referanslar ta\u015f\u0131yan deseniyle k\u00fclt\u00fcrel s\u00fcreklili\u011fin sessiz ama etkileyici bir tan\u0131\u011f\u0131d\u0131r.<\/p>\n<p><strong>Geometrik Yap\u0131:<\/strong> Merkezdeki d\u00f6rtgen i\u00e7inde simetrik olarak yerle\u015ftirilmi\u015f \u00e7ift g\u00f6bekli form, yaln\u0131zca g\u00f6rsel denge sa\u011flam\u0131yor; ayn\u0131 zamanda iki ayr\u0131 d\u00fcnya ya da iki kutbun metaforunu da bar\u0131nd\u0131r\u0131yor: yukar\u0131-a\u015fa\u011f\u0131, d\u00fcnyevi-uhrevi, eril-di\u015fil. Her g\u00f6be\u011fin etraf\u0131nda ters ve d\u00fcz \u2018S\u2019 k\u0131vr\u0131mlar\u0131yla olu\u015fturulmu\u015f a\u00e7\u0131l\u0131 zikzaklar, zaman\u0131n d\u00f6ng\u00fcselli\u011fini ve hayat\u0131n de\u011fi\u015fmez kar\u015f\u0131tl\u0131klar\u0131n\u0131 simgeliyor.<\/p>\n<p><strong>Kenar Bord\u00fcr:<\/strong> Sel\u00e7uklu Kufi Esteti\u011finin Tamga Formu. Hal\u0131 kenar\u0131ndaki bord\u00fcr deseni, ilk bak\u0131\u015fta sadece bir s\u00fcsleme gibi g\u00f6r\u00fcnse de, dikkatli bir g\u00f6z i\u00e7in Sel\u00e7uklu kufi yaz\u0131s\u0131n\u0131n proto-tamga (i\u015faret) diline evrildi\u011fi bir motif serisi oldu\u011fu hemen anla\u015f\u0131l\u0131r. Bu k\u00f6\u015feli, ritmik tekrar eden \u015feritler ve i\u00e7 i\u00e7e ge\u00e7mi\u015f ad\u0131m desenleri, T\u00fcrk hal\u0131 sanat\u0131nda nadir rastlanan bir morfolojik yaz\u0131 kal\u0131nt\u0131s\u0131d\u0131r. Bu motifin \u00f6zellikle 13. y\u00fczy\u0131l Anadolu Sel\u00e7uklu \u00e7inilerinde ve ta\u015f i\u015f\u00e7ili\u011finde g\u00f6rd\u00fc\u011f\u00fcm\u00fcz kitabe \u00e7izgiselli\u011fiyle benzerlik kurmas\u0131, hal\u0131n\u0131n yaln\u0131zca i\u015flevsel de\u011fil, ayn\u0131 zamanda anlat\u0131 ta\u015f\u0131yan bir y\u00fczey oldu\u011funu g\u00f6sterir.<\/p>\n<p><strong>Renk Paleti:<\/strong> Bu hal\u0131n\u0131n renkleri do\u011fadan ilham alm\u0131\u015f ve zamanla bir \u015fiire d\u00f6n\u00fc\u015fm\u00fc\u015ft\u00fcr.<\/p>\n<p><strong>Ana Zemin:<\/strong> Derin, doygun bir bordo-kestane tonu. Bu renk, hem topra\u011f\u0131 hem de soy ba\u011f\u0131n\u0131 simgeler.<\/p>\n<p><strong>G\u00f6bek \u0130\u00e7i Desenler<\/strong>: Yo\u011fun lacivert ve mavi ge\u00e7i\u015fleri, g\u00f6ky\u00fcz\u00fcyle ruhsal bir ba\u011flant\u0131y\u0131 anlat\u0131r. A\u00e7\u0131k ye\u015fil ve zeytin tonlar\u0131, \u00e7evresel bord\u00fcrde denge unsuru olarak yer al\u0131r; do\u011fayla uyumu vurgular. Fildi\u015fi ve kemik beyaz\u0131, motifleri ay\u0131ran ve t\u00fcm renkleri ta\u015f\u0131yan bir zemin olarak kullan\u0131lm\u0131\u015ft\u0131r. Bu renk, \u0131\u015f\u0131\u011f\u0131n ve bilgeli\u011fin ifadesidir. Tar\u00e7\u0131n, kahve ve yan\u0131k hardal tonlar\u0131, ge\u00e7mi\u015fin izlerini ve hal\u0131n\u0131n ya\u015f\u0131n\u0131 onurland\u0131r\u0131r.Her renk, sadece estetik de\u011fil, ayn\u0131 zamanda sembolik bir kod ta\u015f\u0131y\u0131c\u0131s\u0131d\u0131r. Bu ba\u011flamda hal\u0131, renklerin sessizce konu\u015ftu\u011fu ve motiflerin tarihsel haf\u0131zayla \u00f6r\u00fcld\u00fc\u011f\u00fc bir k\u00fclt\u00fcr metni olarak de\u011ferlendirilebilir.<\/p>\n<p><strong>Teknik ve Doku:<\/strong> %100 Kirman y\u00fcn\u00fcnden dokunan bu hal\u0131, hem yumu\u015fak hem de dayan\u0131kl\u0131 bir dokuya sahiptir. D\u00fc\u011f\u00fcmleme, \u00e7ift d\u00fc\u011f\u00fcm olarak bilinen G\u00f6rdes tipiyle yap\u0131lm\u0131\u015ft\u0131r; bu da hal\u0131n\u0131n formunu ve desen netli\u011fini y\u00fczy\u0131llar boyunca korumas\u0131n\u0131 sa\u011flar. Hal\u0131n\u0131n sa\u011flaml\u0131\u011f\u0131 kadar, desenlerin netli\u011fi de usta bir dokumac\u0131n\u0131n elinden \u00e7\u0131kt\u0131\u011f\u0131n\u0131 g\u00f6sterir. Bu hal\u0131, bir sanat objesi olman\u0131n \u00f6tesinde, zaman\u0131n kendisini dokunmu\u015f bir y\u00fczeye d\u00f6n\u00fc\u015ft\u00fcrm\u00fc\u015ft\u00fcr. Koleksiyonerler i\u00e7in sadece bir dekoratif par\u00e7a de\u011fil, ayn\u0131 zamanda k\u00fclt\u00fcrel s\u00fcreklili\u011fin simgesel bir ta\u015f\u0131y\u0131c\u0131s\u0131d\u0131r. Her d\u00fc\u011f\u00fcm\u00fcnde bir haf\u0131za, her motifinde bir alfabe gizlidir. Bu nadir \u00f6rnek, Anadolu hal\u0131c\u0131l\u0131\u011f\u0131n\u0131n entelekt\u00fcel ve ruhsal derinli\u011fini yans\u0131tan, tam anlam\u0131yla bir k\u00fclt\u00fcr ar\u015fividir.<\/p>\n","protected":false},"excerpt":{"rendered":"<p><strong>Men\u015fei:<\/strong> T\u00fcrkiye \u2013 Kuzeybat\u0131 Anadolu \/ \u00c7anakkale-Bergama <strong>D\u00f6nem:<\/strong> 20. Y\u00fczy\u0131l Ba\u015f\u0131 (Tahmini 100+ ya\u015f\u0131nda) <strong>Dokuma:<\/strong> El dokumas\u0131 \u2013 %100 Kirman Y\u00fcn\u00fc | G\u00f6rdes D\u00fc\u011f\u00fcm\u00fc <strong>Renkler:<\/strong> Tamamen do\u011fal k\u00f6k ve bitki boyalar\u0131yla renklendirilmi\u015f <strong>Kondisyon:<\/strong> Ola\u011fan\u00fcst\u00fc<\/p>\n","protected":false},"featured_media":7852,"comment_status":"closed","ping_status":"closed","template":"","meta":[],"product_brand":[],"product_cat":[336],"product_tag":[395,398,396,399,397,393,394],"class_list":{"0":"post-7851","1":"product","2":"type-product","3":"status-publish","4":"has-post-thumbnail","6":"product_cat-hali-ve-kilim","7":"product_tag-antika-hali","8":"product_tag-antika-hali-muzayedesi","9":"product_tag-antique-rug","10":"product_tag-antique-rug-online-auction","11":"product_tag-endemigo-auction","12":"product_tag-online-auction","13":"product_tag-online-muzayede","15":"first","16":"instock","17":"sold-individually","18":"product-type-auction"},"_links":{"self":[{"href":"https:\/\/endemigoauction.com\/en\/wp-json\/wp\/v2\/product\/7851","targetHints":{"allow":["GET"]}}],"collection":[{"href":"https:\/\/endemigoauction.com\/en\/wp-json\/wp\/v2\/product"}],"about":[{"href":"https:\/\/endemigoauction.com\/en\/wp-json\/wp\/v2\/types\/product"}],"replies":[{"embeddable":true,"href":"https:\/\/endemigoauction.com\/en\/wp-json\/wp\/v2\/comments?post=7851"}],"wp:featuredmedia":[{"embeddable":true,"href":"https:\/\/endemigoauction.com\/en\/wp-json\/wp\/v2\/media\/7852"}],"wp:attachment":[{"href":"https:\/\/endemigoauction.com\/en\/wp-json\/wp\/v2\/media?parent=7851"}],"wp:term":[{"taxonomy":"product_brand","embeddable":true,"href":"https:\/\/endemigoauction.com\/en\/wp-json\/wp\/v2\/product_brand?post=7851"},{"taxonomy":"product_cat","embeddable":true,"href":"https:\/\/endemigoauction.com\/en\/wp-json\/wp\/v2\/product_cat?post=7851"},{"taxonomy":"product_tag","embeddable":true,"href":"https:\/\/endemigoauction.com\/en\/wp-json\/wp\/v2\/product_tag?post=7851"}],"curies":[{"name":"wp","href":"https:\/\/api.w.org\/{rel}","templated":true}]}}