{"id":7848,"date":"2025-05-29T10:47:01","date_gmt":"2025-05-29T07:47:01","guid":{"rendered":"https:\/\/endemigoauction.com\/urun\/lot-2-antik-kiz-bergama-halisi-100-yas-100-x-132-cm\/"},"modified":"2025-06-01T00:20:25","modified_gmt":"2025-05-31T21:20:25","slug":"lot-2-antik-kiz-bergama-halisi-100-yas-100-x-132-cm","status":"publish","type":"product","link":"https:\/\/endemigoauction.com\/en\/urun\/lot-2-antik-kiz-bergama-halisi-100-yas-100-x-132-cm\/","title":{"rendered":"LOT.2 Antik K\u0131z Bergama Hal\u0131s\u0131 100+ Ya\u015f 100 x 132 cm"},"content":{"rendered":"<p><strong>Antik Filikli K\u0131z Bergama Hal\u0131s\u0131 100+ Ya\u015f 100 x 132 cm.<\/strong><\/p>\n<p>Bu eser, sadece bir hal\u0131 de\u011fil; ayn\u0131 zamanda ya\u015fanm\u0131\u015f bir g\u00f6\u00e7\u00fcn, par\u00e7alanm\u0131\u015f bir a\u015firetin ve derin bir sevdan\u0131n dokumal\u0131 hat\u0131ras\u0131d\u0131r. 19. y\u00fczy\u0131l\u0131n ba\u015flar\u0131nda, Yunt Da\u011f\u0131&#8217;n\u0131n yaylalar\u0131ndan Bergama ve Dikili ovalar\u0131na do\u011fru s\u00fcz\u00fclen Ya\u011fc\u0131bedir A\u015fireti\u2019nin kuzey kolu, g\u00f6\u00e7 yollar\u0131nda yaln\u0131zca co\u011frafyay\u0131 de\u011fil, k\u00fclt\u00fcr\u00fc de de\u011fi\u015ftirmi\u015ftir. Bu d\u00f6n\u00fc\u015f\u00fcm, geleneksel hal\u0131 dokuma diline \u00f6zg\u00fcn bir yorum katm\u0131\u015f; K\u0131z Bergama Hal\u0131lar\u0131, bu k\u00fclt\u00fcrel k\u0131r\u0131lman\u0131n ve yeniden birle\u015fmenin simgesi haline gelmi\u015ftir.<\/p>\n<p>Hal\u0131n\u0131n \u00e7ift mihrapl\u0131 yap\u0131s\u0131, sadece estetik bir form de\u011fil; ayn\u0131 zamanda anlam y\u00fckl\u00fc bir anlat\u0131d\u0131r. Mihrab\u0131n tekil kutsall\u0131\u011f\u0131 burada \u00e7o\u011fulla\u015f\u0131r; \u00e7\u00fcnk\u00fc bu hal\u0131lar birli\u011fin, ba\u011fl\u0131l\u0131\u011f\u0131n ve iki y\u00fcre\u011fin iki ayr\u0131 bedende ama ayn\u0131 niyette att\u0131\u011f\u0131n\u0131n sessiz tan\u0131\u011f\u0131d\u0131r. Sadakat, aidiyet ve sevgide s\u00fcreklilik, bu \u00e7ift mihrapl\u0131 yap\u0131n\u0131n ikonografisinde gizlidir. Hal\u0131, iki y\u00f6nl\u00fc bir y\u00f6nelimi ima eder: Biri Tanr\u0131\u2019ya, di\u011feri sevgiliye.<\/p>\n<p>Filik dokumalar\u0131, bu \u00f6zel \u00f6rnekte yaln\u0131zca s\u00fcsleme de\u011fil, ayn\u0131 zamanda metinsel bir dilin devam\u0131d\u0131r. \u201cFilikli\u201d terimi, bu hal\u0131lar\u0131n sa\u00e7aklar\u0131n\u0131n daha kal\u0131n, katmanl\u0131 ve dikkat \u00e7ekici bir tarzda bitirilmesini ifade eder. Bu biti\u015f bi\u00e7imi, a\u015fk\u0131n ya da \u00f6zlemin &#8220;yar\u0131m b\u0131rak\u0131lmam\u0131\u015f&#8221; halidir. Hal\u0131n\u0131n en u\u00e7 noktalar\u0131nda bile \u00f6zene dair bir i\u015f\u00e7ilik izlenir. K\u00f6k boya ile elde edilen derin mavi, bordo ve lacivert tonlar\u0131, bu a\u015fk\u0131n ve sadakatin &#8220;karanl\u0131kta bile yanmay\u0131 s\u00fcrd\u00fcren&#8221; \u00f6z\u00fcn\u00fc yans\u0131t\u0131r. Bu renkler, hal\u0131ya zamans\u0131z bir derinlik kazand\u0131r\u0131rken, ayn\u0131 zamanda K\u0131z Bergama dokumalar\u0131n\u0131n d\u00fcnya \u00e7ap\u0131nda tan\u0131nmas\u0131na katk\u0131da bulunan o mistik, i\u00e7e d\u00f6n\u00fck atmosferi de yarat\u0131r. Bu atmosferde ne\u015fe de\u011fil, bir duru\u015f; ihti\u015fam de\u011fil, sadelik \u00f6n plandad\u0131r. Ancak bu sadelik, bir g\u00f6rkemin i\u00e7inde gizlidir. Dokumada kullan\u0131lan G\u00f6rdes d\u00fc\u011f\u00fcm\u00fc, Anadolu&#8217;nun kadim tekniklerinden biri olarak, d\u00fc\u011f\u00fcm ba\u015f\u0131na d\u00fc\u015fen simetri ve dayan\u0131kl\u0131l\u0131\u011f\u0131yla bu hal\u0131ya adeta \u201cebediyet m\u00fch\u00fcr\u00fc\u201d vurmu\u015ftur.<\/p>\n<p>Kirman y\u00fcn\u00fc, sadece fiziksel de\u011fil, anlam katman\u0131nda da zenginlik sunar; \u00e7\u00fcnk\u00fc bu y\u00fcn, g\u00f6\u00e7er ya\u015fam\u0131n i\u00e7inde kendi koyunundan k\u0131rk\u0131lm\u0131\u015f, kendi k\u00f6k boyas\u0131yla renklendirilmi\u015f, kendi a\u015fk\u0131n\u0131 dokuyan kad\u0131n\u0131n elinden \u00e7\u0131km\u0131\u015ft\u0131r.Bug\u00fcn bu hal\u0131y\u0131 izlemek, yaln\u0131zca bir zanaat miras\u0131na tan\u0131kl\u0131k etmek de\u011fil; bir k\u00fclt\u00fcr\u00fcn i\u00e7sel \u00e7at\u0131\u015fmas\u0131n\u0131, \u00f6zlemini, sadakatini ve b\u00fct\u00fcnle\u015fme arzusunu anlamaya \u00e7al\u0131\u015fmakt\u0131r. K\u0131z Bergama Hal\u0131s\u0131, yerel olan\u0131n evrensel dile nas\u0131l \u00e7evrilebilece\u011finin ya\u015fayan kan\u0131t\u0131d\u0131r.<\/p>\n","protected":false},"excerpt":{"rendered":"<p><strong>Men\u015fei:<\/strong> T\u00fcrkiye \/ Dikili, Bergama <strong>D\u00f6nem:<\/strong> 20. Y\u00fczy\u0131l Ba\u015f\u0131 | Tahmini 100+ Ya\u015f\u0131nda <strong>Teknik:<\/strong> El Dokumas\u0131 \u2013 %100 Kirman Y\u00fcn\u00fc, K\u00f6k Boyal\u0131, G\u00f6rdes D\u00fc\u011f\u00fcm\u00fc <strong>Kondisyon:<\/strong> Ola\u011fan\u00fcst\u00fc (Filikleriyle birlikte tam orijinal)<\/p>\n","protected":false},"featured_media":7849,"comment_status":"closed","ping_status":"closed","template":"","meta":[],"product_brand":[],"product_cat":[336],"product_tag":[395,398,396,399,397,393,394],"class_list":{"0":"post-7848","1":"product","2":"type-product","3":"status-publish","4":"has-post-thumbnail","6":"product_cat-hali-ve-kilim","7":"product_tag-antika-hali","8":"product_tag-antika-hali-muzayedesi","9":"product_tag-antique-rug","10":"product_tag-antique-rug-online-auction","11":"product_tag-endemigo-auction","12":"product_tag-online-auction","13":"product_tag-online-muzayede","15":"first","16":"instock","17":"sold-individually","18":"product-type-auction"},"_links":{"self":[{"href":"https:\/\/endemigoauction.com\/en\/wp-json\/wp\/v2\/product\/7848","targetHints":{"allow":["GET"]}}],"collection":[{"href":"https:\/\/endemigoauction.com\/en\/wp-json\/wp\/v2\/product"}],"about":[{"href":"https:\/\/endemigoauction.com\/en\/wp-json\/wp\/v2\/types\/product"}],"replies":[{"embeddable":true,"href":"https:\/\/endemigoauction.com\/en\/wp-json\/wp\/v2\/comments?post=7848"}],"wp:featuredmedia":[{"embeddable":true,"href":"https:\/\/endemigoauction.com\/en\/wp-json\/wp\/v2\/media\/7849"}],"wp:attachment":[{"href":"https:\/\/endemigoauction.com\/en\/wp-json\/wp\/v2\/media?parent=7848"}],"wp:term":[{"taxonomy":"product_brand","embeddable":true,"href":"https:\/\/endemigoauction.com\/en\/wp-json\/wp\/v2\/product_brand?post=7848"},{"taxonomy":"product_cat","embeddable":true,"href":"https:\/\/endemigoauction.com\/en\/wp-json\/wp\/v2\/product_cat?post=7848"},{"taxonomy":"product_tag","embeddable":true,"href":"https:\/\/endemigoauction.com\/en\/wp-json\/wp\/v2\/product_tag?post=7848"}],"curies":[{"name":"wp","href":"https:\/\/api.w.org\/{rel}","templated":true}]}}