{"id":7845,"date":"2025-05-29T10:47:01","date_gmt":"2025-05-29T07:47:01","guid":{"rendered":"https:\/\/endemigoauction.com\/urun\/lot-3-antik-afyon-dazkiri-halisi-100-yas-165-x-336-cm\/"},"modified":"2025-06-01T00:23:16","modified_gmt":"2025-05-31T21:23:16","slug":"lot-3-antik-afyon-dazkiri-halisi-100-yas-165-x-336-cm","status":"publish","type":"product","link":"https:\/\/endemigoauction.com\/en\/urun\/lot-3-antik-afyon-dazkiri-halisi-100-yas-165-x-336-cm\/","title":{"rendered":"LOT.3 Antik Afyon Dazk\u0131r\u0131 Hal\u0131s\u0131 100+ Ya\u015f 165 x 336 cm"},"content":{"rendered":"<p><strong>Antik Afyon Dazk\u0131r\u0131 Hal\u0131s\u0131 100+ Ya\u015f 165 x 336 cm<\/strong><\/p>\n<p>Antik T\u00fcrk Afyon Dazk\u0131r\u0131 Hal\u0131s\u0131, 165 x 336 cm \u00f6l\u00e7\u00fclerinde. G\u00fcn\u00fcm\u00fczde 16 k\u00f6yden olu\u015fan Dazk\u0131r\u0131 il\u00e7esinin kapsad\u0131\u011f\u0131 b\u00f6lgede y\u00f6r\u00fckler taraf\u0131ndan dokunmu\u015f, otantik bir sanat eseri. 100 ya\u015f\u0131n\u0131n \u00fcst\u00fcnde olmas\u0131yla birlikte kullan\u0131lan do\u011fal boyalar\u0131 ve kondisyonuyla g\u00f6z dolduruyor.<\/p>\n<p>D\u00fcnya da y\u00f6resel ve tasar\u0131m \u00f6zellikleri ile en \u00e7ok talep edilen koleksiyonluk T\u00fcrk hal\u0131lar\u0131ndan olan Dazk\u0131r\u0131 Hal\u0131s\u0131 ya\u015f\u0131na g\u00f6re ola\u011fan\u00fcst\u00fc kondisyonu ile kar\u015f\u0131n\u0131zda. K\u00f6k k\u0131rm\u0131z\u0131n\u0131n Scarlet tonlar\u0131na yak\u0131n de\u011ferlere kullan\u0131lan tarz\u0131, soyu t\u00fckenen da\u011fl\u0131k koyunun \u00fcst d\u00fczey y\u00fcnleri ile yap\u0131lan Kirman ipinin olu\u015fturdu\u011fu muhte\u015fem dokusu, pastel tonlarda kullan\u0131lan farkl\u0131 renkleri, ve ya\u015f\u0131n\u0131 g\u00f6steren koyu renklerin yava\u015f\u00e7a \u00e7\u00f6k\u00fc\u015f\u00fc t\u00fcm antika ve koleksiyonluk de\u011ferine de\u011fer katan \u00f6zellikleri.<\/p>\n","protected":false},"excerpt":{"rendered":"<p><strong>Men\u015fei:<\/strong> T\u00fcrkiye \/ Afyon <strong>Kondisyon:<\/strong> Ola\u011fan\u00fcst\u00fc <strong>Dokuma Materyali ve Teknik:<\/strong> Y\u00fcne Y\u00fcn %100 Kirman ipi, G\u00f6rdes d\u00fc\u011f\u00fcm\u00fc <strong>D\u00f6nem-Ya\u015f:<\/strong> 20. Y\u00fczy\u0131l ba\u015f\u0131 &#8211; 100+ ya\u015f<\/p>\n","protected":false},"featured_media":7846,"comment_status":"closed","ping_status":"closed","template":"","meta":[],"product_brand":[],"product_cat":[336],"product_tag":[395,398,396,399,397,393,394],"class_list":{"0":"post-7845","1":"product","2":"type-product","3":"status-publish","4":"has-post-thumbnail","6":"product_cat-hali-ve-kilim","7":"product_tag-antika-hali","8":"product_tag-antika-hali-muzayedesi","9":"product_tag-antique-rug","10":"product_tag-antique-rug-online-auction","11":"product_tag-endemigo-auction","12":"product_tag-online-auction","13":"product_tag-online-muzayede","15":"first","16":"instock","17":"sold-individually","18":"product-type-auction"},"_links":{"self":[{"href":"https:\/\/endemigoauction.com\/en\/wp-json\/wp\/v2\/product\/7845","targetHints":{"allow":["GET"]}}],"collection":[{"href":"https:\/\/endemigoauction.com\/en\/wp-json\/wp\/v2\/product"}],"about":[{"href":"https:\/\/endemigoauction.com\/en\/wp-json\/wp\/v2\/types\/product"}],"replies":[{"embeddable":true,"href":"https:\/\/endemigoauction.com\/en\/wp-json\/wp\/v2\/comments?post=7845"}],"wp:featuredmedia":[{"embeddable":true,"href":"https:\/\/endemigoauction.com\/en\/wp-json\/wp\/v2\/media\/7846"}],"wp:attachment":[{"href":"https:\/\/endemigoauction.com\/en\/wp-json\/wp\/v2\/media?parent=7845"}],"wp:term":[{"taxonomy":"product_brand","embeddable":true,"href":"https:\/\/endemigoauction.com\/en\/wp-json\/wp\/v2\/product_brand?post=7845"},{"taxonomy":"product_cat","embeddable":true,"href":"https:\/\/endemigoauction.com\/en\/wp-json\/wp\/v2\/product_cat?post=7845"},{"taxonomy":"product_tag","embeddable":true,"href":"https:\/\/endemigoauction.com\/en\/wp-json\/wp\/v2\/product_tag?post=7845"}],"curies":[{"name":"wp","href":"https:\/\/api.w.org\/{rel}","templated":true}]}}