{"id":7842,"date":"2025-05-29T10:47:01","date_gmt":"2025-05-29T07:47:01","guid":{"rendered":"https:\/\/endemigoauction.com\/urun\/lot-4-antik-sivas-ipek-hali-130-yas-120-x-160-cm\/"},"modified":"2025-06-01T00:24:16","modified_gmt":"2025-05-31T21:24:16","slug":"lot-4-antik-sivas-ipek-hali-130-yas-120-x-160-cm","status":"publish","type":"product","link":"https:\/\/endemigoauction.com\/en\/urun\/lot-4-antik-sivas-ipek-hali-130-yas-120-x-160-cm\/","title":{"rendered":"LOT.4 Antik Sivas \u0130pek Hal\u0131 130+ Ya\u015f 120 x 160 cm"},"content":{"rendered":"<p><strong>Antik Sivas \u0130pek Hal\u0131 130+ Ya\u015f 120 x 160 cm<\/strong><\/p>\n<p>Anadolu&#8217;nun her yerinde \u00fcst d\u00fczey hal\u0131lar dokunmu\u015ftur. Ancak Sivas ve \u00e7evresi diyince, kulland\u0131klar\u0131 materyaller, boya kalitesi, dokuma uzmanl\u0131\u011f\u0131 bir anda \u00f6ne \u00e7\u0131kar. Bu g\u00f6rm\u00fc\u015f oldu\u011funuz hal\u0131 19. y\u00fczy\u0131l sonlar\u0131na tarihlenmi\u015f olmas\u0131na ra\u011fmen kondisyonunu ola\u011fan\u00fcst\u00fc olarak korumu\u015f nitelikli bir sanat eseri. Sivas&#8217;\u0131n hemen her y\u00f6resi, k\u00f6y\u00fc, kasabas\u0131, merkezi bir hal\u0131 dokuma at\u00f6lyesi gibi \u00e7al\u0131\u015fm\u0131\u015ft\u0131r.<\/p>\n<p>E\u011fer bir koleksiyonerseniz ya da hal\u0131 kilime merakl\u0131ysan\u0131z muhakkak bir Sivas hal\u0131s\u0131 edinmeniz gerekir. \u0130\u015fte o hal\u0131lardan size bir alternatif. Be\u011fendiyseniz hi\u00e7 d\u00fc\u015f\u00fcnmeden pey y\u00fckseltmeye kat\u0131labilirsiniz.<\/p>\n","protected":false},"excerpt":{"rendered":"<p><strong>Men\u015fei:<\/strong> T\u00fcrkiye \/ Sivas <strong>Kondisyon:<\/strong> Ola\u011fan\u00fcst\u00fc <strong>Dokuma Materyali ve Teknik:<\/strong> Pamu\u011fa \u0130pek G\u00f6rdes d\u00fc\u011f\u00fcm\u00fc <strong>D\u00f6nem-Ya\u015f:<\/strong> 19. Y\u00fczy\u0131l son \u00e7eyrek &#8211; 130+ ya\u015f<\/p>\n","protected":false},"featured_media":7843,"comment_status":"closed","ping_status":"closed","template":"","meta":[],"product_brand":[],"product_cat":[336],"product_tag":[395,398,396,399,397,393,394],"class_list":{"0":"post-7842","1":"product","2":"type-product","3":"status-publish","4":"has-post-thumbnail","6":"product_cat-hali-ve-kilim","7":"product_tag-antika-hali","8":"product_tag-antika-hali-muzayedesi","9":"product_tag-antique-rug","10":"product_tag-antique-rug-online-auction","11":"product_tag-endemigo-auction","12":"product_tag-online-auction","13":"product_tag-online-muzayede","15":"first","16":"instock","17":"sold-individually","18":"product-type-auction"},"_links":{"self":[{"href":"https:\/\/endemigoauction.com\/en\/wp-json\/wp\/v2\/product\/7842","targetHints":{"allow":["GET"]}}],"collection":[{"href":"https:\/\/endemigoauction.com\/en\/wp-json\/wp\/v2\/product"}],"about":[{"href":"https:\/\/endemigoauction.com\/en\/wp-json\/wp\/v2\/types\/product"}],"replies":[{"embeddable":true,"href":"https:\/\/endemigoauction.com\/en\/wp-json\/wp\/v2\/comments?post=7842"}],"wp:featuredmedia":[{"embeddable":true,"href":"https:\/\/endemigoauction.com\/en\/wp-json\/wp\/v2\/media\/7843"}],"wp:attachment":[{"href":"https:\/\/endemigoauction.com\/en\/wp-json\/wp\/v2\/media?parent=7842"}],"wp:term":[{"taxonomy":"product_brand","embeddable":true,"href":"https:\/\/endemigoauction.com\/en\/wp-json\/wp\/v2\/product_brand?post=7842"},{"taxonomy":"product_cat","embeddable":true,"href":"https:\/\/endemigoauction.com\/en\/wp-json\/wp\/v2\/product_cat?post=7842"},{"taxonomy":"product_tag","embeddable":true,"href":"https:\/\/endemigoauction.com\/en\/wp-json\/wp\/v2\/product_tag?post=7842"}],"curies":[{"name":"wp","href":"https:\/\/api.w.org\/{rel}","templated":true}]}}