{"id":7839,"date":"2025-05-29T10:46:41","date_gmt":"2025-05-29T07:46:41","guid":{"rendered":"https:\/\/endemigoauction.com\/urun\/lot-5-antik-gordes-mihrapli-hali-120-yas-124-x-145-cm\/"},"modified":"2025-06-01T15:38:21","modified_gmt":"2025-06-01T12:38:21","slug":"lot-5-antik-gordes-mihrapli-hali-120-yas-124-x-145-cm","status":"publish","type":"product","link":"https:\/\/endemigoauction.com\/en\/urun\/lot-5-antik-gordes-mihrapli-hali-120-yas-124-x-145-cm\/","title":{"rendered":"LOT.5 Antik G\u00f6rdes Mihrapl\u0131 Hal\u0131 120+ Ya\u015f 124 x 145 cm"},"content":{"rendered":"<p><strong>Antik G\u00f6rdes Mihrapl\u0131 Hal\u0131 120+ Ya\u015f 124 x 145 cm<\/strong><\/p>\n<p>Antik G\u00f6rdes Mihrapl\u0131 Hal\u0131, Bat\u0131 Anadolu&#8217;nun t\u00fcm d\u00fcnyada en \u00e7ok aranan ve tan\u0131nan y\u00f6resi G\u00f6rdes&#8217;tir. Sebebine gelince hem hal\u0131lar\u0131n dokumalar\u0131n\u0131n \u00fcst d\u00fczey i\u015f\u00e7ili\u011fi hem de ticaret, sava\u015f ya da kom\u015fuluk ili\u015fkilerinin en yo\u011fun oldu\u011fu noktalardan birisidir G\u00f6rdes. T\u00fcrklerin bat\u0131ya yeteneklerini ve sanat\u0131n\u0131 sergiledi\u011fi \u00f6nemli noktalardan biridir.<\/p>\n<p>Hal\u0131 \u00fcretiminde uzamanl\u0131klar\u0131 o kadar \u00fcst d\u00fczeye ula\u015fm\u0131\u015ft\u0131r ki G\u00f6rdes ve \u00e7evresinin, G\u00f6rdes hal\u0131lar\u0131 Avrupa&#8217;ya ula\u015fana kadar fiyatlar\u0131 en az 5-10 kat artmaktayd\u0131. Belki de Avrupal\u0131 bir\u00e7ok t\u00fcccar\u0131n bu fiyat fark\u0131n\u0131 azaltmak i\u00e7in T\u00fcrkiye&#8217;ye \u00fcretim merkezleri kurdu\u011funu bile s\u00f6yleyebiliriz. \u0130\u015fte kar\u015f\u0131n\u0131zdaki G\u00f6rdes hal\u0131s\u0131 bu istek ve arzuya en \u00e7ok sebep olacak kaliteyi yans\u0131t\u0131yor size.<\/p>\n<p>Bord\u00fcr\u00fcndeki ola\u011fan\u00fcst\u00fc ayr\u0131nt\u0131l\u0131 i\u015flemeler, orta g\u00f6bekteki sadeli\u011fin sonsuzluk duygusu yaratmas\u0131na destek veriyor. Renk s\u0131kalas\u0131nda kullan\u0131lan naif kontrast ve \u00e7ift renk hal\u0131y\u0131 izlemeye motive eden bir dinginli\u011fe sizi \u00e7a\u011f\u0131r\u0131yor. Boyutlar\u0131 ile kareye yak\u0131n bir dikd\u00f6rtgene sahip bu sanat eseri son sahibini sab\u0131rs\u0131zl\u0131kla bekliyor.<\/p>\n","protected":false},"excerpt":{"rendered":"<p><strong>Men\u015fei:<\/strong> T\u00fcrkiye \/ G\u00f6rdes <strong>Kondisyon:<\/strong> Ola\u011fan\u00fcst\u00fc <strong>Dokuma Materyali ve Teknik:<\/strong> Y\u00fcne Pamuk %100 Kirman ipi, G\u00f6rdes d\u00fc\u011f\u00fcm\u00fc <strong>D\u00f6nem-Ya\u015f:<\/strong> 20. Y\u00fczy\u0131l ba\u015f\u0131- 120+ ya\u015f<\/p>\n","protected":false},"featured_media":7840,"comment_status":"closed","ping_status":"closed","template":"","meta":[],"product_brand":[],"product_cat":[336],"product_tag":[395,398,396,399,397,393,394],"class_list":{"0":"post-7839","1":"product","2":"type-product","3":"status-publish","4":"has-post-thumbnail","6":"product_cat-hali-ve-kilim","7":"product_tag-antika-hali","8":"product_tag-antika-hali-muzayedesi","9":"product_tag-antique-rug","10":"product_tag-antique-rug-online-auction","11":"product_tag-endemigo-auction","12":"product_tag-online-auction","13":"product_tag-online-muzayede","15":"first","16":"instock","17":"sold-individually","18":"product-type-auction"},"_links":{"self":[{"href":"https:\/\/endemigoauction.com\/en\/wp-json\/wp\/v2\/product\/7839","targetHints":{"allow":["GET"]}}],"collection":[{"href":"https:\/\/endemigoauction.com\/en\/wp-json\/wp\/v2\/product"}],"about":[{"href":"https:\/\/endemigoauction.com\/en\/wp-json\/wp\/v2\/types\/product"}],"replies":[{"embeddable":true,"href":"https:\/\/endemigoauction.com\/en\/wp-json\/wp\/v2\/comments?post=7839"}],"wp:featuredmedia":[{"embeddable":true,"href":"https:\/\/endemigoauction.com\/en\/wp-json\/wp\/v2\/media\/7840"}],"wp:attachment":[{"href":"https:\/\/endemigoauction.com\/en\/wp-json\/wp\/v2\/media?parent=7839"}],"wp:term":[{"taxonomy":"product_brand","embeddable":true,"href":"https:\/\/endemigoauction.com\/en\/wp-json\/wp\/v2\/product_brand?post=7839"},{"taxonomy":"product_cat","embeddable":true,"href":"https:\/\/endemigoauction.com\/en\/wp-json\/wp\/v2\/product_cat?post=7839"},{"taxonomy":"product_tag","embeddable":true,"href":"https:\/\/endemigoauction.com\/en\/wp-json\/wp\/v2\/product_tag?post=7839"}],"curies":[{"name":"wp","href":"https:\/\/api.w.org\/{rel}","templated":true}]}}