{"id":7836,"date":"2025-05-29T10:46:41","date_gmt":"2025-05-29T07:46:41","guid":{"rendered":"https:\/\/endemigoauction.com\/urun\/lot-6-antik-mucur-halisi-19-yuzyil-120-x-190-cm\/"},"modified":"2025-06-01T15:37:42","modified_gmt":"2025-06-01T12:37:42","slug":"lot-6-antik-mucur-halisi-19-yuzyil-120-x-190-cm","status":"publish","type":"product","link":"https:\/\/endemigoauction.com\/en\/urun\/lot-6-antik-mucur-halisi-19-yuzyil-120-x-190-cm\/","title":{"rendered":"LOT.6 Antik Mucur Hal\u0131s\u0131 19. Y\u00fczy\u0131l 120 x 190 cm"},"content":{"rendered":"<p><strong>Antik Mucur Hal\u0131s\u0131 19. Y\u00fczy\u0131l 120 x 190 cm.<\/strong><\/p>\n<p>Antik Mucur Ye\u015fil Mihrapl\u0131 Hal\u0131, Bu m\u00fczayede katalo\u011fumuzda sizler i\u00e7in Anadolu&#8217;nun en \u00fcnl\u00fc hal\u0131lar\u0131 ile bulu\u015faca\u011f\u0131n\u0131z\u0131n kan\u0131t\u0131 san\u0131r\u0131z bu Mucur Hal\u0131s\u0131. Mucur Hal\u0131lar\u0131na d\u00fcnya da olan ilginin artmas\u0131n\u0131n en b\u00fcy\u00fck sebeplerinden biri dokuma ve i\u015f\u00e7ilik kalitesinin kendine m\u00fcnhas\u0131r bir yap\u0131s\u0131 olmas\u0131. Bu hal\u0131da bu durum hal\u0131n\u0131n b\u00fct\u00fcn\u00fcndeki tasar\u0131ma olduk\u00e7a fazla yans\u0131yor.<\/p>\n<p>Nadir mihrap renklerinden birine sahip Mucur hal\u0131s\u0131, renk sa\u011flaml\u0131\u011f\u0131 ve tasar\u0131m uyumuyla \u00f6ne \u00e7\u0131k\u0131yor. E\u011fer ilk bak\u0131\u015fta i\u015fte bir Mucur Hal\u0131s\u0131 demek istiyorsan\u0131z bu hal\u0131 \u00e7ok nadir bir sanat eseri olmas\u0131na ra\u011fmen Mucur Hal\u0131s\u0131 \u00f6zelliklerini sonuna kadar bar\u0131nd\u0131r\u0131yor. Ya\u015f\u0131na g\u00f6re ola\u011fan\u00fcst\u00fc kondisyonda muhte\u015fem bir bir sanat eseri kar\u015f\u0131n\u0131zda. Tamamen el i\u015f\u00e7ili\u011finin ve kirman ipinin sanata d\u00f6n\u00fc\u015ft\u00fc\u011f\u00fcn\u00fc hissedeceksiniz.<\/p>\n","protected":false},"excerpt":{"rendered":"<p><strong>Men\u015fei:<\/strong> T\u00fcrkiye &#8211; K\u0131r\u015fehir, Mucur <strong>Kondisyon:<\/strong> Ola\u011fan\u00fcst\u00fc <strong>Dokuma Materyali ve Teknik:<\/strong> Y\u00fcne Y\u00fcn %100 Kirman ipi, G\u00f6rdes d\u00fc\u011f\u00fcm\u00fc <strong>D\u00f6nem-Ya\u015f:<\/strong> 19. Y\u00fczy\u0131l Sonu &#8211; 130+ ya\u015f<\/p>\n","protected":false},"featured_media":7837,"comment_status":"closed","ping_status":"closed","template":"","meta":[],"product_brand":[],"product_cat":[336],"product_tag":[395,398,396,399,397,393,394],"class_list":{"0":"post-7836","1":"product","2":"type-product","3":"status-publish","4":"has-post-thumbnail","6":"product_cat-hali-ve-kilim","7":"product_tag-antika-hali","8":"product_tag-antika-hali-muzayedesi","9":"product_tag-antique-rug","10":"product_tag-antique-rug-online-auction","11":"product_tag-endemigo-auction","12":"product_tag-online-auction","13":"product_tag-online-muzayede","15":"first","16":"instock","17":"sold-individually","18":"product-type-auction"},"_links":{"self":[{"href":"https:\/\/endemigoauction.com\/en\/wp-json\/wp\/v2\/product\/7836","targetHints":{"allow":["GET"]}}],"collection":[{"href":"https:\/\/endemigoauction.com\/en\/wp-json\/wp\/v2\/product"}],"about":[{"href":"https:\/\/endemigoauction.com\/en\/wp-json\/wp\/v2\/types\/product"}],"replies":[{"embeddable":true,"href":"https:\/\/endemigoauction.com\/en\/wp-json\/wp\/v2\/comments?post=7836"}],"wp:featuredmedia":[{"embeddable":true,"href":"https:\/\/endemigoauction.com\/en\/wp-json\/wp\/v2\/media\/7837"}],"wp:attachment":[{"href":"https:\/\/endemigoauction.com\/en\/wp-json\/wp\/v2\/media?parent=7836"}],"wp:term":[{"taxonomy":"product_brand","embeddable":true,"href":"https:\/\/endemigoauction.com\/en\/wp-json\/wp\/v2\/product_brand?post=7836"},{"taxonomy":"product_cat","embeddable":true,"href":"https:\/\/endemigoauction.com\/en\/wp-json\/wp\/v2\/product_cat?post=7836"},{"taxonomy":"product_tag","embeddable":true,"href":"https:\/\/endemigoauction.com\/en\/wp-json\/wp\/v2\/product_tag?post=7836"}],"curies":[{"name":"wp","href":"https:\/\/api.w.org\/{rel}","templated":true}]}}