{"id":7833,"date":"2025-05-29T10:46:41","date_gmt":"2025-05-29T07:46:41","guid":{"rendered":"https:\/\/endemigoauction.com\/urun\/lot-7-antik-avunya-halisi-19-yuzyil-96-x-102-cm\/"},"modified":"2025-06-01T15:36:54","modified_gmt":"2025-06-01T12:36:54","slug":"lot-7-antik-avunya-halisi-19-yuzyil-96-x-102-cm","status":"publish","type":"product","link":"https:\/\/endemigoauction.com\/en\/urun\/lot-7-antik-avunya-halisi-19-yuzyil-96-x-102-cm\/","title":{"rendered":"LOT.7 Antik Avunya Hal\u0131s\u0131 19. Y\u00fczy\u0131l 96 x 102 cm"},"content":{"rendered":"<p><strong>Antika Avunya Hal\u0131s\u0131 19. Y\u00fczy\u0131l 96 x 102 cm.<\/strong><\/p>\n<p>Bu e\u015fsiz hal\u0131, Avunya b\u00f6lgesinin k\u00fclt\u00fcrel zenginliklerini yans\u0131t\u0131yor ve Anadolu\u2019nun ge\u00e7 Osmanl\u0131 d\u00f6nemine ait pastoral zanaat\u0131n en g\u00fczel \u00f6rneklerinden biri. \u00c7anakkale&#8217;nin da\u011fl\u0131k ve ormanl\u0131k alanlar\u0131nda, g\u00f6\u00e7ebe Y\u00f6r\u00fck ve T\u00fcrkmen a\u015firetlerinin dokuma gelene\u011fiyle \u015fekillenmi\u015f; hem bir ibadet arac\u0131 hem de estetik bir ifade bi\u00e7imi olarak hayat bulmu\u015f.<\/p>\n<p>Hal\u0131n\u0131n merkezinde, metafizik estetik gelene\u011finde dua y\u00f6n\u00fcn\u00fc simgeleyen bir mihrap formu yer al\u0131yor; bu da hal\u0131y\u0131 sadece fiziksel bir nesne olmaktan \u00e7\u0131kar\u0131p, ayn\u0131 zamanda ruhsal bir odak haline getiriyor. Mihrab\u0131n hemen \u00fcst\u00fcnde bulunan ve &#8220;safl\u0131 nazarl\u0131k&#8221; olarak dokunan kabartmal\u0131 b\u00f6l\u00fcm, koruyucu bir anlam ta\u015f\u0131yor; bu sadece bir s\u00fcsleme de\u011fil, ayn\u0131 zamanda halk inan\u00e7lar\u0131yla harmanlanm\u0131\u015f bir sembolik kalkan. Bu eserin ger\u00e7ek de\u011ferini ortaya \u00e7\u0131karan unsur, renk paletinde gizlidir: \u201cT\u00fcrk K\u0131rm\u0131z\u0131s\u0131\u201d ya da \u201cEdirne K\u0131rm\u0131z\u0131s\u0131\u201d olarak bilinen yo\u011fun ve doygun k\u0131rm\u0131z\u0131 tonu, d\u00f6nemin seyyar boya ustalar\u0131n\u0131n Kirman y\u00fcn\u00fcne ustal\u0131kla uygulad\u0131\u011f\u0131 nadide bir sonu\u00e7tur. Bu k\u0131rm\u0131z\u0131, koyu tonlarla katmanlanarak derinlik yan\u0131lsamas\u0131 yarat\u0131r; t\u0131pk\u0131 klasik resimde chiaroscuro\u2019nun mekansal etki yaratmas\u0131 gibi. Bu derinlik, kompozisyonun merkezine dramatik bir anlam katarken, laciverte \u00e7alan koyu mor tonlar ise hal\u0131ya simgesel bir anlat\u0131 ekler.<\/p>\n<p>Hal\u0131n\u0131n kenar bord\u00fcrlerinde kullan\u0131lan turuncuya d\u00f6n\u00fck sar\u0131lar, ge\u00e7i\u015fli renk planlamas\u0131yla hem dinamizm hem de kutsal alanla d\u00fcnyevi s\u0131n\u0131r aras\u0131ndaki ge\u00e7i\u015fi simgeler. Sar\u0131n\u0131n beyaz motiflere a\u00e7\u0131l\u0131m\u0131 ise izleyici g\u00f6z\u00fcn\u00fc dinlendirir; hal\u0131n\u0131n zamans\u0131z ve t\u00f6rensel atmosferinde bir soluk aral\u0131\u011f\u0131 yarat\u0131r. Boyutlar\u0131 itibariyle kareye yak\u0131n bu kompozisyon, yaln\u0131zca bir kullan\u0131m objesi de\u011fil; duvar hal\u0131s\u0131, galeri objesi veya koleksiyon par\u00e7as\u0131 olarak tasavvur edilmesi gereken bir sanat eseridir. Ola\u011fan\u00fcst\u00fc kondisyonunu, b\u00fcy\u00fck olas\u0131l\u0131kla \u201ckullan\u0131lamayacak kadar g\u00fczel\u201d bulunarak yaln\u0131zca as\u0131lm\u0131\u015f ve izlenmi\u015f olmas\u0131na bor\u00e7ludur.<\/p>\n<p>Bu hal\u0131, Avunya dokumalar\u0131n\u0131n imgesel s\u00f6zl\u00fc\u011f\u00fcnde \u201czamanla yar\u0131\u015fan sessizlik\u201dtir. D\u00fc\u011f\u00fcm d\u00fc\u011f\u00fcm i\u015flenmi\u015f bu sessizlik, izleyiciyi sadece bir hal\u0131ya de\u011fil, ayn\u0131 zamanda bir haf\u0131za nesnesine bakmaya davet eder. Her motif, her ge\u00e7i\u015f, Anadolu\u2019nun ta\u015fra belle\u011finde sakl\u0131 kalm\u0131\u015f duygular\u0131n g\u00f6rsel dile geli\u015fidir. Bug\u00fcn bu hal\u0131y\u0131 izlemek, yaln\u0131zca bir zanaat harikas\u0131na tan\u0131kl\u0131k etmek de\u011fil; ayn\u0131 zamanda etnografik, sosyolojik ve sanat tarihi ba\u011flam\u0131nda \u00e7ok katmanl\u0131 bir k\u00fclt\u00fcrel metni okumakt\u0131r.<\/p>\n","protected":false},"excerpt":{"rendered":"<p><strong>Men\u015fei:<\/strong> T\u00fcrkiye &#8211; \u00c7anakkale (\u00c7an, Bayrami\u00e7, Yenice) <strong>D\u00f6nem:<\/strong> 19. Y\u00fczy\u0131l Sonu | Tahmini 130\u2013150 Ya\u015f\u0131nda <strong>Teknik:<\/strong> El Dokumas\u0131 &#8211; %100 Kirman Y\u00fcn\u00fc, K\u00f6k ve Do\u011fal Boya <strong>Kondisyon:<\/strong> Ola\u011fan\u00fcst\u00fc (Entakt &#8211; Orijinal Sa\u00e7akl\u0131, Tamir G\u00f6rmemi\u015f)<\/p>\n","protected":false},"featured_media":7834,"comment_status":"closed","ping_status":"closed","template":"","meta":[],"product_brand":[],"product_cat":[336],"product_tag":[395,398,396,399,397,393,394],"class_list":{"0":"post-7833","1":"product","2":"type-product","3":"status-publish","4":"has-post-thumbnail","6":"product_cat-hali-ve-kilim","7":"product_tag-antika-hali","8":"product_tag-antika-hali-muzayedesi","9":"product_tag-antique-rug","10":"product_tag-antique-rug-online-auction","11":"product_tag-endemigo-auction","12":"product_tag-online-auction","13":"product_tag-online-muzayede","15":"first","16":"instock","17":"sold-individually","18":"product-type-auction"},"_links":{"self":[{"href":"https:\/\/endemigoauction.com\/en\/wp-json\/wp\/v2\/product\/7833","targetHints":{"allow":["GET"]}}],"collection":[{"href":"https:\/\/endemigoauction.com\/en\/wp-json\/wp\/v2\/product"}],"about":[{"href":"https:\/\/endemigoauction.com\/en\/wp-json\/wp\/v2\/types\/product"}],"replies":[{"embeddable":true,"href":"https:\/\/endemigoauction.com\/en\/wp-json\/wp\/v2\/comments?post=7833"}],"wp:featuredmedia":[{"embeddable":true,"href":"https:\/\/endemigoauction.com\/en\/wp-json\/wp\/v2\/media\/7834"}],"wp:attachment":[{"href":"https:\/\/endemigoauction.com\/en\/wp-json\/wp\/v2\/media?parent=7833"}],"wp:term":[{"taxonomy":"product_brand","embeddable":true,"href":"https:\/\/endemigoauction.com\/en\/wp-json\/wp\/v2\/product_brand?post=7833"},{"taxonomy":"product_cat","embeddable":true,"href":"https:\/\/endemigoauction.com\/en\/wp-json\/wp\/v2\/product_cat?post=7833"},{"taxonomy":"product_tag","embeddable":true,"href":"https:\/\/endemigoauction.com\/en\/wp-json\/wp\/v2\/product_tag?post=7833"}],"curies":[{"name":"wp","href":"https:\/\/api.w.org\/{rel}","templated":true}]}}