{"id":7830,"date":"2025-05-29T10:46:41","date_gmt":"2025-05-29T07:46:41","guid":{"rendered":"https:\/\/endemigoauction.com\/urun\/lot-8-antik-mucur-halisi-120-yas-115-x-160-cm\/"},"modified":"2025-06-01T15:35:31","modified_gmt":"2025-06-01T12:35:31","slug":"lot-8-antik-mucur-halisi-120-yas-115-x-160-cm","status":"publish","type":"product","link":"https:\/\/endemigoauction.com\/en\/urun\/lot-8-antik-mucur-halisi-120-yas-115-x-160-cm\/","title":{"rendered":"LOT.8 Antik Mucur Hal\u0131s\u0131 120+ Ya\u015f 115 x 160 cm"},"content":{"rendered":"<p><strong>Antik Mucur Hal\u0131s\u0131 120+ Ya\u015f 115 x 160 cm.<\/strong><\/p>\n<p>Anadolu\u2019nun i\u00e7 b\u00f6lgelerinde, kadim hal\u0131 dokuma merkezlerinden biri olan Mucur, y\u00fczy\u0131llard\u0131r estetikle sadeli\u011fin, gelenekle yenili\u011fin i\u00e7 i\u00e7e ge\u00e7ti\u011fi dokumalar\u0131yla tan\u0131n\u0131r. Bu ola\u011fan\u00fcst\u00fc hal\u0131, Mucur&#8217;un zarafetle yo\u011frulmu\u015f dokuma gelene\u011finin nadir \u00f6rneklerinden biridir. 120 y\u0131l\u0131 a\u015fk\u0131n ge\u00e7mi\u015fine ra\u011fmen neredeyse dokundu\u011fu g\u00fcnk\u00fc canl\u0131l\u0131\u011f\u0131n\u0131 koruyan bu eser, kondisyonuyla adeta zaman\u0131n etkilerine meydan okur.<\/p>\n<p>Hal\u0131n\u0131n en dikkat \u00e7ekici y\u00f6nlerinden biri, manzaray\u0131 and\u0131ran mihrab\u0131 ve bu mihrap alan\u0131n\u0131 \u00e7evreleyen, tipik Mucur hal\u0131lar\u0131n\u0131n \u00f6tesine ge\u00e7en modern bir \u00e7izgide tasarlanm\u0131\u015f \u00e7er\u00e7evesidir. Tasar\u0131m dili yal\u0131n ama etkileyicidir; bu sadelikten do\u011fan kuvvetli etki, hal\u0131n\u0131n her detay\u0131nda hissedilir. Canl\u0131 k\u00f6k k\u0131rm\u0131z\u0131s\u0131 zemin, ilk bak\u0131\u015fta s\u0131cakl\u0131k ve dinamizm ta\u015f\u0131r. Naif dokunu\u015flarla serpi\u015ftirilmi\u015f sar\u0131 tonlar hal\u0131ya adeta g\u00fcne\u015f \u0131\u015f\u0131\u011f\u0131 gibi bir enerji katar. Ancak bu eseri ger\u00e7ekten benzersiz k\u0131lan unsur, Anadolu hal\u0131lar\u0131nda ender rastlanan turkuaz renk kullan\u0131m\u0131d\u0131r. Mihrap \u00e7er\u00e7evesini saran bu nadide renk, sadece g\u00f6rsel ilgiyi art\u0131rmakla kalmaz, ayn\u0131 zamanda kompozisyonu tamamlay\u0131c\u0131 bir ahenk unsuru olarak \u00f6ne \u00e7\u0131kar.<\/p>\n<p>Y\u00fcn kalitesinin \u00fcst d\u00fczeyli\u011fi, boya kullan\u0131m\u0131ndaki ustal\u0131k ve d\u00fc\u011f\u00fcm oran\u0131ndaki disiplinli i\u015f\u00e7ilik, bu hal\u0131n\u0131n yaln\u0131zca bir yer \u00f6rt\u00fcs\u00fc de\u011fil, ayn\u0131 zamanda bir k\u00fclt\u00fcrel miras objesi oldu\u011funu kan\u0131tlar niteliktedir. Uzman olmayan bir g\u00f6z i\u00e7in yeni bir eser gibi g\u00f6r\u00fclebilecek bu hal\u0131, yaln\u0131zca koleksiyonerler i\u00e7in de\u011fil, ayn\u0131 zamanda hal\u0131 sanat\u0131n\u0131n inceliklerini ke\u015ffetmek isteyen herkes i\u00e7in bir e\u011fitim nesnesidir. Onu izlemek, bir \u00e7a\u011f\u0131n duygu, renk ve sembol diliyle tan\u0131\u015fmak gibidir. Bug\u00fcn bu Mucur hal\u0131s\u0131, Anadolu\u2019nun zamans\u0131z zarafetini modern bak\u0131\u015flarla harmanlayan, hem geleneksel hem \u00e7a\u011fda\u015f bir sanat eseri olarak \u00f6ne \u00e7\u0131k\u0131yor. Bir kez bak\u0131ld\u0131\u011f\u0131nda g\u00f6zde, bir kez anla\u015f\u0131ld\u0131\u011f\u0131nda kalpte kalacak t\u00fcrden&#8230;<\/p>\n","protected":false},"excerpt":{"rendered":"<p><strong>Men\u015fei:<\/strong> T\u00fcrkiye &#8211; K\u0131r\u015fehir, Mucur <strong>D\u00f6nem:<\/strong> 20. Y\u00fczy\u0131l Ba\u015f\u0131 | Tahmini 120+ Ya\u015f\u0131nda <strong>Teknik:<\/strong> El Dokumas\u0131 &#8211; %100 Kirman Y\u00fcn\u00fc, K\u00f6k ve Do\u011fal Boya <strong>Kondisyon:<\/strong> Ola\u011fan\u00fcst\u00fc<\/p>\n","protected":false},"featured_media":7831,"comment_status":"closed","ping_status":"closed","template":"","meta":[],"product_brand":[],"product_cat":[336],"product_tag":[395,398,396,399,397,393,394],"class_list":{"0":"post-7830","1":"product","2":"type-product","3":"status-publish","4":"has-post-thumbnail","6":"product_cat-hali-ve-kilim","7":"product_tag-antika-hali","8":"product_tag-antika-hali-muzayedesi","9":"product_tag-antique-rug","10":"product_tag-antique-rug-online-auction","11":"product_tag-endemigo-auction","12":"product_tag-online-auction","13":"product_tag-online-muzayede","15":"first","16":"instock","17":"sold-individually","18":"product-type-auction"},"_links":{"self":[{"href":"https:\/\/endemigoauction.com\/en\/wp-json\/wp\/v2\/product\/7830","targetHints":{"allow":["GET"]}}],"collection":[{"href":"https:\/\/endemigoauction.com\/en\/wp-json\/wp\/v2\/product"}],"about":[{"href":"https:\/\/endemigoauction.com\/en\/wp-json\/wp\/v2\/types\/product"}],"replies":[{"embeddable":true,"href":"https:\/\/endemigoauction.com\/en\/wp-json\/wp\/v2\/comments?post=7830"}],"wp:featuredmedia":[{"embeddable":true,"href":"https:\/\/endemigoauction.com\/en\/wp-json\/wp\/v2\/media\/7831"}],"wp:attachment":[{"href":"https:\/\/endemigoauction.com\/en\/wp-json\/wp\/v2\/media?parent=7830"}],"wp:term":[{"taxonomy":"product_brand","embeddable":true,"href":"https:\/\/endemigoauction.com\/en\/wp-json\/wp\/v2\/product_brand?post=7830"},{"taxonomy":"product_cat","embeddable":true,"href":"https:\/\/endemigoauction.com\/en\/wp-json\/wp\/v2\/product_cat?post=7830"},{"taxonomy":"product_tag","embeddable":true,"href":"https:\/\/endemigoauction.com\/en\/wp-json\/wp\/v2\/product_tag?post=7830"}],"curies":[{"name":"wp","href":"https:\/\/api.w.org\/{rel}","templated":true}]}}