{"id":7824,"date":"2025-05-29T10:46:41","date_gmt":"2025-05-29T07:46:41","guid":{"rendered":"https:\/\/endemigoauction.com\/urun\/lot-10-antik-cift-kapili-megri-halisi-19-yuzyil-sonu-127-x-170-cm\/"},"modified":"2025-06-01T00:31:59","modified_gmt":"2025-05-31T21:31:59","slug":"lot-10-antik-cift-kapili-megri-halisi-19-yuzyil-sonu-127-x-170-cm","status":"publish","type":"product","link":"https:\/\/endemigoauction.com\/en\/urun\/lot-10-antik-cift-kapili-megri-halisi-19-yuzyil-sonu-127-x-170-cm\/","title":{"rendered":"LOT.10 Antik \u00c7ift Kap\u0131l\u0131 Megri Hal\u0131s\u0131 19. Y\u00fczy\u0131l Sonu 127 x 170 cm"},"content":{"rendered":"<p><strong>Antik \u00c7ift Kap\u0131l\u0131 Megri Hal\u0131s\u0131 19. Y\u00fczy\u0131l Sonu 127 x 170 cm.<\/strong><\/p>\n<p>Zamanda bir yolculu\u011fa \u00e7\u0131k\u0131p, Anadolu&#8217;nun g\u00fcneybat\u0131s\u0131nda yer alan Fethiye&#8217;nin, eski ad\u0131yla Makri&#8217;nin, ta\u015f d\u00f6\u015feli sokaklar\u0131na ad\u0131m att\u0131\u011f\u0131n\u0131zda kar\u015f\u0131n\u0131za \u00e7\u0131kacak en de\u011ferli k\u00fclt\u00fcrel hazinelerden biri: Antik Megri hal\u0131lar\u0131. Bu e\u015fsiz par\u00e7a, 19. y\u00fczy\u0131l sonlar\u0131nda dokunmu\u015f, \u201ciki kap\u0131l\u0131\u201d mihrapl\u0131 hal\u0131 tipindedir. Seccade boyutunda dokunan bu hal\u0131lar, Megri&#8217;nin \u00f6zg\u00fcn dokuma gelene\u011finin en zarif ve simgesel \u00f6rnekleri aras\u0131nda yer al\u0131r.<\/p>\n<p>&#8220;Kap\u0131&#8221; olarak adland\u0131r\u0131lan mihraplar, hal\u0131ya hem i\u015flevsel hem de sembolik bir derinlik kazand\u0131r\u0131r; her biri ilahiye a\u00e7\u0131lan bir kap\u0131, dua alan\u0131 ya da i\u00e7sel bir yolculu\u011fun ba\u015flang\u0131c\u0131d\u0131r. Bord\u00fcrlerdeki S formundaki motif yerle\u015fimi, bu hal\u0131lara karakteristik bir dinamizm katarken, dar ayetlik b\u00f6lgesi dikkati zemindeki dua alan\u0131na y\u00f6nlendirir.<\/p>\n<p>Megri hal\u0131lar\u0131n\u0131n genel tasar\u0131m anlay\u0131\u015f\u0131nda g\u00f6r\u00fclen stilize bitkisel motifler bu \u00f6rnekte de g\u00fc\u00e7l\u00fc bir \u015fekilde hissedilir. Ancak bord\u00fcrlerindeki geometrik stilize tarz \u00e7ok nadir rastlanan bir tasar\u0131md\u0131r. Bu hal\u0131da bu nadirli\u011fin hal\u0131ya modern bir durum katt\u0131\u011f\u0131 a\u00e7\u0131k\u00e7a g\u00f6r\u00fclmektedir. Renk paleti, adeta Akdeniz\u2019in zengin do\u011fas\u0131na bir \u00f6vg\u00fcd\u00fcr: lacivertin asaleti, k\u0131rm\u0131z\u0131n\u0131n enerjisi ve beyaz\u0131n saf zeminli\u011fi, sar\u0131dan kahverengiye, maviden ye\u015file ve siyaha kadar uzanan tonlarla dengelenmi\u015ftir.<\/p>\n<p>Kirman y\u00fcn\u00fcnden dokunmu\u015f bu eser, hem yumu\u015fakl\u0131\u011f\u0131 hem de dayan\u0131kl\u0131l\u0131\u011f\u0131 ile dikkat \u00e7eker. K\u00f6k boya kullan\u0131m\u0131 sayesinde renkler h\u00e2l\u00e2 canl\u0131l\u0131\u011f\u0131n\u0131 korumakta ve zaman\u0131n ruhunu adeta \u00fczerinde ta\u015f\u0131maktad\u0131r. Ya\u015f\u0131na ra\u011fmen m\u00fckemmel kondisyonu, onun titizlikle korundu\u011funu g\u00f6steriyor. Hav\u0131nda b\u00fct\u00fcn\u00fcnde azalma oldu\u011fu i\u00e7in m\u00fckemmel kondisyonda de\u011ferlendirildi. Ya\u015f\u0131na g\u00f6re normal olan bu durum esteti\u011finden bir \u015fey kaybettirmemi\u015f.<\/p>\n","protected":false},"excerpt":{"rendered":"<p><strong>Men\u015fei:<\/strong> T\u00fcrkiye &#8211; Fethiye <strong>D\u00f6nem:<\/strong> 19. Y\u00fczy\u0131l Sonu | Tahmini 130+ Ya\u015f\u0131nda <strong>Teknik:<\/strong> El Dokumas\u0131 &#8211; %100 Kirman Y\u00fcn\u00fc, K\u00f6k ve Do\u011fal Boya <strong>Kondisyon:<\/strong> M\u00fckemmel<\/p>\n","protected":false},"featured_media":7825,"comment_status":"closed","ping_status":"closed","template":"","meta":[],"product_brand":[],"product_cat":[336],"product_tag":[395,398,396,399,397,393,394],"class_list":{"0":"post-7824","1":"product","2":"type-product","3":"status-publish","4":"has-post-thumbnail","6":"product_cat-hali-ve-kilim","7":"product_tag-antika-hali","8":"product_tag-antika-hali-muzayedesi","9":"product_tag-antique-rug","10":"product_tag-antique-rug-online-auction","11":"product_tag-endemigo-auction","12":"product_tag-online-auction","13":"product_tag-online-muzayede","15":"first","16":"instock","17":"sold-individually","18":"product-type-auction"},"_links":{"self":[{"href":"https:\/\/endemigoauction.com\/en\/wp-json\/wp\/v2\/product\/7824","targetHints":{"allow":["GET"]}}],"collection":[{"href":"https:\/\/endemigoauction.com\/en\/wp-json\/wp\/v2\/product"}],"about":[{"href":"https:\/\/endemigoauction.com\/en\/wp-json\/wp\/v2\/types\/product"}],"replies":[{"embeddable":true,"href":"https:\/\/endemigoauction.com\/en\/wp-json\/wp\/v2\/comments?post=7824"}],"wp:featuredmedia":[{"embeddable":true,"href":"https:\/\/endemigoauction.com\/en\/wp-json\/wp\/v2\/media\/7825"}],"wp:attachment":[{"href":"https:\/\/endemigoauction.com\/en\/wp-json\/wp\/v2\/media?parent=7824"}],"wp:term":[{"taxonomy":"product_brand","embeddable":true,"href":"https:\/\/endemigoauction.com\/en\/wp-json\/wp\/v2\/product_brand?post=7824"},{"taxonomy":"product_cat","embeddable":true,"href":"https:\/\/endemigoauction.com\/en\/wp-json\/wp\/v2\/product_cat?post=7824"},{"taxonomy":"product_tag","embeddable":true,"href":"https:\/\/endemigoauction.com\/en\/wp-json\/wp\/v2\/product_tag?post=7824"}],"curies":[{"name":"wp","href":"https:\/\/api.w.org\/{rel}","templated":true}]}}