{"id":7818,"date":"2025-05-29T10:46:41","date_gmt":"2025-05-29T07:46:41","guid":{"rendered":"https:\/\/endemigoauction.com\/urun\/lot-12-antik-cihanbeyli-halisi-120-yas-105-x-146-cm\/"},"modified":"2025-06-01T00:27:32","modified_gmt":"2025-05-31T21:27:32","slug":"lot-12-antik-cihanbeyli-halisi-120-yas-105-x-146-cm","status":"publish","type":"product","link":"https:\/\/endemigoauction.com\/en\/urun\/lot-12-antik-cihanbeyli-halisi-120-yas-105-x-146-cm\/","title":{"rendered":"LOT.12 Antik Cihanbeyli Hal\u0131s\u0131 120+ Ya\u015f 105 x 146 cm"},"content":{"rendered":"<p><strong>Antik Cihanbeyli Hal\u0131s\u0131 120+ Ya\u015f 105 x 146 cm.<\/strong><\/p>\n<p>Bu Cihanbeyli hal\u0131s\u0131, Orta Anadolu&#8217;nun sade ama derin estetik anlay\u0131\u015f\u0131n\u0131 g\u00f6zler \u00f6n\u00fcne seriyor ve ge\u00e7mi\u015ften g\u00fcn\u00fcm\u00fcze ta\u015f\u0131nm\u0131\u015f bir zanaat manifestosu gibi. K\u0131rm\u0131z\u0131 zemin \u00fczerine yerle\u015ftirilmi\u015f mihrap, sadece geometrik bir \u015fekil de\u011fil, ayn\u0131 zamanda bir i\u00e7 yolculu\u011fun simgesi olarak \u00f6ne \u00e7\u0131k\u0131yor.<\/p>\n<p>Lacivert tonlarda zarif bir \u015fekilde \u00e7evrelenmi\u015f mihrap \u00e7er\u00e7evesi, bu i\u00e7sel y\u00f6nelimi belirginle\u015ftiriyor &#8211; adeta bir g\u00f6rsel meditasyonun ba\u015flang\u0131\u00e7 noktas\u0131. Hal\u0131n\u0131n i\u00e7 k\u0131sm\u0131nda yer alan yo\u011fun tribal tamgalar, sadece s\u00fcsleme unsurlar\u0131 de\u011fil, ayn\u0131 zamanda k\u00fclt\u00fcrel birer iz olarak da de\u011ferlendirilmelidir. Bu motifler, Cihanbeyli y\u00f6r\u00fcklerinin haf\u0131zas\u0131n\u0131 ve g\u00f6\u00e7ebe ya\u015fam\u0131n izlerini g\u00fcn\u00fcm\u00fcze ta\u015f\u0131yan sessiz tan\u0131klard\u0131r.<\/p>\n<p>Bord\u00fcr k\u0131sm\u0131nda kullan\u0131lan \u015fal desenli, ince i\u015flenmi\u015f \u00e7ok renkli \u015feritler, hal\u0131ya zarafet ve ritim kat\u0131yor. Bu bord\u00fcrler, hal\u0131n\u0131n g\u00fc\u00e7l\u00fc merkez yap\u0131s\u0131yla uyum i\u00e7inde \u00e7al\u0131\u015farak, g\u00f6rsel bir b\u00fct\u00fcnl\u00fck ve incelik sa\u011fl\u0131yor. Kirman y\u00fcnlerinin y\u00fcksek kalitesi ve k\u00f6k boyalar\u0131n zamanla kazand\u0131\u011f\u0131 do\u011fal patina, hal\u0131n\u0131n 120 y\u0131l\u0131 a\u015fk\u0131n ya\u015fam\u0131na ra\u011fmen neredeyse zamandan etkilenmemi\u015f gibi g\u00f6r\u00fcnmesini sa\u011fl\u0131yor. Ne hav eksikli\u011fi, ne de form kayb\u0131&#8230;<\/p>\n<p>Bu hal\u0131, adeta saklanarak de\u011fil; korunarak ya\u015flanm\u0131\u015f. Yap\u0131lan ekspertizde mihrab\u0131n alt k\u0131sm\u0131nda 3-4 santimlik bir alanda hav at\u0131ld\u0131\u011f\u0131 \u00f6ng\u00f6r\u00fclm\u00fc\u015f ancak emin olunamam\u0131\u015ft\u0131r. Hal\u0131n\u0131n bir kondisyon kayb\u0131 olarak de\u011ferlendirilemeyecek bu durum var olsa bile ustal\u0131kla yap\u0131lm\u0131\u015f bir restarasyon olmas\u0131 sebebi ile ola\u011fan\u00fcst\u00fc kondisyonunda bir d\u00fc\u015f\u00fcrmeye gerek duyulmam\u0131\u015ft\u0131r. Cihanbeyli b\u00f6lgesi, hal\u0131 koleksiyonerlerinin \u00f6zel ilgisini \u00e7eken nadir yerlerden biridir. Bu nedenle, bu eser yaln\u0131zca estetik de\u011feriyle de\u011fil, ayn\u0131 zamanda men\u015feiyle de \u00f6nemli bir ar\u015fiv par\u00e7as\u0131 olarak \u00f6ne \u00e7\u0131k\u0131yor.<\/p>\n","protected":false},"excerpt":{"rendered":"<p><strong>Men\u015fei:<\/strong> T\u00fcrkiye &#8211; Konya, Cihanbeyli <strong>D\u00f6nem:<\/strong> 20. Y\u00fczy\u0131l Ba\u015f\u0131 | Tahmini 120+ Ya\u015f\u0131nda <strong>Teknik:<\/strong> El Dokumas\u0131 &#8211; %100 Kirman Y\u00fcn\u00fc, K\u00f6k ve Do\u011fal Boya <strong>Kondisyon:<\/strong> Ola\u011fan\u00fcst\u00fc<\/p>\n","protected":false},"featured_media":7819,"comment_status":"closed","ping_status":"closed","template":"","meta":[],"product_brand":[],"product_cat":[336],"product_tag":[395,398,396,399,397,393,394],"class_list":{"0":"post-7818","1":"product","2":"type-product","3":"status-publish","4":"has-post-thumbnail","6":"product_cat-hali-ve-kilim","7":"product_tag-antika-hali","8":"product_tag-antika-hali-muzayedesi","9":"product_tag-antique-rug","10":"product_tag-antique-rug-online-auction","11":"product_tag-endemigo-auction","12":"product_tag-online-auction","13":"product_tag-online-muzayede","15":"first","16":"instock","17":"sold-individually","18":"product-type-auction"},"_links":{"self":[{"href":"https:\/\/endemigoauction.com\/en\/wp-json\/wp\/v2\/product\/7818","targetHints":{"allow":["GET"]}}],"collection":[{"href":"https:\/\/endemigoauction.com\/en\/wp-json\/wp\/v2\/product"}],"about":[{"href":"https:\/\/endemigoauction.com\/en\/wp-json\/wp\/v2\/types\/product"}],"replies":[{"embeddable":true,"href":"https:\/\/endemigoauction.com\/en\/wp-json\/wp\/v2\/comments?post=7818"}],"wp:featuredmedia":[{"embeddable":true,"href":"https:\/\/endemigoauction.com\/en\/wp-json\/wp\/v2\/media\/7819"}],"wp:attachment":[{"href":"https:\/\/endemigoauction.com\/en\/wp-json\/wp\/v2\/media?parent=7818"}],"wp:term":[{"taxonomy":"product_brand","embeddable":true,"href":"https:\/\/endemigoauction.com\/en\/wp-json\/wp\/v2\/product_brand?post=7818"},{"taxonomy":"product_cat","embeddable":true,"href":"https:\/\/endemigoauction.com\/en\/wp-json\/wp\/v2\/product_cat?post=7818"},{"taxonomy":"product_tag","embeddable":true,"href":"https:\/\/endemigoauction.com\/en\/wp-json\/wp\/v2\/product_tag?post=7818"}],"curies":[{"name":"wp","href":"https:\/\/api.w.org\/{rel}","templated":true}]}}