{"id":7815,"date":"2025-05-29T10:46:41","date_gmt":"2025-05-29T07:46:41","guid":{"rendered":"https:\/\/endemigoauction.com\/urun\/lot-13-antik-taspinar-yastik-120-yas-54-x-109-cm\/"},"modified":"2025-06-01T00:29:01","modified_gmt":"2025-05-31T21:29:01","slug":"lot-13-antik-taspinar-yastik-120-yas-54-x-109-cm","status":"publish","type":"product","link":"https:\/\/endemigoauction.com\/en\/urun\/lot-13-antik-taspinar-yastik-120-yas-54-x-109-cm\/","title":{"rendered":"LOT.13 Antik Ta\u015fp\u0131nar Yast\u0131k 120+ Ya\u015f 54 x 109 cm"},"content":{"rendered":"<p><strong>Antik Ta\u015fp\u0131nar Yast\u0131k 120+ Ya\u015f 54 x 109 cm.<\/strong><\/p>\n<p>Ta\u015fp\u0131nar\u2019\u0131n zamana meydan okuyan k\u00fclt\u00fcrel miras\u0131n\u0131n k\u00fc\u00e7\u00fck ama etkileyici bir temsilcisi olan bu yast\u0131k, sadece bir kullan\u0131m nesnesi de\u011fil; zanaat, haf\u0131za ve estetik aras\u0131ndaki ince ba\u011f\u0131n y\u00fcnle \u00f6r\u00fclm\u00fc\u015f bir ifadesidir. Ta\u015fp\u0131nar Zilesi olarak da bilinen bu eser, hem dokuma kalitesi hem de renk zenginli\u011fiyle nadir bir g\u00fczellik sunuyor. K\u00f6k k\u0131rm\u0131z\u0131s\u0131 ve indigo laciverti gibi g\u00fc\u00e7l\u00fc renkler, ceviz kabu\u011fundan elde edilen haki-siyah tonlarla m\u00fckemmel bir denge olu\u015fturuyor; \u00e7amurdan dam\u0131t\u0131lan toprak tonlar\u0131 ise kompozisyona hem do\u011fall\u0131k hem de tarihsel derinlik kat\u0131yor.<\/p>\n<p>Y\u00fcz y\u0131l\u0131 a\u015fk\u0131n bir s\u00fcre boyunca maruz kald\u0131\u011f\u0131 \u0131\u015f\u0131k, hava ve zaman, bu yast\u0131\u011f\u0131n y\u00fczeyinde &#8220;antikle\u015fme&#8221; olarak adland\u0131r\u0131lan zarif bir patina olu\u015fturmu\u015f. \u00d6zellikle koyu haki tonlar\u0131ndaki \u00e7\u00f6kmeler, ya\u015f\u0131n\u0131n a\u011f\u0131rl\u0131\u011f\u0131n\u0131 ve hikayesini g\u00f6rsel olarak anlat\u0131yor. \u00c7ift mihrapl\u0131 orta g\u00f6be\u011fi, merkezdeki simetri aray\u0131\u015f\u0131n\u0131 kutsal bir odak noktas\u0131na d\u00f6n\u00fc\u015ft\u00fcr\u00fcrken, mihraplar\u0131n i\u00e7indeki ayna tasar\u0131mlar\u0131 bak\u0131\u015flar\u0131 tam merkezde toplamay\u0131 ba\u015far\u0131yor. Naif \u00e7i\u00e7ekli su yolu bord\u00fcr\u00fc ise bu dramatik g\u00f6be\u011fi g\u00f6lgede b\u0131rakmadan, b\u00fct\u00fcnsel kompozisyonun zarafetini art\u0131r\u0131yor.<\/p>\n<p>D\u00f6rt s\u0131ra narin kenar sarg\u0131lar\u0131, bu eserin Ta\u015fp\u0131nar Zilesi olarak an\u0131lmas\u0131na neden olan ay\u0131rt edici detaylardan biri. Bu kadar zarif bir i\u015f\u00e7ilikle dokunmu\u015f bir yast\u0131\u011f\u0131n yaln\u0131zca g\u00fcndelik hayatta de\u011fil, \u00f6zel ve simgesel anlamlar ta\u015f\u0131yan t\u00f6renlerde veya se\u00e7kin evlerde de kullan\u0131ld\u0131\u011f\u0131n\u0131 s\u00f6ylemek m\u00fcmk\u00fcn. Muhtemelen Rum ustalar\u0131n ellerinden \u00e7\u0131km\u0131\u015f olan bu eser, yaln\u0131zca bir dokuma de\u011fil, ayn\u0131 zamanda bir medeniyetler bulu\u015fmas\u0131n\u0131n da sembol\u00fcd\u00fcr. \u0130\u00e7 Anadolu&#8217;nun k\u00fclt\u00fcrel kav\u015fak noktas\u0131 Aksaray&#8217;da do\u011fmu\u015f ama kendini zamans\u0131z bir sanat objesi olarak bug\u00fcne ta\u015f\u0131m\u0131\u015f.Bug\u00fcn ise, ona k\u0131ymet verecek yeni sahibini ar\u0131yor &#8211; bu k\u0131ymetli eseri ge\u00e7mi\u015fin i\u00e7inden al\u0131p gelece\u011fe ta\u015f\u0131yacak olan\u0131.<\/p>\n","protected":false},"excerpt":{"rendered":"<p><strong>Men\u015fei:<\/strong> T\u00fcrkiye &#8211; Aksaray, Ta\u015fp\u0131nar <strong>D\u00f6nem:<\/strong> 20. Y\u00fczy\u0131l Ba\u015f\u0131 | Tahmini 120+ Ya\u015f\u0131nda <strong>Teknik:<\/strong> El Dokumas\u0131 &#8211; %100 Kirman Y\u00fcn\u00fc, K\u00f6k ve Do\u011fal Boya <strong>Kondisyon:<\/strong> Ola\u011fan\u00fcst\u00fc<\/p>\n","protected":false},"featured_media":7816,"comment_status":"closed","ping_status":"closed","template":"","meta":[],"product_brand":[],"product_cat":[336],"product_tag":[395,398,396,399,397,393,394],"class_list":{"0":"post-7815","1":"product","2":"type-product","3":"status-publish","4":"has-post-thumbnail","6":"product_cat-hali-ve-kilim","7":"product_tag-antika-hali","8":"product_tag-antika-hali-muzayedesi","9":"product_tag-antique-rug","10":"product_tag-antique-rug-online-auction","11":"product_tag-endemigo-auction","12":"product_tag-online-auction","13":"product_tag-online-muzayede","15":"first","16":"instock","17":"sold-individually","18":"product-type-auction"},"_links":{"self":[{"href":"https:\/\/endemigoauction.com\/en\/wp-json\/wp\/v2\/product\/7815","targetHints":{"allow":["GET"]}}],"collection":[{"href":"https:\/\/endemigoauction.com\/en\/wp-json\/wp\/v2\/product"}],"about":[{"href":"https:\/\/endemigoauction.com\/en\/wp-json\/wp\/v2\/types\/product"}],"replies":[{"embeddable":true,"href":"https:\/\/endemigoauction.com\/en\/wp-json\/wp\/v2\/comments?post=7815"}],"wp:featuredmedia":[{"embeddable":true,"href":"https:\/\/endemigoauction.com\/en\/wp-json\/wp\/v2\/media\/7816"}],"wp:attachment":[{"href":"https:\/\/endemigoauction.com\/en\/wp-json\/wp\/v2\/media?parent=7815"}],"wp:term":[{"taxonomy":"product_brand","embeddable":true,"href":"https:\/\/endemigoauction.com\/en\/wp-json\/wp\/v2\/product_brand?post=7815"},{"taxonomy":"product_cat","embeddable":true,"href":"https:\/\/endemigoauction.com\/en\/wp-json\/wp\/v2\/product_cat?post=7815"},{"taxonomy":"product_tag","embeddable":true,"href":"https:\/\/endemigoauction.com\/en\/wp-json\/wp\/v2\/product_tag?post=7815"}],"curies":[{"name":"wp","href":"https:\/\/api.w.org\/{rel}","templated":true}]}}