{"id":7809,"date":"2025-05-29T10:46:20","date_gmt":"2025-05-29T07:46:20","guid":{"rendered":"https:\/\/endemigoauction.com\/urun\/lot-15-antik-karakecili-halisi-110-yas-128-x-230-cm\/"},"modified":"2025-06-01T15:45:29","modified_gmt":"2025-06-01T12:45:29","slug":"lot-15-antik-karakecili-halisi-110-yas-128-x-230-cm","status":"publish","type":"product","link":"https:\/\/endemigoauction.com\/en\/urun\/lot-15-antik-karakecili-halisi-110-yas-128-x-230-cm\/","title":{"rendered":"LOT.15 Antik Karake\u00e7ili Hal\u0131s\u0131 110+ Ya\u015f 128 x 230 cm"},"content":{"rendered":"<p><strong>Antik Karake\u00e7ili Hal\u0131s\u0131 110+ Ya\u015f 128 x 230 cm.<\/strong><\/p>\n<p>Bir hal\u0131, nas\u0131l olur da bir asr\u0131 a\u015far hi\u00e7 kullan\u0131lmadan? \u0130\u015fte bu Karake\u00e7ili \u00f6rne\u011fi, \u201chal\u0131\u201d kelimesinin k\u00f6keni olan Kal\u0131 yani kal\u0131c\u0131l\u0131k fikrini bizzat ya\u015fatarak bu soruya yan\u0131t veriyor. Bu sadece bir dokuma de\u011fil, ayn\u0131 zamanda zaman\u0131n sessiz tan\u0131\u011f\u0131; dayan\u0131kl\u0131l\u0131\u011f\u0131, y\u00fcn kalitesi, renk doygunlu\u011fu ve motif b\u00fct\u00fcnl\u00fc\u011f\u00fc ile adeta zamana kar\u015f\u0131 \u00f6r\u00fclm\u00fc\u015f.<\/p>\n<p>Y\u00f6r\u00fck k\u00fclt\u00fcr\u00fcn\u00fcn dinamik ya\u015fam tarz\u0131 i\u00e7inde, bu hal\u0131n\u0131n belirli bir ama\u00e7la ve muhtemelen bir oba ba\u015f\u0131 i\u00e7in \u00f6zel olarak dokundu\u011fu hemen anla\u015f\u0131l\u0131yor. Motif se\u00e7imi ve kompozisyon, Ladik hal\u0131lar\u0131n\u0131n zarif simetrisine a\u00e7\u0131k bir referans sunarken; kullan\u0131lan y\u00fcn, renkler ve teknik yap\u0131, Karake\u00e7ili dokumas\u0131n\u0131n co\u011frafi ve k\u00fclt\u00fcrel karakterini yans\u0131t\u0131yor. Bu da hal\u0131y\u0131 e\u015fsiz k\u0131l\u0131yor: bir t\u00fcr k\u00fclt\u00fcrel sentez, bir halk sanat\u00e7\u0131s\u0131n\u0131n bilin\u00e7li yorumu.<\/p>\n<p>Bord\u00fcr\u00fcn kal\u0131n yap\u0131s\u0131, hal\u0131ya g\u00f6rsel bir a\u011f\u0131rl\u0131k kazand\u0131r\u0131rken; i\u00e7 alan\u0131n merkez ve mihrap b\u00f6lgesindeki derin mavi ge\u00e7i\u015fler, derinlik hissi yarat\u0131yor. K\u0131rm\u0131z\u0131 tonlar\u0131n genel h\u00e2kimiyetinde i\u015flenen motifler aras\u0131nda dikkat \u00e7eken unsurlar ise tribal O\u011fuz tamgalar\u0131. Bu tamgalar, hal\u0131n\u0131n yaln\u0131zca bir dekorasyon nesnesi olmad\u0131\u011f\u0131n\u0131, ta\u015f\u0131d\u0131\u011f\u0131 sembollerle bir kimli\u011fi, bir aidiyeti ve bir tarihi de ifade etti\u011fini kan\u0131tl\u0131yor.<\/p>\n<p>Bu hal\u0131, K\u00fctahya\u2019n\u0131n Karake\u00e7ili y\u00f6r\u00fcklerinden g\u00fcn\u00fcm\u00fcze ula\u015fan, sessiz ama g\u00fc\u00e7l\u00fc bir anlat\u0131. Kullan\u0131lmam\u0131\u015f olmas\u0131na ra\u011fmen her ilme\u011finde bir \u00f6yk\u00fc, her tonunda bir niyet sakl\u0131. Belki bir liderin \u00e7ad\u0131r\u0131n\u0131 s\u00fcsleyecek, belki bir hat\u0131ray\u0131 y\u00fczy\u0131llarca ta\u015f\u0131yacak diye dokunmu\u015f. \u015eimdi ise, hak etti\u011fi gibi: koleksiyonluk, benzersiz ve sayg\u0131 uyand\u0131r\u0131c\u0131.<\/p>\n","protected":false},"excerpt":{"rendered":"<p><strong>Men\u015fei:<\/strong> T\u00fcrkiye &#8211; K\u00fctahya <strong>D\u00f6nem:<\/strong> 20. Y\u00fczy\u0131l Ba\u015f\u0131 | Tahmini 110+ Ya\u015f\u0131nda <strong>Teknik:<\/strong> El Dokumas\u0131 &#8211; %100 Kirman Y\u00fcn\u00fc, K\u00f6k Boya <strong>Kondisyon:<\/strong> Ola\u011fan\u00fcst\u00fc<\/p>\n","protected":false},"featured_media":7810,"comment_status":"closed","ping_status":"closed","template":"","meta":[],"product_brand":[],"product_cat":[336],"product_tag":[395,398,396,399,397,393,394],"class_list":{"0":"post-7809","1":"product","2":"type-product","3":"status-publish","4":"has-post-thumbnail","6":"product_cat-hali-ve-kilim","7":"product_tag-antika-hali","8":"product_tag-antika-hali-muzayedesi","9":"product_tag-antique-rug","10":"product_tag-antique-rug-online-auction","11":"product_tag-endemigo-auction","12":"product_tag-online-auction","13":"product_tag-online-muzayede","15":"first","16":"instock","17":"sold-individually","18":"product-type-auction"},"_links":{"self":[{"href":"https:\/\/endemigoauction.com\/en\/wp-json\/wp\/v2\/product\/7809","targetHints":{"allow":["GET"]}}],"collection":[{"href":"https:\/\/endemigoauction.com\/en\/wp-json\/wp\/v2\/product"}],"about":[{"href":"https:\/\/endemigoauction.com\/en\/wp-json\/wp\/v2\/types\/product"}],"replies":[{"embeddable":true,"href":"https:\/\/endemigoauction.com\/en\/wp-json\/wp\/v2\/comments?post=7809"}],"wp:featuredmedia":[{"embeddable":true,"href":"https:\/\/endemigoauction.com\/en\/wp-json\/wp\/v2\/media\/7810"}],"wp:attachment":[{"href":"https:\/\/endemigoauction.com\/en\/wp-json\/wp\/v2\/media?parent=7809"}],"wp:term":[{"taxonomy":"product_brand","embeddable":true,"href":"https:\/\/endemigoauction.com\/en\/wp-json\/wp\/v2\/product_brand?post=7809"},{"taxonomy":"product_cat","embeddable":true,"href":"https:\/\/endemigoauction.com\/en\/wp-json\/wp\/v2\/product_cat?post=7809"},{"taxonomy":"product_tag","embeddable":true,"href":"https:\/\/endemigoauction.com\/en\/wp-json\/wp\/v2\/product_tag?post=7809"}],"curies":[{"name":"wp","href":"https:\/\/api.w.org\/{rel}","templated":true}]}}