{"id":7806,"date":"2025-05-29T10:46:20","date_gmt":"2025-05-29T07:46:20","guid":{"rendered":"https:\/\/endemigoauction.com\/urun\/lot-16-antik-sivas-elbeyli-sal-halisi-120-yas-120-x-186-cm\/"},"modified":"2025-06-01T15:44:46","modified_gmt":"2025-06-01T12:44:46","slug":"lot-16-antik-sivas-elbeyli-sal-halisi-120-yas-120-x-186-cm","status":"publish","type":"product","link":"https:\/\/endemigoauction.com\/en\/urun\/lot-16-antik-sivas-elbeyli-sal-halisi-120-yas-120-x-186-cm\/","title":{"rendered":"LOT.16 Antik Sivas Elbeyli \u015eal Hal\u0131s\u0131 120+ Ya\u015f 120 x 186 cm"},"content":{"rendered":"<p><strong>Antik Sivas Elbeyli \u015eal Hal\u0131s\u0131 120+ Ya\u015f 120 x 186 cm.<\/strong><\/p>\n<p>Bu Elbeyli hal\u0131s\u0131, alt\u0131n oranla tan\u0131mlanabilecek b\u00fcy\u00fck seccade boyutuyla s\u0131radanl\u0131ktan s\u0131yr\u0131l\u0131p geometrik ve estetik bir m\u00fckemmelli\u011fe ula\u015fm\u0131\u015f. Do\u011fal tonlar\u0131, \u00f6zg\u00fcn sa\u00e7ak yap\u0131s\u0131 ve y\u00f6resel motifleriyle, dokuyucusunun ruhunu ve b\u00f6lgenin kimli\u011fini m\u00fckemmel bir \u015fekilde yans\u0131t\u0131yor. Ancak dikkatli bir g\u00f6z, bu hal\u0131n\u0131n sadece bir k\u00f6y dokumas\u0131 olmad\u0131\u011f\u0131n\u0131; ayn\u0131 zamanda ustal\u0131kla i\u015flenmi\u015f bir at\u00f6lye \u00fcr\u00fcn\u00fc kadar dengeli ve kararl\u0131 bir yap\u0131ya sahip oldu\u011funu hemen fark eder.<\/p>\n<p>D\u00f6rt kat bord\u00fcrle \u00e7evrelenmi\u015f i\u00e7 alan\u0131n ikinci halkas\u0131nda yer alan stilize fil motifleri, bu hal\u0131y\u0131 t\u00fcr\u00fcn\u00fcn tek \u00f6rne\u011fi haline getiriyor. Fig\u00fcratif anlat\u0131m a\u00e7\u0131s\u0131ndan Anadolu hal\u0131c\u0131l\u0131\u011f\u0131nda pek rastlanmayan bu detay, Elbeyli&#8217;nin ge\u00e7mi\u015fine dair bir hat\u0131rlat\u0131c\u0131 gibi: Belki de Timur\u2019un 1400\u2019lerde Sivas\u2019\u0131 fethetmesine bir g\u00f6rsel selam duruyor. Zemin k\u0131rm\u0131z\u0131, kontur sar\u0131. Bu iki bask\u0131n rengin tonu ve oran\u0131 o kadar dengeli ki, Elbeyli co\u011frafyas\u0131n\u0131n kadim g\u00fcne\u015fiyle beslenmi\u015f topraklar\u0131n\u0131n ruhunu hal\u0131n\u0131n i\u00e7ine hapseder. Kullan\u0131lan Kirman y\u00fcn\u00fc sadece kaliteli de\u011fil; ipli\u011fin parlakl\u0131\u011f\u0131, boyay\u0131 tutu\u015fu ve d\u00fc\u011f\u00fcmdeki formuyla dokumaya adeta bir tekstil bestesi kazand\u0131r\u0131yor.<\/p>\n<p>Zaman\u0131n zorlu etkilerine kar\u015f\u0131 direnmi\u015f, formunu ve estetik dengesini m\u00fckemmel bir \u015fekilde korumu\u015f bu hal\u0131, yaln\u0131zca bir kullan\u0131m objesi de\u011fil; haf\u0131zas\u0131 olan bir nesne. Anadolu\u2019nun tarihine, motiflere ve renklere sinmi\u015f. Elbeyli\u2019den d\u00fcnyaya kalan bir k\u00fclt\u00fcrel belgedir bu hal\u0131- ger\u00e7ek anlamda koleksiyonluk bir sanat eseri.<\/p>\n","protected":false},"excerpt":{"rendered":"<p><strong>Men\u015fei:<\/strong> T\u00fcrkiye &#8211; Sivas, Elbeyli <strong>D\u00f6nem:<\/strong> 20. Y\u00fczy\u0131l Ba\u015f\u0131 | Tahmini 120+ Ya\u015f\u0131nda <strong>Teknik:<\/strong> El Dokumas\u0131 &#8211; %100 Kirman Y\u00fcn\u00fc, K\u00f6k Boya <strong>Kondisyon:<\/strong> Ola\u011fan\u00fcst\u00fc<\/p>\n","protected":false},"featured_media":7807,"comment_status":"closed","ping_status":"closed","template":"","meta":[],"product_brand":[],"product_cat":[336],"product_tag":[395,398,396,399,397,393,394],"class_list":{"0":"post-7806","1":"product","2":"type-product","3":"status-publish","4":"has-post-thumbnail","6":"product_cat-hali-ve-kilim","7":"product_tag-antika-hali","8":"product_tag-antika-hali-muzayedesi","9":"product_tag-antique-rug","10":"product_tag-antique-rug-online-auction","11":"product_tag-endemigo-auction","12":"product_tag-online-auction","13":"product_tag-online-muzayede","15":"first","16":"instock","17":"sold-individually","18":"product-type-auction"},"_links":{"self":[{"href":"https:\/\/endemigoauction.com\/en\/wp-json\/wp\/v2\/product\/7806","targetHints":{"allow":["GET"]}}],"collection":[{"href":"https:\/\/endemigoauction.com\/en\/wp-json\/wp\/v2\/product"}],"about":[{"href":"https:\/\/endemigoauction.com\/en\/wp-json\/wp\/v2\/types\/product"}],"replies":[{"embeddable":true,"href":"https:\/\/endemigoauction.com\/en\/wp-json\/wp\/v2\/comments?post=7806"}],"wp:featuredmedia":[{"embeddable":true,"href":"https:\/\/endemigoauction.com\/en\/wp-json\/wp\/v2\/media\/7807"}],"wp:attachment":[{"href":"https:\/\/endemigoauction.com\/en\/wp-json\/wp\/v2\/media?parent=7806"}],"wp:term":[{"taxonomy":"product_brand","embeddable":true,"href":"https:\/\/endemigoauction.com\/en\/wp-json\/wp\/v2\/product_brand?post=7806"},{"taxonomy":"product_cat","embeddable":true,"href":"https:\/\/endemigoauction.com\/en\/wp-json\/wp\/v2\/product_cat?post=7806"},{"taxonomy":"product_tag","embeddable":true,"href":"https:\/\/endemigoauction.com\/en\/wp-json\/wp\/v2\/product_tag?post=7806"}],"curies":[{"name":"wp","href":"https:\/\/api.w.org\/{rel}","templated":true}]}}