{"id":7803,"date":"2025-05-29T10:46:20","date_gmt":"2025-05-29T07:46:20","guid":{"rendered":"https:\/\/endemigoauction.com\/urun\/lot-17-antik-sivas-bademli-hali-19-yuzyil-147-x-200-cm\/"},"modified":"2025-06-01T15:44:02","modified_gmt":"2025-06-01T12:44:02","slug":"lot-17-antik-sivas-bademli-hali-19-yuzyil-147-x-200-cm","status":"publish","type":"product","link":"https:\/\/endemigoauction.com\/en\/urun\/lot-17-antik-sivas-bademli-hali-19-yuzyil-147-x-200-cm\/","title":{"rendered":"LOT.17 Antik Sivas Bademli Hal\u0131 19. Y\u00fczy\u0131l 147 x 200 cm"},"content":{"rendered":"<p><strong>Antik Sivas Bademli Bord\u00fcr \u015eal Hal\u0131 19. Y\u00fczy\u0131l 147 x 200 cm.<\/strong><\/p>\n<p>Bu e\u015fsiz Sivas hal\u0131s\u0131, hal\u0131 dokumac\u0131l\u0131\u011f\u0131n\u0131n zirvesini temsil ediyor. Krem beyaz zemin \u00fczerinde ustal\u0131kla i\u015flenmi\u015f \u015fal desenleri ve badem motiflerinin zarif bord\u00fcrleri, adeta bir \u00e7i\u00e7ek bah\u00e7esi gibi g\u00f6z al\u0131c\u0131. S\u0131k dokuma tekni\u011fiyle dikkat \u00e7eken bu hal\u0131, santimetrekarede en az 6&#215;6 d\u00fc\u011f\u00fcm yo\u011funlu\u011funa sahip, bu da onu geleneksel y\u00fcn hal\u0131lar aras\u0131nda ipek hal\u0131lara yakla\u015fan nadir bir kaliteye kavu\u015fturuyor.<\/p>\n<p>Bu teknik \u00f6zellik, hal\u0131ya hem g\u00f6rsel bir incelik hem de dokunma hissinde ipek kalitesine yak\u0131n bir yumu\u015fakl\u0131k kazand\u0131r\u0131yor. Zaman\u0131n a\u011f\u0131r y\u00fck\u00fcne ra\u011fmen, ola\u011fan\u00fcst\u00fc korunmu\u015f kondisyonuyla dimdik ayakta duran bu Sivas hal\u0131s\u0131, Anadolu\u2019nun k\u00fclt\u00fcrel haf\u0131zas\u0131n\u0131n somut bir ifadesi.<\/p>\n<p>Badem motiflerinin ritmik d\u00fczeni, do\u011fan\u0131n d\u00f6ng\u00fcs\u00fcn\u00fc ve insan ya\u015fam\u0131n\u0131n s\u00fcreklili\u011fini simgeleyen derin anlamlar ta\u015f\u0131yor. Bu hal\u0131, yaln\u0131zca bir tekstil \u00fcr\u00fcn\u00fc de\u011fil; tarih boyunca Anadolu el sanatlar\u0131n\u0131n ve estetik anlay\u0131\u015f\u0131n\u0131n dokunmu\u015f bir an\u0131t\u0131. Ger\u00e7ek bir \u015faheser ve koleksiyonlar\u0131n en k\u0131ymetli par\u00e7alar\u0131ndan biri.<\/p>\n","protected":false},"excerpt":{"rendered":"<p><strong>Men\u015fei:<\/strong> T\u00fcrkiye &#8211; Sivas <strong>D\u00f6nem:<\/strong> 19. Y\u00fczy\u0131l | Tahmini 130-150 Ya\u015f\u0131nda <strong>Teknik:<\/strong> El Dokumas\u0131 &#8211; %100 Kirman Y\u00fcn\u00fc, Pamuk Sa\u00e7aklar, K\u00f6k Boya <strong>Kondisyon:<\/strong> Ola\u011fan\u00fcst\u00fc<\/p>\n","protected":false},"featured_media":7804,"comment_status":"closed","ping_status":"closed","template":"","meta":[],"product_brand":[],"product_cat":[336],"product_tag":[395,398,396,399,397,393,394],"class_list":{"0":"post-7803","1":"product","2":"type-product","3":"status-publish","4":"has-post-thumbnail","6":"product_cat-hali-ve-kilim","7":"product_tag-antika-hali","8":"product_tag-antika-hali-muzayedesi","9":"product_tag-antique-rug","10":"product_tag-antique-rug-online-auction","11":"product_tag-endemigo-auction","12":"product_tag-online-auction","13":"product_tag-online-muzayede","15":"first","16":"instock","17":"sold-individually","18":"product-type-auction"},"_links":{"self":[{"href":"https:\/\/endemigoauction.com\/en\/wp-json\/wp\/v2\/product\/7803","targetHints":{"allow":["GET"]}}],"collection":[{"href":"https:\/\/endemigoauction.com\/en\/wp-json\/wp\/v2\/product"}],"about":[{"href":"https:\/\/endemigoauction.com\/en\/wp-json\/wp\/v2\/types\/product"}],"replies":[{"embeddable":true,"href":"https:\/\/endemigoauction.com\/en\/wp-json\/wp\/v2\/comments?post=7803"}],"wp:featuredmedia":[{"embeddable":true,"href":"https:\/\/endemigoauction.com\/en\/wp-json\/wp\/v2\/media\/7804"}],"wp:attachment":[{"href":"https:\/\/endemigoauction.com\/en\/wp-json\/wp\/v2\/media?parent=7803"}],"wp:term":[{"taxonomy":"product_brand","embeddable":true,"href":"https:\/\/endemigoauction.com\/en\/wp-json\/wp\/v2\/product_brand?post=7803"},{"taxonomy":"product_cat","embeddable":true,"href":"https:\/\/endemigoauction.com\/en\/wp-json\/wp\/v2\/product_cat?post=7803"},{"taxonomy":"product_tag","embeddable":true,"href":"https:\/\/endemigoauction.com\/en\/wp-json\/wp\/v2\/product_tag?post=7803"}],"curies":[{"name":"wp","href":"https:\/\/api.w.org\/{rel}","templated":true}]}}