{"id":7800,"date":"2025-05-29T10:46:20","date_gmt":"2025-05-29T07:46:20","guid":{"rendered":"https:\/\/endemigoauction.com\/urun\/lot-18-antik-gelveri-yastik-120-yas-51-x-97-cm\/"},"modified":"2025-06-01T15:46:01","modified_gmt":"2025-06-01T12:46:01","slug":"lot-18-antik-gelveri-yastik-120-yas-51-x-97-cm","status":"publish","type":"product","link":"https:\/\/endemigoauction.com\/en\/urun\/lot-18-antik-gelveri-yastik-120-yas-51-x-97-cm\/","title":{"rendered":"LOT.18 Antik Gelveri Yast\u0131k 120+ Ya\u015f 51 x 97 cm"},"content":{"rendered":"<p><strong>Antik Gelveri Yast\u0131k 120+ Ya\u015f 51 x 97 cm.<\/strong><\/p>\n<p>Bu Gelveri yast\u0131k hal\u0131s\u0131, y\u0131llar ge\u00e7tik\u00e7e de\u011ferini art\u0131ran, Anadolu\u2019nun tarih ve k\u00fclt\u00fcr katmanlar\u0131n\u0131 d\u00fc\u011f\u00fcmlerinde bar\u0131nd\u0131ran nadir bir eserdir. Bug\u00fcn Aksaray\u2019\u0131n bir mahallesi olan G\u00fczelyurt, ge\u00e7mi\u015fte Kapadokya\u2019n\u0131n b\u00fcy\u00fcleyici co\u011frafyas\u0131n\u0131n ayr\u0131lmaz bir par\u00e7as\u0131yd\u0131. Hal\u0131n\u0131n her ipli\u011fi, bu kadim topraklar\u0131n ruhunu ustal\u0131kla dokunmu\u015f Rum gelene\u011fiyle ta\u015f\u0131r.<\/p>\n<p>Morun s\u0131cak tonlar\u0131ndan k\u0131rm\u0131z\u0131ya, turuncudan laciverte ve topra\u011f\u0131n derin tonlar\u0131na uzanan renk paleti, do\u011fal k\u00f6k boyalar\u0131n derinli\u011fi ve Kirman y\u00fcn\u00fcn\u00fcn zarafetiyle hayat bulur. G\u00f6be\u011findeki asma yapra\u011f\u0131 motifleri, Kapadokya\u2019n\u0131n \u00fcnl\u00fc \u015farap k\u00fclt\u00fcr\u00fcne ince bir dokunu\u015f yaparken, bord\u00fcrlerdeki ko\u00e7 boynuzu motifleri s\u00fcreklilik ve d\u00f6ng\u00fcsellik fikrini vurgular.<\/p>\n<p>Bu yast\u0131k hal\u0131s\u0131 sadece bir dokuma de\u011fil; zaman\u0131n \u00fczerinde birikmi\u015f k\u00fclt\u00fcrel haf\u0131za, tarih ve esteti\u011fin i\u00e7 i\u00e7e ge\u00e7ti\u011fi bir an\u0131tt\u0131r. Korunmu\u015f kondisyonu ve nadirli\u011fiyle koleksiyon d\u00fcnyas\u0131nda \u00f6zel bir yer edinirken, her d\u00fc\u011f\u00fcm\u00fcnde Anadolu\u2019nun kadim hikayeleri yank\u0131lan\u0131r.<\/p>\n","protected":false},"excerpt":{"rendered":"<p><strong>Men\u015fei:<\/strong> T\u00fcrkiye &#8211; Gelveri, G\u00fczelyurt <strong>D\u00f6nem:<\/strong> 20. Y\u00fczy\u0131l Ba\u015f\u0131 | Tahmini 120+ Ya\u015f\u0131nda <strong>Teknik:<\/strong> El Dokumas\u0131 &#8211; %100 Kirman Y\u00fcn\u00fc, K\u00f6k Boya <strong>Kondisyon:<\/strong> Ola\u011fan\u00fcst\u00fc<\/p>\n","protected":false},"featured_media":7801,"comment_status":"closed","ping_status":"closed","template":"","meta":[],"product_brand":[],"product_cat":[336],"product_tag":[395,398,396,399,397,393,394],"class_list":{"0":"post-7800","1":"product","2":"type-product","3":"status-publish","4":"has-post-thumbnail","6":"product_cat-hali-ve-kilim","7":"product_tag-antika-hali","8":"product_tag-antika-hali-muzayedesi","9":"product_tag-antique-rug","10":"product_tag-antique-rug-online-auction","11":"product_tag-endemigo-auction","12":"product_tag-online-auction","13":"product_tag-online-muzayede","15":"first","16":"instock","17":"sold-individually","18":"product-type-auction"},"_links":{"self":[{"href":"https:\/\/endemigoauction.com\/en\/wp-json\/wp\/v2\/product\/7800","targetHints":{"allow":["GET"]}}],"collection":[{"href":"https:\/\/endemigoauction.com\/en\/wp-json\/wp\/v2\/product"}],"about":[{"href":"https:\/\/endemigoauction.com\/en\/wp-json\/wp\/v2\/types\/product"}],"replies":[{"embeddable":true,"href":"https:\/\/endemigoauction.com\/en\/wp-json\/wp\/v2\/comments?post=7800"}],"wp:featuredmedia":[{"embeddable":true,"href":"https:\/\/endemigoauction.com\/en\/wp-json\/wp\/v2\/media\/7801"}],"wp:attachment":[{"href":"https:\/\/endemigoauction.com\/en\/wp-json\/wp\/v2\/media?parent=7800"}],"wp:term":[{"taxonomy":"product_brand","embeddable":true,"href":"https:\/\/endemigoauction.com\/en\/wp-json\/wp\/v2\/product_brand?post=7800"},{"taxonomy":"product_cat","embeddable":true,"href":"https:\/\/endemigoauction.com\/en\/wp-json\/wp\/v2\/product_cat?post=7800"},{"taxonomy":"product_tag","embeddable":true,"href":"https:\/\/endemigoauction.com\/en\/wp-json\/wp\/v2\/product_tag?post=7800"}],"curies":[{"name":"wp","href":"https:\/\/api.w.org\/{rel}","templated":true}]}}