{"id":7797,"date":"2025-05-29T10:46:20","date_gmt":"2025-05-29T07:46:20","guid":{"rendered":"https:\/\/endemigoauction.com\/urun\/lot-19-antik-dosemealti-halisi-120-yas-130-x-160-cm\/"},"modified":"2025-06-01T15:43:27","modified_gmt":"2025-06-01T12:43:27","slug":"lot-19-antik-dosemealti-halisi-120-yas-130-x-160-cm","status":"publish","type":"product","link":"https:\/\/endemigoauction.com\/en\/urun\/lot-19-antik-dosemealti-halisi-120-yas-130-x-160-cm\/","title":{"rendered":"LOT.19 Antik D\u00f6\u015femealt\u0131 Hal\u0131s\u0131 120+ Ya\u015f 130 x 160 cm"},"content":{"rendered":"<p><strong>Antik D\u00f6\u015femealt\u0131 Hal\u0131s\u0131 120+ Ya\u015f 130 x 160 cm.<\/strong><\/p>\n<p>Bu e\u015fsiz D\u00f6\u015femealt\u0131 hal\u0131s\u0131, g\u00f6rsel kompozisyonuyla adeta bir astronomik harita hissi uyand\u0131r\u0131yor. Ortada belirgin bir dikd\u00f6rtgen alan, klasik mihrap d\u00fczenini akla getirirken, asimetrik bir \u015fekilde yerle\u015ftirilmi\u015f tamgalar g\u00f6z al\u0131yor. Beyaz ipliklerin noktasal da\u011f\u0131l\u0131m\u0131, zemin \u00fczerinde y\u0131ld\u0131z etkisi yaratarak geceyle sessiz bir ba\u011f kuruyor.<\/p>\n<p>Renk d\u00fczeni, koyu tonlar\u0131n hakim oldu\u011fu ama canl\u0131l\u0131\u011f\u0131n\u0131 koruyan bir yap\u0131ya sahip. K\u0131rm\u0131z\u0131, mavi ve beyaz renkler, ton ge\u00e7i\u015fleriyle y\u00fczeye derinlik kat\u0131yor. Bu g\u00f6rsel denge, y\u00fczeydeki detaylar\u0131n e\u015fit da\u011f\u0131l\u0131m\u0131 sayesinde statik de\u011fil, adeta ya\u015fayan bir organizma hissi veriyor.<\/p>\n<p>Y\u00f6r\u00fck gelene\u011fine sad\u0131k kalarak Toros eteklerinde beslenen koyunlardan elde edilen y\u00fcnlerle dokunan bu hal\u0131, Kirman e\u011firme tekni\u011fi sayesinde ince ama dayan\u0131kl\u0131 bir yap\u0131ya sahip. K\u00f6k boyalarla elde edilen renkler, zamanla matla\u015fmak yerine derinle\u015fmi\u015f, bu da hal\u0131n\u0131n ya\u015f\u0131n\u0131 onurland\u0131ran bir g\u00f6rsel olgunluk yaratm\u0131\u015f.<\/p>\n<p>Hafif hav kayb\u0131 d\u0131\u015f\u0131nda herhangi bir deformasyon g\u00f6stermemesi, bu hal\u0131y\u0131 kendi t\u00fcr\u00fc i\u00e7inde \u201cm\u00fckemmel kondisyon\u201d kategorisine yerle\u015ftiriyor. Y\u00fczeyindeki ya\u015fanm\u0131\u015fl\u0131k izleri, hal\u0131n\u0131n de\u011ferini azaltmak yerine onun antik karakterini g\u00fc\u00e7lendiriyor.<\/p>\n<p>Bu eser, D\u00f6\u015femealt\u0131 gelene\u011finin yaln\u0131zca zanaatk\u00e2r inceli\u011fini de\u011fil, ayn\u0131 zamanda do\u011fayla kurdu\u011fu duyusal ili\u015fkiyi de yans\u0131t\u0131yor. Ebat\u0131, kompozisyonu ve motif diliyle, \u00e7a\u011fda\u015f koleksiyon anlay\u0131\u015f\u0131 i\u00e7inde e\u015fsiz bir konum i\u00e7inde durmaktad\u0131r.<\/p>\n","protected":false},"excerpt":{"rendered":"<p><strong>Men\u015fei:<\/strong> T\u00fcrkiye &#8211; Antalya, D\u00f6\u015femealt\u0131 <strong>D\u00f6nem:<\/strong> 20. Y\u00fczy\u0131l Ba\u015f\u0131 | Tahmini 120+ Ya\u015f\u0131nda <strong>Teknik:<\/strong> El Dokumas\u0131 &#8211; %100 Kirman Y\u00fcn\u00fc, K\u00f6k Boya <strong>Kondisyon:<\/strong> M\u00fckemmel<\/p>\n","protected":false},"featured_media":7798,"comment_status":"closed","ping_status":"closed","template":"","meta":[],"product_brand":[],"product_cat":[336],"product_tag":[395,398,396,399,397,393,394],"class_list":{"0":"post-7797","1":"product","2":"type-product","3":"status-publish","4":"has-post-thumbnail","6":"product_cat-hali-ve-kilim","7":"product_tag-antika-hali","8":"product_tag-antika-hali-muzayedesi","9":"product_tag-antique-rug","10":"product_tag-antique-rug-online-auction","11":"product_tag-endemigo-auction","12":"product_tag-online-auction","13":"product_tag-online-muzayede","15":"first","16":"instock","17":"sold-individually","18":"product-type-auction"},"_links":{"self":[{"href":"https:\/\/endemigoauction.com\/en\/wp-json\/wp\/v2\/product\/7797","targetHints":{"allow":["GET"]}}],"collection":[{"href":"https:\/\/endemigoauction.com\/en\/wp-json\/wp\/v2\/product"}],"about":[{"href":"https:\/\/endemigoauction.com\/en\/wp-json\/wp\/v2\/types\/product"}],"replies":[{"embeddable":true,"href":"https:\/\/endemigoauction.com\/en\/wp-json\/wp\/v2\/comments?post=7797"}],"wp:featuredmedia":[{"embeddable":true,"href":"https:\/\/endemigoauction.com\/en\/wp-json\/wp\/v2\/media\/7798"}],"wp:attachment":[{"href":"https:\/\/endemigoauction.com\/en\/wp-json\/wp\/v2\/media?parent=7797"}],"wp:term":[{"taxonomy":"product_brand","embeddable":true,"href":"https:\/\/endemigoauction.com\/en\/wp-json\/wp\/v2\/product_brand?post=7797"},{"taxonomy":"product_cat","embeddable":true,"href":"https:\/\/endemigoauction.com\/en\/wp-json\/wp\/v2\/product_cat?post=7797"},{"taxonomy":"product_tag","embeddable":true,"href":"https:\/\/endemigoauction.com\/en\/wp-json\/wp\/v2\/product_tag?post=7797"}],"curies":[{"name":"wp","href":"https:\/\/api.w.org\/{rel}","templated":true}]}}