{"id":7794,"date":"2025-05-29T10:46:20","date_gmt":"2025-05-29T07:46:20","guid":{"rendered":"https:\/\/endemigoauction.com\/urun\/lot-20-antik-karakecili-halisi-120-yas-102-x-122-cm\/"},"modified":"2025-06-01T15:42:02","modified_gmt":"2025-06-01T12:42:02","slug":"lot-20-antik-karakecili-halisi-120-yas-102-x-122-cm","status":"publish","type":"product","link":"https:\/\/endemigoauction.com\/en\/urun\/lot-20-antik-karakecili-halisi-120-yas-102-x-122-cm\/","title":{"rendered":"LOT.20 Antik Karake\u00e7ili Hal\u0131s\u0131 120+ Ya\u015f 102 x 122 cm"},"content":{"rendered":"<p><strong>Antik Karake\u00e7ili Hal\u0131s\u0131 120+ Ya\u015f 102 x 122 cm.<\/strong><\/p>\n<p>Baz\u0131 hal\u0131lar, sadece birer yer \u00f6rt\u00fcs\u00fc de\u011fil, ayn\u0131 zamanda kadim bir hikayenin dokuma haline gelmi\u015f halidir. Bu antik Karake\u00e7ili hal\u0131s\u0131, tam da b\u00f6yle bir eser: Sessizli\u011finde g\u00f6\u00e7\u00fcn ritmini, renklerinde kaybolmu\u015f topraklar\u0131n izlerini, asimetrik \u00e7izgilerinde ise gelenekle aidiyetin \u00e7at\u0131\u015fan uyumunu bar\u0131nd\u0131r\u0131yor.<\/p>\n<p>G\u00f6be\u011findeki \u00e7ift mihrapl\u0131 yap\u0131n\u0131n dengesizli\u011fi, bir kusur de\u011fil; aksine hal\u0131n\u0131n do\u011fas\u0131na uygun, bilin\u00e7li bir \u00e7\u00f6z\u00fclmedir. Bu \u00e7\u00f6z\u00fclme, formun geleneksel yap\u0131yla hesapla\u015ft\u0131\u011f\u0131 bir alan yarat\u0131yor. Sanki g\u00f6\u00e7ebe ruh, yerle\u015fik geometriyle bir m\u00fczakereye oturmu\u015f gibi. Asimetrik olmas\u0131na ra\u011fmen, bir ritim hissi yarat\u0131yor; bu hal\u0131, harmoniyi simetriden de\u011fil, anlaml\u0131 bir dengesizlikten \u00e7\u0131kar\u0131yor.Bergama dokumalar\u0131n\u0131n enerjisini, Karake\u00e7ili y\u00f6r\u00fck k\u00fclt\u00fcr\u00fcn\u00fcn i\u00e7e d\u00f6n\u00fck asaletiyle birle\u015ftiren bu hal\u0131, sadece bir dokuma de\u011fil, bir k\u00fclt\u00fcr\u00fcn sessizce \u00f6r\u00fclm\u00fc\u015f biyografisidir. \u00c7ivit mavileri, k\u00f6k k\u0131rm\u0131z\u0131lar\u0131, do\u011fal y\u00fcn zeminle kurdu\u011fu ili\u015fkiyle hem Anadolu\u2019nun topraklar\u0131na hem de g\u00f6\u00e7ebe ruhun \u00f6zg\u00fcr renk anlay\u0131\u015f\u0131na g\u00f6nderme yap\u0131yor.<\/p>\n<p>Hav kayb\u0131 ya\u015fanm\u0131\u015f olabilir &#8211; evet &#8211; ama bu ya\u015fanm\u0131\u015fl\u0131k, onun antik niteliklerini g\u00f6lgelemek yerine daha da g\u00f6r\u00fcn\u00fcr k\u0131l\u0131yor. Renklerin i\u00e7e g\u00f6m\u00fclmesi, onlar\u0131 birer motif olmaktan \u00e7\u0131kar\u0131p ge\u00e7mi\u015fin sessiz tan\u0131klar\u0131 haline d\u00f6n\u00fc\u015ft\u00fcr\u00fcyor. Bu hal\u0131, canl\u0131l\u0131\u011f\u0131n\u0131 koruyan de\u011fil, zamanla kurulan derin bir ba\u011f arac\u0131l\u0131\u011f\u0131yla ya\u015fayan bir nesnedir.<\/p>\n<p>Koleksiyonluk ebat\u0131, nadir deseni ve k\u00fclt\u00fcrel k\u00f6keni itibariyle biricikli\u011fi tart\u0131\u015fmas\u0131zd\u0131r. T\u00fcr\u00fcn\u00fcn muhtemel tek \u00f6rne\u011fi olmas\u0131, onu sadece estetik bir obje de\u011fil, ayn\u0131 zamanda tarihsel bir belgeye d\u00f6n\u00fc\u015ft\u00fcr\u00fcr.Bu eser, modern izleyiciye, bir hal\u0131n\u0131n yaln\u0131zca g\u00f6zle de\u011fil, zamanla, toprakla ve kimlikle okunabilece\u011fini f\u0131s\u0131ldar. Karake\u00e7ili\u2019nin ruhu, her d\u00fc\u011f\u00fcmde gizlidir &#8211; ke\u015ffetmek, sadece bakmay\u0131 de\u011fil, dokunmay\u0131 da gerektirir.<\/p>\n","protected":false},"excerpt":{"rendered":"<p><strong>Men\u015fei:<\/strong> T\u00fcrkiye &#8211; K\u00fctahya <strong>D\u00f6nem:<\/strong> 19. Y\u00fczy\u0131l Sonu | Tahmini 130+ Ya\u015f\u0131nda <strong>Teknik:<\/strong> El Dokumas\u0131 &#8211; %100 Kirman Y\u00fcn\u00fc, K\u00f6k Boya <strong>Kondisyon:<\/strong> M\u00fckemmel (hav kayb\u0131 ya\u015fanm\u0131\u015f, fakat yap\u0131sal b\u00fct\u00fcnl\u00fck ve desen dokusu korunmu\u015f)<\/p>\n","protected":false},"featured_media":7795,"comment_status":"closed","ping_status":"closed","template":"","meta":[],"product_brand":[],"product_cat":[336],"product_tag":[395,398,396,399,397,393,394],"class_list":{"0":"post-7794","1":"product","2":"type-product","3":"status-publish","4":"has-post-thumbnail","6":"product_cat-hali-ve-kilim","7":"product_tag-antika-hali","8":"product_tag-antika-hali-muzayedesi","9":"product_tag-antique-rug","10":"product_tag-antique-rug-online-auction","11":"product_tag-endemigo-auction","12":"product_tag-online-auction","13":"product_tag-online-muzayede","15":"first","16":"instock","17":"sold-individually","18":"product-type-auction"},"_links":{"self":[{"href":"https:\/\/endemigoauction.com\/en\/wp-json\/wp\/v2\/product\/7794","targetHints":{"allow":["GET"]}}],"collection":[{"href":"https:\/\/endemigoauction.com\/en\/wp-json\/wp\/v2\/product"}],"about":[{"href":"https:\/\/endemigoauction.com\/en\/wp-json\/wp\/v2\/types\/product"}],"replies":[{"embeddable":true,"href":"https:\/\/endemigoauction.com\/en\/wp-json\/wp\/v2\/comments?post=7794"}],"wp:featuredmedia":[{"embeddable":true,"href":"https:\/\/endemigoauction.com\/en\/wp-json\/wp\/v2\/media\/7795"}],"wp:attachment":[{"href":"https:\/\/endemigoauction.com\/en\/wp-json\/wp\/v2\/media?parent=7794"}],"wp:term":[{"taxonomy":"product_brand","embeddable":true,"href":"https:\/\/endemigoauction.com\/en\/wp-json\/wp\/v2\/product_brand?post=7794"},{"taxonomy":"product_cat","embeddable":true,"href":"https:\/\/endemigoauction.com\/en\/wp-json\/wp\/v2\/product_cat?post=7794"},{"taxonomy":"product_tag","embeddable":true,"href":"https:\/\/endemigoauction.com\/en\/wp-json\/wp\/v2\/product_tag?post=7794"}],"curies":[{"name":"wp","href":"https:\/\/api.w.org\/{rel}","templated":true}]}}