{"id":7788,"date":"2025-05-29T10:46:20","date_gmt":"2025-05-29T07:46:20","guid":{"rendered":"https:\/\/endemigoauction.com\/urun\/lot-22-antik-dazkiri-halisi-100-yas-113-x-167-cm\/"},"modified":"2025-06-21T21:56:07","modified_gmt":"2025-06-21T18:56:07","slug":"lot-22-antik-dazkiri-halisi-100-yas-113-x-167-cm","status":"publish","type":"product","link":"https:\/\/endemigoauction.com\/en\/urun\/lot-22-antik-dazkiri-halisi-100-yas-113-x-167-cm\/","title":{"rendered":"LOT.22 Antik Dazk\u0131r\u0131 Hal\u0131s\u0131 100+ Ya\u015f 113 x 167 cm"},"content":{"rendered":"<p><strong>Antik Afyon Dazk\u0131r\u0131 Hal\u0131s\u0131 100+ Ya\u015f 113 x 167 cm.<\/strong><\/p>\n<p>Dazk\u0131r\u0131 Y\u00f6r\u00fck hal\u0131lar\u0131, Anadolu&#8217;nun hal\u0131 dokuma gelene\u011finde nadir bulunan ve ola\u011fan\u00fcst\u00fc estetik de\u011feriyle \u00f6ne \u00e7\u0131kan eserler aras\u0131nda yer al\u0131yor. \u00d6zellikle 19. y\u00fczy\u0131la tarihlenen \u00f6rnekler, teknik m\u00fckemmeliyetleri ve etnografik de\u011ferleriyle koleksiyon literat\u00fcr\u00fcnde \u00f6zel bir yere sahip.<\/p>\n<p>Bu hal\u0131n\u0131n ana hammaddesi olan da\u011fl\u0131\u00e7 koyunu y\u00fcn\u00fc, y\u00fczy\u0131llar boyunca T\u00fcrk halk\u0131n\u0131n hayvanc\u0131l\u0131kla \u015fekillenen ya\u015fam tarz\u0131n\u0131n bir miras\u0131d\u0131r. Lif uzunlu\u011fu, do\u011fal parlakl\u0131\u011f\u0131, boya tutuculu\u011fu ve elastikiyeti ile bu y\u00fcn, hal\u0131 sanat\u0131nda kalite \u00e7\u0131tas\u0131n\u0131 belirleyen temel unsur haline gelmi\u015ftir. Dazk\u0131r\u0131 hal\u0131lar\u0131nda yayg\u0131n olarak kullan\u0131lan ve da\u011fl\u0131\u00e7 koyunu y\u00fcn\u00fc ile yap\u0131lan kirman iplik, hem doku derinli\u011fi hem de renk oyunlar\u0131 a\u00e7\u0131s\u0131ndan e\u015fsiz sonu\u00e7lar verir.<\/p>\n<p>S\u00f6z konusu eser, \u00e7ift mihrapl\u0131 simetrik yerle\u015fimiyle, sadece geometrik de\u011fil, ayn\u0131 zamanda sembolik bir anlat\u0131 kurar. Mihrab\u0131n \u00fcst k\u0131sm\u0131nda yer alan \u201cayna\u201dlar\u0131n farkl\u0131 renklerle vurgulanmas\u0131, eserin renk skalas\u0131n\u0131 hem estetik hem de sembolik d\u00fczlemde zenginle\u015ftirir. Bu detay, hal\u0131n\u0131n yaln\u0131zca dekoratif de\u011fil, ayn\u0131 zamanda anlam y\u00fckl\u00fc bir sanat nesnesi oldu\u011funu da g\u00f6sterir.<\/p>\n<p>Hal\u0131n\u0131n dikkat \u00e7ekici bir ba\u015fka y\u00f6n\u00fc ise boyutunun alt\u0131n oran diktd\u00f6rgen olu\u015fu ve bu sayede her mek\u00e2na uyum sa\u011flayabilecek \u00f6l\u00e7\u00fclerde olu\u015fudur. Bu \u00f6zelli\u011fiyle, hem koleksiyon sergilemeleri hem de mimari yerle\u015ftirmelerde ideal bir sanat par\u00e7as\u0131 haline gelir. Do\u011fal k\u00f6k boyalarla elde edilen canl\u0131 ve zamanla olgunla\u015fm\u0131\u015f renk pantonesi, hal\u0131ya zarif bir ihti\u015fam kazand\u0131r\u0131r. Hal\u0131ya bir tamir m\u00fcdahalesi yap\u0131lmam\u0131\u015f, kilimlik k\u0131sm\u0131nda iki yerde olu\u015fan eskimeler ve sa\u00e7aklardaki kopmalar durdurulmak i\u00e7in kaz aya\u011f\u0131 zincir tekni\u011fi ile korumaya al\u0131nm\u0131\u015ft\u0131r. Asl\u0131nda rahatl\u0131kla ya\u015f\u0131na g\u00f6re ola\u011fan\u00fcst\u00fc kondisyona lay\u0131k bu hal\u0131y\u0131 sadece bu k\u00fc\u00e7\u00fck y\u0131pranmalar dolay\u0131s\u0131 ile m\u00fckemmel seviyede de\u011ferlendirdik.<\/p>\n<p>Bug\u00fcn d\u00fcnya m\u00fczayede piyasalar\u0131nda benzeri \u00f6rneklerine \u00e7ok ender rastlanan ya\u015fl\u0131 Dazk\u0131r\u0131 hal\u0131lar\u0131, sadece yat\u0131r\u0131m de\u011feri a\u00e7\u0131s\u0131ndan de\u011fil, ta\u015f\u0131d\u0131klar\u0131 k\u00fclt\u00fcrel ve zanaatkarl\u0131k miras\u0131 itibar\u0131yla da nadide eserlerdir. Bu hal\u0131, ge\u00e7mi\u015fin g\u00f6\u00e7ebe esteti\u011fini modern koleksiyon bilincine ta\u015f\u0131yan rafine bir halk sanat\u0131d\u0131r.<\/p>\n","protected":false},"excerpt":{"rendered":"<p><strong>Men\u015fei:<\/strong> T\u00fcrkiye &#8211; Afyon, Dazk\u0131r\u0131 <strong>D\u00f6nem:<\/strong> 19. Y\u00fczy\u0131l | Tahmini 100+ Ya\u015f\u0131nda <strong>Teknik:<\/strong> El Dokumas\u0131 &#8211; %100 Kirman Y\u00fcn\u00fc, K\u00f6k Boya <strong>Kondisyon:<\/strong> M\u00fckemmel<\/p>\n","protected":false},"featured_media":7789,"comment_status":"closed","ping_status":"closed","template":"","meta":[],"product_brand":[],"product_cat":[336],"product_tag":[395,398,396,399,397,393,394],"class_list":{"0":"post-7788","1":"product","2":"type-product","3":"status-publish","4":"has-post-thumbnail","6":"product_cat-hali-ve-kilim","7":"product_tag-antika-hali","8":"product_tag-antika-hali-muzayedesi","9":"product_tag-antique-rug","10":"product_tag-antique-rug-online-auction","11":"product_tag-endemigo-auction","12":"product_tag-online-auction","13":"product_tag-online-muzayede","15":"first","16":"instock","17":"sold-individually","18":"product-type-auction"},"_links":{"self":[{"href":"https:\/\/endemigoauction.com\/en\/wp-json\/wp\/v2\/product\/7788","targetHints":{"allow":["GET"]}}],"collection":[{"href":"https:\/\/endemigoauction.com\/en\/wp-json\/wp\/v2\/product"}],"about":[{"href":"https:\/\/endemigoauction.com\/en\/wp-json\/wp\/v2\/types\/product"}],"replies":[{"embeddable":true,"href":"https:\/\/endemigoauction.com\/en\/wp-json\/wp\/v2\/comments?post=7788"}],"wp:featuredmedia":[{"embeddable":true,"href":"https:\/\/endemigoauction.com\/en\/wp-json\/wp\/v2\/media\/7789"}],"wp:attachment":[{"href":"https:\/\/endemigoauction.com\/en\/wp-json\/wp\/v2\/media?parent=7788"}],"wp:term":[{"taxonomy":"product_brand","embeddable":true,"href":"https:\/\/endemigoauction.com\/en\/wp-json\/wp\/v2\/product_brand?post=7788"},{"taxonomy":"product_cat","embeddable":true,"href":"https:\/\/endemigoauction.com\/en\/wp-json\/wp\/v2\/product_cat?post=7788"},{"taxonomy":"product_tag","embeddable":true,"href":"https:\/\/endemigoauction.com\/en\/wp-json\/wp\/v2\/product_tag?post=7788"}],"curies":[{"name":"wp","href":"https:\/\/api.w.org\/{rel}","templated":true}]}}