{"id":7785,"date":"2025-05-29T10:46:20","date_gmt":"2025-05-29T07:46:20","guid":{"rendered":"https:\/\/endemigoauction.com\/urun\/lot-23-antik-kemaliye-halisi-19-yuzyil-128-x-170-cm\/"},"modified":"2025-06-01T15:39:56","modified_gmt":"2025-06-01T12:39:56","slug":"lot-23-antik-kemaliye-halisi-19-yuzyil-128-x-170-cm","status":"publish","type":"product","link":"https:\/\/endemigoauction.com\/en\/urun\/lot-23-antik-kemaliye-halisi-19-yuzyil-128-x-170-cm\/","title":{"rendered":"LOT.23 Antik Kemaliye Hal\u0131s\u0131 19. Y\u00fczy\u0131l 128 x 170 cm"},"content":{"rendered":"<p><strong>Antik Kemaliye Hal\u0131s\u0131 19. Y\u00fczy\u0131l 128 x 170 cm.<\/strong><\/p>\n<p>Kemaliye hal\u0131lar\u0131, Anadolu\u2019nun zengin dokuma gelene\u011fi i\u00e7inde \u00f6zel bir yere sahiptir. Bu hal\u0131lar, sadece ustal\u0131klar\u0131yla de\u011fil, ayn\u0131 zamanda ta\u015f\u0131d\u0131klar\u0131 k\u00fclt\u00fcrel derinlikle de koleksiyon d\u00fcnyas\u0131nda efsane haline gelmi\u015ftir. F\u0131rat Nehri\u2019nin k\u0131y\u0131s\u0131nda yer alan bu b\u00f6lge, Tunceli, Elaz\u0131\u011f, Sivas ve Malatya ile kom\u015fudur ve g\u00f6\u00e7ebe ile yerle\u015fik halklar\u0131n estetik birikimini yans\u0131tan bir harita gibidir.<\/p>\n<p>Kemaliye hal\u0131lar\u0131, s\u0131k\u00e7a \u201cAnadolu\u2019nun Herekesi\u201d olarak an\u0131l\u0131r. Ancak bu benzetme, sadece kaliteyi de\u011fil, ayn\u0131 zamanda nadirli\u011fi de ifade eder. Zira Kemaliye\u2019den \u00e7\u0131kan hal\u0131lar\u0131n b\u00fcy\u00fck bir k\u0131sm\u0131, \u00fcretim d\u00f6nemlerinde hemen al\u0131c\u0131 bulmu\u015f; bu nedenle g\u00fcn\u00fcm\u00fcze ula\u015fan \u00f6rnekler olduk\u00e7a s\u0131n\u0131rl\u0131d\u0131r. Bug\u00fcn bir Kemaliye k\u00f6y hal\u0131s\u0131yla kar\u015f\u0131la\u015fmak, sadece bilgiyle de\u011fil, ayn\u0131 zamanda b\u00fcy\u00fck bir \u015fansla m\u00fcmk\u00fcnd\u00fcr. Bu y\u00fczden bu eser i\u00e7in sabit bir \u201chemen al\u201d fiyat\u0131 belirlenmemi\u015ftir; \u00e7\u00fcnk\u00fc onun nadirli\u011fi ve karakteristik \u00fcst\u00fcnl\u00fc\u011f\u00fc, ancak se\u00e7kin g\u00f6zlerin takdiriyle de\u011fer bulacakt\u0131r.<\/p>\n<p>Hal\u0131n\u0131n derin lacivert mihrap zemininde, do\u011fal k\u00f6k boyalar\u0131n olgun tonlar\u0131yla dokunmu\u015f, lekesiz ve abrajs\u0131z bir netlik g\u00f6z al\u0131yor. Bu duruluk, sadece teknik bir ustal\u0131k de\u011fil, ayn\u0131 zamanda boya haz\u0131rl\u0131\u011f\u0131nda g\u00f6sterilen titizli\u011fin de bir g\u00f6stergesi. Tona ton dans eden renk ge\u00e7i\u015fleri, hal\u0131n\u0131n y\u00fczeyinde g\u00f6rsel bir armoni yarat\u0131yor. Zengin bord\u00fcr dizilimi ve bu bord\u00fcrlerdeki motif \u00e7e\u015fitlili\u011fi, hal\u0131n\u0131n sadece estetik bir obje de\u011fil, ayn\u0131 zamanda sembollerle dolu bir anlat\u0131 oldu\u011funu da ortaya koyuyor. Her bir detay, bir g\u00f6\u00e7\u00fcn, bir ya\u015fam tarz\u0131n\u0131n ve bir co\u011frafyan\u0131n izlerini ta\u015f\u0131yor. \u00c7\u00f6zg\u00fc ve atk\u0131larda kullan\u0131lan do\u011fal siyah koyun y\u00fcn\u00fc, hal\u0131ya hem derinlik hem de zarif bir yo\u011funluk kazand\u0131r\u0131yor.<\/p>\n<p>Hal\u0131n\u0131n haki ve koyu yerlerinde olu\u015fan \u00e7\u00f6kmeler antik de\u011ferine de\u011fer katan bir tasar\u0131m \u00f6\u011fesine d\u00f6n\u00fc\u015fm\u00fc\u015f. Hal\u0131 kullan\u0131lmadan zaman zaman sergilenerek eskimi\u015f, bu sayede kondisyonu ola\u011fan\u00fcst\u00fc kalm\u0131\u015f. Ancak hal\u0131n\u0131n daha ya\u015fl\u0131 olabilece\u011fini d\u00fc\u015f\u00fcnen eksperlerimiz mevcut. Kullan\u0131lmam\u0131\u015f olmas\u0131na ra\u011fmen koyu renklerinin \u00e7\u00f6kme oran\u0131 antikle\u015fme oran\u0131 ger\u00e7ekten takdire \u015fayan ve ya\u015f\u0131n\u0131n daha fazla olma ihtimalini d\u00fc\u015f\u00fcnd\u00fcr\u00fcyor.<\/p>\n<p>Bu hal\u0131, yaln\u0131zca bir zemin, masa ya da duvar \u00f6rt\u00fcs\u00fc de\u011fil; zamana, mek\u00e2na ve gelene\u011fe tan\u0131kl\u0131k eden sessiz bir epik metin. G\u00fcn\u00fcm\u00fczde bu kadar sa\u011flam, okunakl\u0131 ve estetik b\u00fct\u00fcnl\u00fc\u011f\u00fc korunmu\u015f bir Kemaliye hal\u0131s\u0131na rastlamak neredeyse imkans\u0131z. Bu nedenle, bu nadide par\u00e7a sadece bir koleksiyonun de\u011fil, ayn\u0131 zamanda bir k\u00fclt\u00fcrel miras\u0131n da de\u011ferli bir ta\u015f\u0131y\u0131c\u0131s\u0131d\u0131r.<\/p>\n","protected":false},"excerpt":{"rendered":"<p><strong>Men\u015fei:<\/strong> T\u00fcrkiye &#8211; Erzincan, Kemaliye <strong>D\u00f6nem:<\/strong> 19. Y\u00fczy\u0131l | Tahmini 150+ Ya\u015f\u0131nda <strong>Teknik:<\/strong> El Dokumas\u0131 &#8211; %100 Kirman Y\u00fcn\u00fc, K\u00f6k Boya <strong>Kondisyon:<\/strong> Ola\u011fan\u00fcst\u00fc<\/p>\n","protected":false},"featured_media":7786,"comment_status":"closed","ping_status":"closed","template":"","meta":[],"product_brand":[],"product_cat":[336],"product_tag":[395,398,396,399,397,393,394],"class_list":{"0":"post-7785","1":"product","2":"type-product","3":"status-publish","4":"has-post-thumbnail","6":"product_cat-hali-ve-kilim","7":"product_tag-antika-hali","8":"product_tag-antika-hali-muzayedesi","9":"product_tag-antique-rug","10":"product_tag-antique-rug-online-auction","11":"product_tag-endemigo-auction","12":"product_tag-online-auction","13":"product_tag-online-muzayede","15":"first","16":"instock","17":"sold-individually","18":"product-type-auction"},"_links":{"self":[{"href":"https:\/\/endemigoauction.com\/en\/wp-json\/wp\/v2\/product\/7785","targetHints":{"allow":["GET"]}}],"collection":[{"href":"https:\/\/endemigoauction.com\/en\/wp-json\/wp\/v2\/product"}],"about":[{"href":"https:\/\/endemigoauction.com\/en\/wp-json\/wp\/v2\/types\/product"}],"replies":[{"embeddable":true,"href":"https:\/\/endemigoauction.com\/en\/wp-json\/wp\/v2\/comments?post=7785"}],"wp:featuredmedia":[{"embeddable":true,"href":"https:\/\/endemigoauction.com\/en\/wp-json\/wp\/v2\/media\/7786"}],"wp:attachment":[{"href":"https:\/\/endemigoauction.com\/en\/wp-json\/wp\/v2\/media?parent=7785"}],"wp:term":[{"taxonomy":"product_brand","embeddable":true,"href":"https:\/\/endemigoauction.com\/en\/wp-json\/wp\/v2\/product_brand?post=7785"},{"taxonomy":"product_cat","embeddable":true,"href":"https:\/\/endemigoauction.com\/en\/wp-json\/wp\/v2\/product_cat?post=7785"},{"taxonomy":"product_tag","embeddable":true,"href":"https:\/\/endemigoauction.com\/en\/wp-json\/wp\/v2\/product_tag?post=7785"}],"curies":[{"name":"wp","href":"https:\/\/api.w.org\/{rel}","templated":true}]}}