{"id":7782,"date":"2025-05-29T10:46:20","date_gmt":"2025-05-29T07:46:20","guid":{"rendered":"https:\/\/endemigoauction.com\/urun\/lot-24-antik-kula-halisi-110-yas-147-x-163-cm\/"},"modified":"2025-06-01T15:39:02","modified_gmt":"2025-06-01T12:39:02","slug":"lot-24-antik-kula-halisi-110-yas-147-x-163-cm","status":"publish","type":"product","link":"https:\/\/endemigoauction.com\/en\/urun\/lot-24-antik-kula-halisi-110-yas-147-x-163-cm\/","title":{"rendered":"LOT.24 Antik Kula Hal\u0131s\u0131 110+ Ya\u015f 147 x 163 cm"},"content":{"rendered":"<p><strong>Antik Kula Hal\u0131s\u0131 110+ Ya\u015f 147 x 163 cm.<\/strong><\/p>\n<p>Bu zarif Kula hal\u0131s\u0131, Anadolu aristokrasisinin hal\u0131 sanat\u0131yla kurdu\u011fu sessiz ama derin ili\u015fkiye tan\u0131kl\u0131k eder. Manisa\u2019n\u0131n Kula il\u00e7esinde do\u011fmu\u015f bu eser, klasik formuyla de\u011fil, simgesel derinli\u011fi ve renksel asaletiyle de kendine \u00f6zg\u00fc bir \u015fiir ta\u015f\u0131r.<\/p>\n<p>\u00c7ift mihrapl\u0131 g\u00f6be\u011fiyle dikkat \u00e7eken hal\u0131, yaln\u0131zca ibadet alan\u0131 tan\u0131mlayan bir \u00f6\u011fe de\u011fil; ayn\u0131 zamanda mek\u00e2nla kurulan ruhsal ili\u015fkiyi derinle\u015ftiren simgesel bir kap\u0131 niteli\u011findedir. Bu form, hal\u0131n\u0131n merkezine metafizik bir y\u00f6n kazand\u0131r\u0131r. Mihrap eksenli yerle\u015fim, izleyeni i\u00e7e do\u011fru bir yolculu\u011fa davet eder.<\/p>\n<p>Kullan\u0131lan mor rengin tonlar\u0131, yaln\u0131zca estetik bir tercih de\u011fil; ayn\u0131 zamanda asaletin ve i\u00e7sel derinli\u011fin ifadesidir. Bu tonlar, tarih boyunca ruhaniyetin, bilgeli\u011fin ve aristokratik zarafetin ta\u015f\u0131y\u0131c\u0131s\u0131 olmu\u015ftur. Hal\u0131n\u0131n genel renk dengesi ve motif se\u00e7imi, onu yaln\u0131zca bir zemin \u00f6rt\u00fcs\u00fc de\u011fil, ayn\u0131 zamanda bir g\u00f6rsel \u015fiir haline getirir.<\/p>\n<p>Kilimlik u\u00e7 k\u0131s\u0131mlar\u0131n profesyonel zincirleme koruma tekni\u011fiyle muhafaza edilmi\u015f olmas\u0131, bu hal\u0131ya g\u00f6sterilen ihtimam\u0131n, onun bir koleksiyon par\u00e7as\u0131 olarak ta\u015f\u0131d\u0131\u011f\u0131 k\u0131ymetin somut bir yans\u0131mas\u0131d\u0131r. Y\u00fcn kalitesi, dokuma s\u0131kl\u0131\u011f\u0131 ve hav derinli\u011fi ise, bu hal\u0131y\u0131 sadece bir dekoratif unsur de\u011fil, dokunsal bir haz nesnesine d\u00f6n\u00fc\u015ft\u00fcr\u00fcr.Kula hal\u0131lar\u0131n\u0131n klasik formunda var olan aristokrat zarafet, bu \u00f6rnekte tam anlam\u0131yla v\u00fccut bulur. Her detay\u0131yla se\u00e7kinlik duygusu yayan bu par\u00e7a, ge\u00e7mi\u015fin estetik anlay\u0131\u015f\u0131n\u0131 g\u00fcn\u00fcm\u00fczle bulu\u015fturan bir k\u00f6pr\u00fcd\u00fcr.<\/p>\n","protected":false},"excerpt":{"rendered":"<p><strong>Men\u015fei:<\/strong> T\u00fcrkiye &#8211; Manisa, Kula <strong>D\u00f6nem:<\/strong> 20. Y\u00fczy\u0131l Ba\u015f\u0131 | Tahmini 110+ Ya\u015f\u0131nda <strong>Teknik:<\/strong> El Dokumas\u0131 &#8211; %100 Kirman Y\u00fcn\u00fc, K\u00f6k Boya <strong>Kondisyon:<\/strong> M\u00fckemmel<\/p>\n","protected":false},"featured_media":7783,"comment_status":"closed","ping_status":"closed","template":"","meta":[],"product_brand":[],"product_cat":[336],"product_tag":[395,398,396,399,397,393,394],"class_list":{"0":"post-7782","1":"product","2":"type-product","3":"status-publish","4":"has-post-thumbnail","6":"product_cat-hali-ve-kilim","7":"product_tag-antika-hali","8":"product_tag-antika-hali-muzayedesi","9":"product_tag-antique-rug","10":"product_tag-antique-rug-online-auction","11":"product_tag-endemigo-auction","12":"product_tag-online-auction","13":"product_tag-online-muzayede","15":"first","16":"instock","17":"sold-individually","18":"product-type-auction"},"_links":{"self":[{"href":"https:\/\/endemigoauction.com\/en\/wp-json\/wp\/v2\/product\/7782","targetHints":{"allow":["GET"]}}],"collection":[{"href":"https:\/\/endemigoauction.com\/en\/wp-json\/wp\/v2\/product"}],"about":[{"href":"https:\/\/endemigoauction.com\/en\/wp-json\/wp\/v2\/types\/product"}],"replies":[{"embeddable":true,"href":"https:\/\/endemigoauction.com\/en\/wp-json\/wp\/v2\/comments?post=7782"}],"wp:featuredmedia":[{"embeddable":true,"href":"https:\/\/endemigoauction.com\/en\/wp-json\/wp\/v2\/media\/7783"}],"wp:attachment":[{"href":"https:\/\/endemigoauction.com\/en\/wp-json\/wp\/v2\/media?parent=7782"}],"wp:term":[{"taxonomy":"product_brand","embeddable":true,"href":"https:\/\/endemigoauction.com\/en\/wp-json\/wp\/v2\/product_brand?post=7782"},{"taxonomy":"product_cat","embeddable":true,"href":"https:\/\/endemigoauction.com\/en\/wp-json\/wp\/v2\/product_cat?post=7782"},{"taxonomy":"product_tag","embeddable":true,"href":"https:\/\/endemigoauction.com\/en\/wp-json\/wp\/v2\/product_tag?post=7782"}],"curies":[{"name":"wp","href":"https:\/\/api.w.org\/{rel}","templated":true}]}}