{"id":7779,"date":"2025-05-29T10:45:59","date_gmt":"2025-05-29T07:45:59","guid":{"rendered":"https:\/\/endemigoauction.com\/urun\/lot-25-antik-maras-halisi-120-yas-95-x-263-cm\/"},"modified":"2025-06-01T15:54:32","modified_gmt":"2025-06-01T12:54:32","slug":"lot-25-antik-maras-halisi-120-yas-95-x-263-cm","status":"publish","type":"product","link":"https:\/\/endemigoauction.com\/en\/urun\/lot-25-antik-maras-halisi-120-yas-95-x-263-cm\/","title":{"rendered":"LOT.25 Antik Mara\u015f Hal\u0131s\u0131 120+ Ya\u015f 95 x 263 cm"},"content":{"rendered":"<p><strong>Antik Mara\u015f Hal\u0131s\u0131 120+ Ya\u015f 95 x 263 cm.<\/strong><\/p>\n<p>Y\u00fczy\u0131llar\u0131n sessiz tan\u0131\u011f\u0131 olan bu e\u015fsiz Mara\u015f hal\u0131s\u0131, sadece bir dokuma de\u011fil, ayn\u0131 zamanda bir medeniyetin derin izlerini ta\u015f\u0131yan bir belgedir. Kahramanmara\u015f b\u00f6lgesine ait hal\u0131lar, nadir bulunurluklar\u0131 ve ta\u015f\u0131d\u0131klar\u0131 simgesel, teknik zenginlikleriyle Anadolu hal\u0131 sanat\u0131n\u0131n mistik sayfalar\u0131nda \u00f6zel bir yer edinir. Bu \u00f6rnek, o nadir kal\u0131nt\u0131lar\u0131n aras\u0131nda, adeta zaman\u0131n eline hi\u00e7 de\u011fmemi\u015f bir hikaye sunar.<\/p>\n<p>Kirman y\u00fcn\u00fcn\u00fcn zarif dokusu, y\u00fczde yirmi otuz oran\u0131nda kar\u0131\u015ft\u0131r\u0131lan angora (tiftik) ile bulu\u015ftu\u011funda, sadece bir doku de\u011fil, \u0131\u015f\u0131kla dans eden bir y\u00fczey olu\u015fturur. Bu birle\u015fim, hal\u0131ya fiziksel bir derinlik kazand\u0131rmakla kalmaz, ayn\u0131 zamanda metafizik bir boyut da ekler. Sa\u00e7ak \u00f6rg\u00fclerindeki zarafet, bir sab\u0131r rit\u00fcelinin izlerini ta\u015f\u0131rken; do\u011fal k\u00f6k boyalarla elde edilen nadir renk tonlar\u0131, do\u011fan\u0131n renk haf\u0131zas\u0131n\u0131 hal\u0131ya m\u00fch\u00fcrler.<\/p>\n<p>Zemin \u00fczerine ustal\u0131kla yerle\u015ftirilmi\u015f d\u00f6rt geometrik g\u00f6bek, sadece estetik unsurlar de\u011fil; ayn\u0131 zamanda bir y\u00f6n tayini ve merkez aray\u0131\u015f\u0131n\u0131n ifadesidir. \u00c7ift mihrapl\u0131 uzunlamas\u0131na yerle\u015fim, bu hal\u0131n\u0131n s\u0131radan bir i\u015flev nesnesi olman\u0131n \u00f6tesinde, manevi bir e\u015fikten ge\u00e7ti\u011finin i\u015faretidir. Hal\u0131n\u0131n i\u00e7 ve d\u0131\u015f bord\u00fcrlerinde yer alan eski T\u00fcrk tamgalar\u0131, sadece s\u00fcsleme de\u011fil, dil \u00f6ncesi bir anlat\u0131n\u0131n ve sembolik haf\u0131zan\u0131n izleridir.<\/p>\n<p>En d\u0131\u015ftaki ince bord\u00fcrdeki minyat\u00fcr motifler, farkl\u0131 renklerde \u00e7o\u011falt\u0131larak adeta bir kozmos \u015feridi gibi hal\u0131n\u0131n \u00e7evresini sarar. Bu ritmik tekrar, Anadolu&#8217;nun k\u00fclt\u00fcrel d\u00f6ng\u00fcs\u00fcne bir g\u00f6nderme oldu\u011fu kadar, evrensel bir sonsuzluk hissini de ta\u015f\u0131r.Serildi\u011fi mek\u00e2na yaln\u0131zca estetik de\u011fil, atmosferik bir d\u00f6n\u00fc\u015f\u00fcm getiren bu hal\u0131, bak\u0131\u015f\u0131n \u00f6tesine seslenen bir nesnedir.<\/p>\n<p>Onun varl\u0131\u011f\u0131, alan\u0131 d\u00f6n\u00fc\u015ft\u00fcr\u00fcr; ge\u00e7mi\u015fi \u00e7a\u011f\u0131r\u0131r, mek\u00e2na bir zaman katman\u0131 ekler. Bu eser, koleksiyonlarda yaln\u0131zca bir bo\u015flu\u011fu doldurmak i\u00e7in de\u011fil, bir bilgelik par\u00e7as\u0131 olarak yer almal\u0131d\u0131r.<\/p>\n","protected":false},"excerpt":{"rendered":"<p><strong>Men\u015fei:<\/strong> T\u00fcrkiye &#8211; Kahramanmara\u015f <strong>D\u00f6nem:<\/strong> 20. Y\u00fczy\u0131l Ba\u015f\u0131 | Tahmini 120+ Ya\u015f\u0131nda <strong>Teknik:<\/strong> El Dokumas\u0131 &#8211; %100 Kirman Y\u00fcn\u00fc, K\u00f6k Boya <strong>Kondisyon:<\/strong> Ola\u011fan\u00fcst\u00fc<\/p>\n","protected":false},"featured_media":7780,"comment_status":"closed","ping_status":"closed","template":"","meta":[],"product_brand":[],"product_cat":[336],"product_tag":[395,398,396,399,397,393,394],"class_list":{"0":"post-7779","1":"product","2":"type-product","3":"status-publish","4":"has-post-thumbnail","6":"product_cat-hali-ve-kilim","7":"product_tag-antika-hali","8":"product_tag-antika-hali-muzayedesi","9":"product_tag-antique-rug","10":"product_tag-antique-rug-online-auction","11":"product_tag-endemigo-auction","12":"product_tag-online-auction","13":"product_tag-online-muzayede","15":"first","16":"instock","17":"sold-individually","18":"product-type-auction"},"_links":{"self":[{"href":"https:\/\/endemigoauction.com\/en\/wp-json\/wp\/v2\/product\/7779","targetHints":{"allow":["GET"]}}],"collection":[{"href":"https:\/\/endemigoauction.com\/en\/wp-json\/wp\/v2\/product"}],"about":[{"href":"https:\/\/endemigoauction.com\/en\/wp-json\/wp\/v2\/types\/product"}],"replies":[{"embeddable":true,"href":"https:\/\/endemigoauction.com\/en\/wp-json\/wp\/v2\/comments?post=7779"}],"wp:featuredmedia":[{"embeddable":true,"href":"https:\/\/endemigoauction.com\/en\/wp-json\/wp\/v2\/media\/7780"}],"wp:attachment":[{"href":"https:\/\/endemigoauction.com\/en\/wp-json\/wp\/v2\/media?parent=7779"}],"wp:term":[{"taxonomy":"product_brand","embeddable":true,"href":"https:\/\/endemigoauction.com\/en\/wp-json\/wp\/v2\/product_brand?post=7779"},{"taxonomy":"product_cat","embeddable":true,"href":"https:\/\/endemigoauction.com\/en\/wp-json\/wp\/v2\/product_cat?post=7779"},{"taxonomy":"product_tag","embeddable":true,"href":"https:\/\/endemigoauction.com\/en\/wp-json\/wp\/v2\/product_tag?post=7779"}],"curies":[{"name":"wp","href":"https:\/\/api.w.org\/{rel}","templated":true}]}}