{"id":7776,"date":"2025-05-29T10:45:59","date_gmt":"2025-05-29T07:45:59","guid":{"rendered":"https:\/\/endemigoauction.com\/urun\/lot-26-antik-karapinar-salur-tulu-100-yas-142-x-222-cm\/"},"modified":"2025-06-01T15:53:56","modified_gmt":"2025-06-01T12:53:56","slug":"lot-26-antik-karapinar-salur-tulu-100-yas-142-x-222-cm","status":"publish","type":"product","link":"https:\/\/endemigoauction.com\/en\/urun\/lot-26-antik-karapinar-salur-tulu-100-yas-142-x-222-cm\/","title":{"rendered":"LOT.26 Antik Karap\u0131nar Salur T\u00fcl\u00fc 100+ Ya\u015f 142 x 222 cm"},"content":{"rendered":"<p><strong>Antik Karap\u0131nar Salur T\u00fcl\u00fc 100+ Ya\u015f 142 x 222 cm.<\/strong><\/p>\n<p>Konya&#8217;n\u0131n geni\u015f d\u00fczl\u00fcklerinden do\u011fan bu 20. y\u00fczy\u0131l ba\u015f\u0131 antika Salur T\u00fcl\u00fc, Karap\u0131nar&#8217;\u0131n k\u00f6kl\u00fc dokuma gelene\u011finin bir yans\u0131mas\u0131 olarak, y\u00fcz y\u0131l\u0131 a\u015fk\u0131n bir zaman diliminin otantik ifadesini sunuyor. Kirman y\u00fcn\u00fcn\u00fcn do\u011fal yap\u0131s\u0131 ve k\u00f6k boyalar\u0131n kal\u0131c\u0131 renkleriyle, kilim zemininde belirgin bir derinlik hissiyle i\u015flenmi\u015f bu \u00f6zel eser, dokunsal bir ayr\u0131cal\u0131k sa\u011fl\u0131yor. Bu teknik, sadece bir y\u00fczey olman\u0131n \u00f6tesine ge\u00e7erek, hissedilir bir \u00f6zg\u00fcnl\u00fck yarat\u0131yor.<\/p>\n<p>Y\u00fczeyindeki geleneksel kompozisyon, g\u00f6\u00e7ebe k\u00fclt\u00fcr\u00fcn\u00fcn sembolik d\u00fcnyas\u0131n\u0131 yans\u0131t\u0131yor. &#8220;Saf&#8221; olarak adland\u0131r\u0131lan tribal mihraplar\u0131n ard\u0131\u015f\u0131k dizili\u015fi, belki de ruhsal bir y\u00fckseli\u015fi, farkl\u0131 anlam katmanlar\u0131n\u0131 veya toplumsal yap\u0131y\u0131 simgeliyor. Do\u011fal koyun y\u00fcnlerinin sakin beyaz fonu \u00fczerinde, siyah\u0131n belirgin hatlar\u0131yla dizilen mihrap motifleri aras\u0131ndaki tribal tamgalar, bu kadim hikayeyi tamaml\u0131yor. Her bir tamga, bir toplulu\u011fun, bir soyun ya da bir inanc\u0131n kendine \u00f6zg\u00fc i\u015faretidir.Sand\u0131kta korunarak g\u00fcn\u00fcm\u00fcze ula\u015fan, dokunulmam\u0131\u015f ve onar\u0131m g\u00f6rmemi\u015f ola\u011fan\u00fcst\u00fc durumu, bu t\u00fcl\u00fcy\u00fc sadece ge\u00e7mi\u015fe ait bir nesne de\u011fil, ayn\u0131 zamanda zaman\u0131n etkisine direnmi\u015f, saf bir sanat eseri haline getiriyor.<\/p>\n<p>Modern ve \u0130skandinav tasar\u0131m\u0131n\u0131n yal\u0131nl\u0131\u011f\u0131n\u0131 zenginle\u015ftirecek bu \u00f6zel eser, mekana yaln\u0131zca g\u00f6rsel bir de\u011fer katmakla kalm\u0131yor, ayn\u0131 zamanda derin bir k\u00fclt\u00fcrel miras\u0131 ve ustal\u0131\u011f\u0131n s\u0131cakl\u0131\u011f\u0131n\u0131 da ta\u015f\u0131yor. Bu t\u00fcl\u00fcy\u00fc, steplerin ruhunun \u00e7a\u011fda\u015f bir mekandaki zamans\u0131z yank\u0131s\u0131 olarak d\u00fc\u015f\u00fcnebilirsiniz.<\/p>\n","protected":false},"excerpt":{"rendered":"<p><strong>Men\u015fei:<\/strong> T\u00fcrkiye &#8211; Konya, Karap\u0131nar <strong>D\u00f6nem:<\/strong> 20. Y\u00fczy\u0131l Ba\u015f\u0131 | 100+ Ya\u015f <strong>Teknik:<\/strong> El Dokumas\u0131 &#8211; %100 Kirman Y\u00fcn\u00fc, K\u00f6k Boya, <strong>Kondisyon:<\/strong> Ola\u011fan\u00fcst\u00fc.<\/p>\n","protected":false},"featured_media":7777,"comment_status":"closed","ping_status":"closed","template":"","meta":[],"product_brand":[],"product_cat":[336],"product_tag":[395,398,396,399,397,393,394],"class_list":{"0":"post-7776","1":"product","2":"type-product","3":"status-publish","4":"has-post-thumbnail","6":"product_cat-hali-ve-kilim","7":"product_tag-antika-hali","8":"product_tag-antika-hali-muzayedesi","9":"product_tag-antique-rug","10":"product_tag-antique-rug-online-auction","11":"product_tag-endemigo-auction","12":"product_tag-online-auction","13":"product_tag-online-muzayede","15":"first","16":"instock","17":"sold-individually","18":"product-type-auction"},"_links":{"self":[{"href":"https:\/\/endemigoauction.com\/en\/wp-json\/wp\/v2\/product\/7776","targetHints":{"allow":["GET"]}}],"collection":[{"href":"https:\/\/endemigoauction.com\/en\/wp-json\/wp\/v2\/product"}],"about":[{"href":"https:\/\/endemigoauction.com\/en\/wp-json\/wp\/v2\/types\/product"}],"replies":[{"embeddable":true,"href":"https:\/\/endemigoauction.com\/en\/wp-json\/wp\/v2\/comments?post=7776"}],"wp:featuredmedia":[{"embeddable":true,"href":"https:\/\/endemigoauction.com\/en\/wp-json\/wp\/v2\/media\/7777"}],"wp:attachment":[{"href":"https:\/\/endemigoauction.com\/en\/wp-json\/wp\/v2\/media?parent=7776"}],"wp:term":[{"taxonomy":"product_brand","embeddable":true,"href":"https:\/\/endemigoauction.com\/en\/wp-json\/wp\/v2\/product_brand?post=7776"},{"taxonomy":"product_cat","embeddable":true,"href":"https:\/\/endemigoauction.com\/en\/wp-json\/wp\/v2\/product_cat?post=7776"},{"taxonomy":"product_tag","embeddable":true,"href":"https:\/\/endemigoauction.com\/en\/wp-json\/wp\/v2\/product_tag?post=7776"}],"curies":[{"name":"wp","href":"https:\/\/api.w.org\/{rel}","templated":true}]}}