{"id":7773,"date":"2025-05-29T10:45:59","date_gmt":"2025-05-29T07:45:59","guid":{"rendered":"https:\/\/endemigoauction.com\/urun\/lot-27-antik-karapinar-salur-yan-halisi-100-yas-139-x-335-cm\/"},"modified":"2025-06-01T15:49:16","modified_gmt":"2025-06-01T12:49:16","slug":"lot-27-antik-karapinar-salur-yan-halisi-100-yas-139-x-335-cm","status":"publish","type":"product","link":"https:\/\/endemigoauction.com\/en\/urun\/lot-27-antik-karapinar-salur-yan-halisi-100-yas-139-x-335-cm\/","title":{"rendered":"LOT.27 Antik Karap\u0131nar Salur Yan Hal\u0131s\u0131 100+ Ya\u015f 139 x 335 cm"},"content":{"rendered":"<p><strong>Antik Karap\u0131nar Salur Yan Hal\u0131s\u0131 100+ Ya\u015f 139 x 335 cm.<\/strong><\/p>\n<p>Konya&#8217;n\u0131n geni\u015f steplerinin derinliklerinden, Karap\u0131nar&#8217;\u0131n kadim dokuma gelene\u011finden do\u011fan bu 20. y\u00fczy\u0131l ba\u015f\u0131 antika Salur hal\u0131s\u0131, y\u00fcz y\u0131l\u0131 a\u015fk\u0131n bir s\u00fcredir Anadolu zanaat\u0131n\u0131n sessiz ve g\u00fc\u00e7l\u00fc bir ifadesi olarak varl\u0131\u011f\u0131n\u0131 s\u00fcrd\u00fcrmektedir. Usta ellerde, %100 Kirman y\u00fcn\u00fcn\u00fcn s\u0131cakl\u0131\u011f\u0131, k\u00f6k boyalar\u0131n zamana meydan okuyan canl\u0131l\u0131\u011f\u0131 ve G\u00f6rdes d\u00fc\u011f\u00fcm\u00fcn\u00fcn s\u0131k\u0131l\u0131\u011f\u0131yla hayat bulan bu eser, sadece bir zemin \u00f6rt\u00fcs\u00fc de\u011fil, ayn\u0131 zamanda ait oldu\u011fu co\u011frafyan\u0131n ruhunu ve k\u00fclt\u00fcrel katmanlar\u0131n\u0131 ta\u015f\u0131yan somut bir tecr\u00fcbedir.<\/p>\n<p>Bu nadide hal\u0131n\u0131n k\u00f6k k\u0131rm\u0131z\u0131s\u0131 geni\u015f zemininde, iki ihti\u015faml\u0131 madalyon g\u00f6bek ve onlar\u0131n aras\u0131nda yer alan m\u00fctevaz\u0131 bir k\u00fc\u00e7\u00fck g\u00f6bek, adeta steplerin enginli\u011finde yank\u0131lanan bir ritmi f\u0131s\u0131ldar. Ba\u015ftaki ta\u00e7land\u0131r\u0131lm\u0131\u015f formlar ise, Karap\u0131nar Salur hal\u0131lar\u0131n\u0131n kendine has soylulu\u011funu ve \u00f6zg\u00fcn kimli\u011fini vurgular. \u00c7i\u00e7eklerle bezeli bord\u00fcr\u00fc, bu sert co\u011frafyan\u0131n beklenmedik zarafetini ve do\u011fan\u0131n d\u00f6ng\u00fcsel g\u00fczelli\u011fini yans\u0131t\u0131rken, hal\u0131n\u0131n ola\u011fan\u00fcst\u00fc kondisyonu, zaman\u0131n bu sanatsal ifadeye sayg\u0131s\u0131n\u0131 g\u00f6zler \u00f6n\u00fcne serer.<\/p>\n<p>Salur hal\u0131lar\u0131, Orta Anadolu&#8217;nun hal\u0131 \u00fcretim merkezlerinden biri olarak, her bir eserin &#8220;t\u00fcr\u00fcn\u00fcn tek \u00f6rne\u011fi&#8221; oldu\u011fu ger\u00e7e\u011fini b\u00fcnyesinde ta\u015f\u0131r. Bu antika Karap\u0131nar Salur hal\u0131s\u0131 da, bu e\u015fsizli\u011fin \u00f6tesinde, dokunuldu\u011funda hissedilmesi gereken, derin bir hikayesi olan bir eserdir. Renklerin titre\u015fimi, y\u00fcn\u00fcn s\u0131cakl\u0131\u011f\u0131 ve desenlerin kadim dili, onu sadece g\u00f6rsel bir obje olmaktan \u00e7\u0131kar\u0131p, duyusal bir deneyime d\u00f6n\u00fc\u015ft\u00fcr\u00fcr. Bu hal\u0131, her dekorasyon tarz\u0131na sadece kalite katmakla kalmaz, ayn\u0131 zamanda mekana bir ruh, bir kimlik ve zamans\u0131z bir zarafet de bah\u015feder. Bu, bakmaktan hissedilmesi gereken, Anadolu&#8217;nun dokunmu\u015f bir \u015fiiridir.<\/p>\n","protected":false},"excerpt":{"rendered":"<p><strong>Men\u015fei:<\/strong> T\u00fcrkiye &#8211; Konya, Karap\u0131nar <strong>D\u00f6nem:<\/strong> 20. Y\u00fczy\u0131l Ba\u015f\u0131 | 100+ Ya\u015f <strong>Teknik:<\/strong> El Dokumas\u0131 &#8211; %100 Kirman Y\u00fcn\u00fc, K\u00f6k Boya, G\u00f6rdes D\u00fc\u011f\u00fcm\u00fc <strong>Kondisyon:<\/strong> Ola\u011fan\u00fcst\u00fc.<\/p>\n","protected":false},"featured_media":7774,"comment_status":"closed","ping_status":"closed","template":"","meta":[],"product_brand":[],"product_cat":[336],"product_tag":[395,398,396,399,397,393,394],"class_list":{"0":"post-7773","1":"product","2":"type-product","3":"status-publish","4":"has-post-thumbnail","6":"product_cat-hali-ve-kilim","7":"product_tag-antika-hali","8":"product_tag-antika-hali-muzayedesi","9":"product_tag-antique-rug","10":"product_tag-antique-rug-online-auction","11":"product_tag-endemigo-auction","12":"product_tag-online-auction","13":"product_tag-online-muzayede","15":"first","16":"instock","17":"sold-individually","18":"product-type-auction"},"_links":{"self":[{"href":"https:\/\/endemigoauction.com\/en\/wp-json\/wp\/v2\/product\/7773","targetHints":{"allow":["GET"]}}],"collection":[{"href":"https:\/\/endemigoauction.com\/en\/wp-json\/wp\/v2\/product"}],"about":[{"href":"https:\/\/endemigoauction.com\/en\/wp-json\/wp\/v2\/types\/product"}],"replies":[{"embeddable":true,"href":"https:\/\/endemigoauction.com\/en\/wp-json\/wp\/v2\/comments?post=7773"}],"wp:featuredmedia":[{"embeddable":true,"href":"https:\/\/endemigoauction.com\/en\/wp-json\/wp\/v2\/media\/7774"}],"wp:attachment":[{"href":"https:\/\/endemigoauction.com\/en\/wp-json\/wp\/v2\/media?parent=7773"}],"wp:term":[{"taxonomy":"product_brand","embeddable":true,"href":"https:\/\/endemigoauction.com\/en\/wp-json\/wp\/v2\/product_brand?post=7773"},{"taxonomy":"product_cat","embeddable":true,"href":"https:\/\/endemigoauction.com\/en\/wp-json\/wp\/v2\/product_cat?post=7773"},{"taxonomy":"product_tag","embeddable":true,"href":"https:\/\/endemigoauction.com\/en\/wp-json\/wp\/v2\/product_tag?post=7773"}],"curies":[{"name":"wp","href":"https:\/\/api.w.org\/{rel}","templated":true}]}}