{"id":7770,"date":"2025-05-29T10:45:59","date_gmt":"2025-05-29T07:45:59","guid":{"rendered":"https:\/\/endemigoauction.com\/urun\/lot-28-antik-zile-halisi-120-yas-112-x-195\/"},"modified":"2025-06-11T17:03:24","modified_gmt":"2025-06-11T14:03:24","slug":"lot-28-antik-zile-halisi-120-yas-112-x-195","status":"publish","type":"product","link":"https:\/\/endemigoauction.com\/en\/urun\/lot-28-antik-zile-halisi-120-yas-112-x-195\/","title":{"rendered":"LOT.28 Antik Zile Hal\u0131s\u0131 120+ Ya\u015f 112 x 195 cm"},"content":{"rendered":"<p><strong>Antik Zile Hal\u0131s\u0131 120+ Ya\u015f 112 x 195.<\/strong><\/p>\n<p>Bir Dile\u011fin Dokunmu\u015f Hali: 20. Y\u00fczy\u0131l Ba\u015f\u0131 Antik Zile Hal\u0131s\u0131Y\u00fczy\u0131l\u0131 a\u015fk\u0131n bir s\u00fcredir zaman\u0131n ipeksi dokusunda s\u00fcz\u00fclen bu e\u015fsiz Zile hal\u0131s\u0131, Kayseri&#8217;nin kadim topraklar\u0131ndan, Osmanl\u0131 \u0130mparatorlu\u011fu&#8217;nun son d\u00f6nemlerinde do\u011fmu\u015f adeta bir t\u0131ls\u0131m. O zamanlar saray\u0131n, aristokrasinin ve hatta Avrupa&#8217;n\u0131n se\u00e7kin zevklerinin arad\u0131\u011f\u0131 nadide bir sanat eseri olarak kabul edilmi\u015f, Zile hal\u0131lar\u0131n\u0131n mistik bir aura ta\u015f\u0131d\u0131\u011f\u0131na ve sahibinin dileklerine arac\u0131l\u0131k etti\u011fine inan\u0131lm\u0131\u015ft\u0131r.<\/p>\n<p>Bu hal\u0131, Kayseri&#8217;nin di\u011fer dokuma harikalar\u0131ndan, renklerinin derinli\u011fi, i\u015f\u00e7ili\u011finin m\u00fckemmelli\u011fi ve \u00f6zg\u00fcn tasar\u0131mlar\u0131yla ayr\u0131lan se\u00e7kin bir \u00f6rnektir. Bu ba\u015fyap\u0131t\u0131n ruhunu yans\u0131tan s\u00fctunlu mihrap, adeta uhrevi bir mekan\u0131 i\u015faret ederken, i\u00e7inde as\u0131l\u0131 duran \u015famdan, zamana meydan okuyan bir \u0131\u015f\u0131k ve ayd\u0131nlanmay\u0131 simgeler. Mihrab\u0131n \u00fcst ve alt k\u0131s\u0131mlar\u0131ndaki sand\u0131klarda beliren safl\u0131 tasar\u0131m, dokuman\u0131n ritmik ve saf esteti\u011fini vurgular. Kenar bord\u00fcrlerini \u00e7evreleyen zarif ince bord\u00fcrler, kal\u0131n ve toprak rengi su yolu bord\u00fcr\u00fc ile m\u00fckemmel bir denge olu\u015fturarak, hal\u0131n\u0131n sanatsal niteli\u011fini zirveye ta\u015f\u0131r. Bu su yolu, belki de zaman\u0131n ak\u0131\u015f\u0131n\u0131, topra\u011f\u0131n bereketiyle birle\u015fen dinginli\u011fini f\u0131s\u0131ldar.<\/p>\n<p>%100 Kirman y\u00fcn\u00fcn\u00fcn zarafeti, k\u00f6k boyalar\u0131n canl\u0131l\u0131\u011f\u0131 ve G\u00f6rdes d\u00fc\u011f\u00fcm\u00fcn\u00fcn s\u0131k\u0131l\u0131\u011f\u0131yla hayat bulan bu hal\u0131, ola\u011fan\u00fcst\u00fc kondisyonuyla adeta zamana meydan okur. Y\u00fcz y\u0131l\u0131 a\u015fk\u0131n ge\u00e7mi\u015fine ra\u011fmen korudu\u011fu bu kusursuzluk, onu sadece bir antika de\u011fil, ayn\u0131 zamanda koleksiyoncular i\u00e7in e\u015fsiz bir sanat eserine d\u00f6n\u00fc\u015ft\u00fcr\u00fcr. Bu Zile hal\u0131s\u0131, bir mekan\u0131 sadece \u00f6rtmekle kalmaz, ayn\u0131 zamanda y\u00fczy\u0131llar \u00f6ncesinden gelen bir estetik anlay\u0131\u015f\u0131n\u0131, bir inanc\u0131 ve bir zanaat\u0131n m\u00fckemmelli\u011fini de ta\u015f\u0131r. Bu, bir hal\u0131dan \u00f6te, dokunmu\u015f bir arzu, zamana f\u0131s\u0131ldayan bir hikaye ve bir sanat eserinin \u00f6l\u00fcms\u00fczl\u00fc\u011f\u00fcd\u00fcr.<\/p>\n","protected":false},"excerpt":{"rendered":"<p><strong>Men\u015fei:<\/strong> T\u00fcrkiye &#8211; Kayseri <strong>D\u00f6nem:<\/strong> 20. Y\u00fczy\u0131l Ba\u015f\u0131 | 120+ Ya\u015f <strong>Teknik:<\/strong> El Dokumas\u0131 &#8211; %100 Kirman Y\u00fcn\u00fc, K\u00f6k Boya, G\u00f6rdes D\u00fc\u011f\u00fcm\u00fc <strong>Kondisyon:<\/strong> Ola\u011fan\u00fcst\u00fc<\/p>\n","protected":false},"featured_media":7771,"comment_status":"closed","ping_status":"closed","template":"","meta":[],"product_brand":[],"product_cat":[336],"product_tag":[395,398,396,399,397,393,394],"class_list":{"0":"post-7770","1":"product","2":"type-product","3":"status-publish","4":"has-post-thumbnail","6":"product_cat-hali-ve-kilim","7":"product_tag-antika-hali","8":"product_tag-antika-hali-muzayedesi","9":"product_tag-antique-rug","10":"product_tag-antique-rug-online-auction","11":"product_tag-endemigo-auction","12":"product_tag-online-auction","13":"product_tag-online-muzayede","15":"first","16":"instock","17":"sold-individually","18":"product-type-auction"},"_links":{"self":[{"href":"https:\/\/endemigoauction.com\/en\/wp-json\/wp\/v2\/product\/7770","targetHints":{"allow":["GET"]}}],"collection":[{"href":"https:\/\/endemigoauction.com\/en\/wp-json\/wp\/v2\/product"}],"about":[{"href":"https:\/\/endemigoauction.com\/en\/wp-json\/wp\/v2\/types\/product"}],"replies":[{"embeddable":true,"href":"https:\/\/endemigoauction.com\/en\/wp-json\/wp\/v2\/comments?post=7770"}],"wp:featuredmedia":[{"embeddable":true,"href":"https:\/\/endemigoauction.com\/en\/wp-json\/wp\/v2\/media\/7771"}],"wp:attachment":[{"href":"https:\/\/endemigoauction.com\/en\/wp-json\/wp\/v2\/media?parent=7770"}],"wp:term":[{"taxonomy":"product_brand","embeddable":true,"href":"https:\/\/endemigoauction.com\/en\/wp-json\/wp\/v2\/product_brand?post=7770"},{"taxonomy":"product_cat","embeddable":true,"href":"https:\/\/endemigoauction.com\/en\/wp-json\/wp\/v2\/product_cat?post=7770"},{"taxonomy":"product_tag","embeddable":true,"href":"https:\/\/endemigoauction.com\/en\/wp-json\/wp\/v2\/product_tag?post=7770"}],"curies":[{"name":"wp","href":"https:\/\/api.w.org\/{rel}","templated":true}]}}