{"id":7767,"date":"2025-05-29T10:45:59","date_gmt":"2025-05-29T07:45:59","guid":{"rendered":"https:\/\/endemigoauction.com\/urun\/lot-29-antik-mucur-halisi-19-yuzyil-ortasi-110-x-165-cm\/"},"modified":"2025-06-01T15:52:18","modified_gmt":"2025-06-01T12:52:18","slug":"lot-29-antik-mucur-halisi-19-yuzyil-ortasi-110-x-165-cm","status":"publish","type":"product","link":"https:\/\/endemigoauction.com\/en\/urun\/lot-29-antik-mucur-halisi-19-yuzyil-ortasi-110-x-165-cm\/","title":{"rendered":"LOT.29 Antik Mucur Hal\u0131s\u0131 19. Y\u00fczy\u0131l Ortas\u0131 110 x 165 cm"},"content":{"rendered":"<p><strong>Antik Mucur Hal\u0131s\u0131 19. Y\u00fczy\u0131l Ortas\u0131 110 x 165 cm.<\/strong><\/p>\n<p>Anadolu\u2019nun hal\u0131 dokuma gelene\u011finde Mucur, kendine \u00f6zg\u00fc sembolizmi ve zarif renk anlay\u0131\u015f\u0131yla \u00f6ne \u00e7\u0131kan nadide bir merkezdir. Bu e\u015fsiz par\u00e7a, sadece bir zanaat eseri de\u011fil; bi\u00e7im, oran ve simgeyi bir araya getiren derin bir d\u00fc\u015f\u00fcnsel haritad\u0131r. Scarlet k\u0131rm\u0131z\u0131s\u0131n\u0131n eflatuna \u00e7alan zemininde y\u00fckselen mihrap, oran ve geometri a\u00e7\u0131s\u0131ndan neredeyse matematiksel bir zarafet sunar. Alt\u0131n oran \u00f6l\u00e7e\u011fine uygun dikd\u00f6rtensel yap\u0131s\u0131yla, g\u00f6rsel de\u011fil, adeta ontolojik bir uyum yarat\u0131r.<\/p>\n<p>Mihrab\u0131n i\u00e7ine yerle\u015ftirilmi\u015f s\u0131ra d\u0131\u015f\u0131 tamga d\u00fczenlemesi, klasik d\u00f6\u015femealt\u0131 gelene\u011finden esinlenerek &#8220;deve taban\u0131&#8221; motifinin sand\u0131kl\u0131 bir yorumu gibidir. Bu al\u0131\u015f\u0131lmad\u0131k motifler, yaln\u0131zca g\u00f6rsel bir \u015f\u00f6len de\u011fil, ayn\u0131 zamanda k\u00fclt\u00fcrel bir kodlama da ta\u015f\u0131r. Her bir sembol, bellekle sezgi aras\u0131nda bir k\u00f6pr\u00fc kurar; ta\u015fral\u0131 esteti\u011fin, evrensel anlam aray\u0131\u015f\u0131yla bulu\u015ftu\u011fu bir e\u015fik buras\u0131.<\/p>\n<p>Renk paleti, Anadolu\u2019nun topra\u011f\u0131ndan, bitkisinden ve g\u00f6\u011f\u00fcnden dam\u0131t\u0131lm\u0131\u015f gibidir. K\u00f6k boyalarla elde edilen ton ge\u00e7i\u015fleri, y\u00fcn \u00fczerindeki kadim sessizlikle birle\u015fince, hal\u0131 adeta i\u00e7e d\u00f6n\u00fck bir anlat\u0131ya d\u00f6n\u00fc\u015f\u00fcr. Dokuman\u0131n ritmiyle birlikte ilerleyen renk ak\u0131\u015f\u0131, izleyicisini zamans\u0131z bir yolculu\u011fa \u00e7\u0131kar\u0131r. Her ilme, her ton bir an\u0131, bir dua, bir bak\u0131\u015f\u0131 ta\u015f\u0131r.Bu Mucur hal\u0131s\u0131, yaln\u0131zca ola\u011fan\u00fcst\u00fc kondisyonu ya da ya\u015f\u0131n\u0131n getirdi\u011fi zarif solgunlukla de\u011fil, ta\u015f\u0131d\u0131\u011f\u0131 sembolik evrenle de dikkat \u00e7eker. S\u0131rad\u0131\u015f\u0131 bir form, ender rastlanan bir motif ve idealize edilmi\u015f bir oran esteti\u011fiyle birle\u015fti\u011finde ortaya \u00e7\u0131kan \u015fey, art\u0131k yaln\u0131zca bir hal\u0131 de\u011fildir; o, sessizce konu\u015fan bir anlat\u0131d\u0131r.<\/p>\n","protected":false},"excerpt":{"rendered":"<p><strong>Men\u015fei:<\/strong> T\u00fcrkiye &#8211; Mucur <strong>D\u00f6nem:<\/strong> 19. Y\u00fczy\u0131l Ortas\u0131 | Tahmini 160 &#8211; 175 Ya\u015f\u0131nda <strong>Teknik:<\/strong> El Dokumas\u0131 &#8211; %100 Kirman Y\u00fcn\u00fc, K\u00f6k Boya, G\u00f6rdes D\u00fc\u011f\u00fcm\u00fc <strong>Kondisyon:<\/strong> Ola\u011fan\u00fcst\u00fc<\/p>\n","protected":false},"featured_media":7768,"comment_status":"closed","ping_status":"closed","template":"","meta":[],"product_brand":[],"product_cat":[336],"product_tag":[395,398,396,399,397,393,394],"class_list":{"0":"post-7767","1":"product","2":"type-product","3":"status-publish","4":"has-post-thumbnail","6":"product_cat-hali-ve-kilim","7":"product_tag-antika-hali","8":"product_tag-antika-hali-muzayedesi","9":"product_tag-antique-rug","10":"product_tag-antique-rug-online-auction","11":"product_tag-endemigo-auction","12":"product_tag-online-auction","13":"product_tag-online-muzayede","15":"first","16":"instock","17":"sold-individually","18":"product-type-auction"},"_links":{"self":[{"href":"https:\/\/endemigoauction.com\/en\/wp-json\/wp\/v2\/product\/7767","targetHints":{"allow":["GET"]}}],"collection":[{"href":"https:\/\/endemigoauction.com\/en\/wp-json\/wp\/v2\/product"}],"about":[{"href":"https:\/\/endemigoauction.com\/en\/wp-json\/wp\/v2\/types\/product"}],"replies":[{"embeddable":true,"href":"https:\/\/endemigoauction.com\/en\/wp-json\/wp\/v2\/comments?post=7767"}],"wp:featuredmedia":[{"embeddable":true,"href":"https:\/\/endemigoauction.com\/en\/wp-json\/wp\/v2\/media\/7768"}],"wp:attachment":[{"href":"https:\/\/endemigoauction.com\/en\/wp-json\/wp\/v2\/media?parent=7767"}],"wp:term":[{"taxonomy":"product_brand","embeddable":true,"href":"https:\/\/endemigoauction.com\/en\/wp-json\/wp\/v2\/product_brand?post=7767"},{"taxonomy":"product_cat","embeddable":true,"href":"https:\/\/endemigoauction.com\/en\/wp-json\/wp\/v2\/product_cat?post=7767"},{"taxonomy":"product_tag","embeddable":true,"href":"https:\/\/endemigoauction.com\/en\/wp-json\/wp\/v2\/product_tag?post=7767"}],"curies":[{"name":"wp","href":"https:\/\/api.w.org\/{rel}","templated":true}]}}