{"id":7764,"date":"2025-05-29T10:45:59","date_gmt":"2025-05-29T07:45:59","guid":{"rendered":"https:\/\/endemigoauction.com\/urun\/lot-30-antik-selvili-manzarali-kula-halisi-19-yuzyil-ortasi-150-x-120-cm\/"},"modified":"2025-06-01T15:51:34","modified_gmt":"2025-06-01T12:51:34","slug":"lot-30-antik-selvili-manzarali-kula-halisi-19-yuzyil-ortasi-150-x-120-cm","status":"publish","type":"product","link":"https:\/\/endemigoauction.com\/en\/urun\/lot-30-antik-selvili-manzarali-kula-halisi-19-yuzyil-ortasi-150-x-120-cm\/","title":{"rendered":"LOT.30 Antik Selvili Manzaral\u0131 Kula Hal\u0131s\u0131 19. Y\u00fczy\u0131l Ortas\u0131 150 x 120 cm"},"content":{"rendered":"<p><strong>Antik Selvili Manzaral\u0131 Kula Hal\u0131s\u0131 19. Y\u00fczy\u0131l Ortas\u0131 150 x 120 cm.<\/strong><\/p>\n<p>Kula hal\u0131c\u0131l\u0131\u011f\u0131, sadece bir zanaat de\u011fil, ayn\u0131 zamanda i\u015fsel bir d\u00fcnya g\u00f6r\u00fc\u015f\u00fcn\u00fcn desenlerle hayat bulmu\u015f halidir. Bu ola\u011fan\u00fcst\u00fc \u00f6rnek, hal\u0131 sanat\u0131nda nadiren rastlanan bir derinli\u011fe ve \u015fiirselli\u011fe sahip: mihrap i\u00e7ine yerle\u015ftirilen ikonografik k\u00f6y manzaralar\u0131yla, yaln\u0131zca bir zemin s\u00fcslemesi de\u011fil, kadim bir anlat\u0131n\u0131n g\u00f6rsel bir epigrafi niteli\u011findedir.<\/p>\n<p>Manzaral\u0131 Kula hal\u0131lar\u0131, estetikle hikayeyi birle\u015ftiren nadide dokumalard\u0131r. Bu eserde, Anadolu\u2019nun pastoral hayalleri morun tonlar\u0131yla y\u0131kanarak bir anlam \u015felalesine d\u00f6n\u00fc\u015fmektedir. Renk paletinin ba\u015fat akt\u00f6r\u00fc olan &#8220;iktidar moru&#8221;, mihrapta metafiziksel bir alan a\u00e7ar ve bu alan, adeta zamana direnen bir haf\u0131za mek\u00e2n\u0131na d\u00f6n\u00fc\u015f\u00fcr. Bu yaln\u0131zca bir hal\u0131 de\u011fil, bi\u00e7im ve anlam\u0131n i\u00e7 i\u00e7e ge\u00e7ti\u011fi, sezgiyle dokunmu\u015f bir k\u00fclt\u00fcrel metindir.<\/p>\n<p>Dokuman\u0131n her bir santiminde hissedilen g\u00f6rsel zeka, hayat\u0131n d\u00f6ng\u00fcselli\u011fine dair mistik g\u00f6ndermelerle zenginle\u015ftirilmi\u015ftir. \u0130lk bord\u00fcr\u00fcn i\u00e7e k\u0131vr\u0131larak mihrapa y\u00f6nelmesi, sonsuzluk ilkesiyle b\u00fct\u00fcnle\u015fen bir yasay\u0131 \u00e7a\u011fr\u0131\u015ft\u0131r\u0131rken, onu saran ard\u0131\u015f\u0131k bord\u00fcrler ya\u015fam\u0131n evrelerine, devinimlerine, ge\u00e7icili\u011fine i\u015faret eder. En d\u0131\u015fta konumlanan ve belirgin bir \u015fekilde vurgulanan bord\u00fcr ise, insan\u0131n idealle\u015ftirilmi\u015f varolu\u015funa dair olas\u0131l\u0131klarla dolu, anlam y\u00fckl\u00fc bir hayata g\u00f6ndermede bulunur.<\/p>\n<p>Bu Kula hal\u0131s\u0131, yaln\u0131zca el eme\u011fiyle de\u011fil, y\u00fczy\u0131llar\u0131n dam\u0131tt\u0131\u011f\u0131 bir estetik bilince dokunmu\u015ftur. Motifleri kadar sessiz alanlar\u0131 da konu\u015fan bu hal\u0131, ge\u00e7mi\u015fin kadim anlat\u0131lar\u0131ndan bug\u00fcn\u00fcn se\u00e7kin zevkine uzanan bir k\u00f6pr\u00fc kurar. Her desen, her renk ge\u00e7i\u015fi, zamans\u0131z bir anlat\u0131n\u0131n yeniden ifadesidir. Kula\u2019n\u0131n ruhunu arayan bir g\u00f6z i\u00e7in ise bu hal\u0131, yaln\u0131zca de\u011ferli de\u011fil, ayn\u0131 zamanda zaruri bir par\u00e7ad\u0131r.<\/p>\n","protected":false},"excerpt":{"rendered":"<p><strong>Men\u015fei:<\/strong> T\u00fcrkiye &#8211; Manisa, Kula <strong>D\u00f6nem:<\/strong> 19. Y\u00fczy\u0131l Ortas\u0131 | Tahmini 160-175 Ya\u015f\u0131nda <strong>Teknik:<\/strong> El Dokumas\u0131 &#8211; %100 Kirman Y\u00fcn\u00fc, K\u00f6k Boya, G\u00f6rdes D\u00fc\u011f\u00fcm\u00fc <strong>Kondisyon:<\/strong> Ola\u011fan\u00fcst\u00fc<\/p>\n","protected":false},"featured_media":7765,"comment_status":"closed","ping_status":"closed","template":"","meta":[],"product_brand":[],"product_cat":[336],"product_tag":[395,398,396,399,397,393,394],"class_list":{"0":"post-7764","1":"product","2":"type-product","3":"status-publish","4":"has-post-thumbnail","6":"product_cat-hali-ve-kilim","7":"product_tag-antika-hali","8":"product_tag-antika-hali-muzayedesi","9":"product_tag-antique-rug","10":"product_tag-antique-rug-online-auction","11":"product_tag-endemigo-auction","12":"product_tag-online-auction","13":"product_tag-online-muzayede","15":"first","16":"instock","17":"sold-individually","18":"product-type-auction"},"_links":{"self":[{"href":"https:\/\/endemigoauction.com\/en\/wp-json\/wp\/v2\/product\/7764","targetHints":{"allow":["GET"]}}],"collection":[{"href":"https:\/\/endemigoauction.com\/en\/wp-json\/wp\/v2\/product"}],"about":[{"href":"https:\/\/endemigoauction.com\/en\/wp-json\/wp\/v2\/types\/product"}],"replies":[{"embeddable":true,"href":"https:\/\/endemigoauction.com\/en\/wp-json\/wp\/v2\/comments?post=7764"}],"wp:featuredmedia":[{"embeddable":true,"href":"https:\/\/endemigoauction.com\/en\/wp-json\/wp\/v2\/media\/7765"}],"wp:attachment":[{"href":"https:\/\/endemigoauction.com\/en\/wp-json\/wp\/v2\/media?parent=7764"}],"wp:term":[{"taxonomy":"product_brand","embeddable":true,"href":"https:\/\/endemigoauction.com\/en\/wp-json\/wp\/v2\/product_brand?post=7764"},{"taxonomy":"product_cat","embeddable":true,"href":"https:\/\/endemigoauction.com\/en\/wp-json\/wp\/v2\/product_cat?post=7764"},{"taxonomy":"product_tag","embeddable":true,"href":"https:\/\/endemigoauction.com\/en\/wp-json\/wp\/v2\/product_tag?post=7764"}],"curies":[{"name":"wp","href":"https:\/\/api.w.org\/{rel}","templated":true}]}}