{"id":7761,"date":"2025-05-29T10:45:59","date_gmt":"2025-05-29T07:45:59","guid":{"rendered":"https:\/\/endemigoauction.com\/urun\/lot-31-antik-sal-desen-sivas-zara-halisi-120-yas-120-x-196-cm\/"},"modified":"2025-06-12T02:07:14","modified_gmt":"2025-06-11T23:07:14","slug":"lot-31-antik-sal-desen-sivas-zara-halisi-120-yas-120-x-196-cm","status":"publish","type":"product","link":"https:\/\/endemigoauction.com\/en\/urun\/lot-31-antik-sal-desen-sivas-zara-halisi-120-yas-120-x-196-cm\/","title":{"rendered":"LOT.31 Antik \u015eal Desen Sivas Zara Hal\u0131s\u0131 120+ Ya\u015f 120 x 196 cm"},"content":{"rendered":"<p><strong>Antik \u015eal Desen Sivas Zara Hal\u0131s\u0131 120+ Ya\u015f 120 x 196 cm.<\/strong><\/p>\n<p>Anadolu hal\u0131c\u0131l\u0131\u011f\u0131n\u0131n en g\u00f6z al\u0131c\u0131 \u00f6rneklerinden biri olan bu e\u015fsiz par\u00e7a, sadece bir hal\u0131 de\u011fil; estetik, teknik ve k\u00fclt\u00fcrel derinli\u011fiyle adeta bir medeniyetin yans\u0131mas\u0131d\u0131r. \u015eal desenli motif d\u00fczeniyle dikkat \u00e7eken bu antik hal\u0131, Sivas\u2019\u0131n Zara b\u00f6lgesinde geli\u015fen hal\u0131 dokuma sanat\u0131n\u0131n en zarif \u00f6rneklerinden biridir.<\/p>\n<p>Zara hal\u0131lar\u0131, y\u00fczy\u0131llard\u0131r ustal\u0131\u011f\u0131n, zarafetin ve teknik m\u00fckemmeliyetin sembol\u00fc olarak bilinir. Bu hal\u0131 da, o b\u00fcy\u00fck miras\u0131n de\u011ferli bir temsilcisidir. G\u00f6rdes d\u00fc\u011f\u00fcm tekni\u011fiyle, %100 saf Kirman y\u00fcn\u00fc kullan\u0131larak ve yaln\u0131zca do\u011fal k\u00f6k boyalarla renklendirilerek dokunmu\u015ftur. Bu \u00fc\u00e7 temel unsur \u2013 teknik, malzeme ve boya \u2013 Zara hal\u0131lar\u0131n\u0131n neden her zaman en y\u00fcksek de\u011ferle an\u0131ld\u0131\u011f\u0131n\u0131 a\u00e7\u0131k\u00e7a ortaya koyar.<\/p>\n<p>Hal\u0131n\u0131n y\u00fczeyini s\u00fcsleyen \u015fal motifleri, sadece dekoratif bir se\u00e7im de\u011fil; ayn\u0131 zamanda kadim bir sembolizmin, zarif bir haf\u0131zan\u0131n izlerini ta\u015f\u0131r. \u0130ran ve Orta Asya&#8217;dan Anadolu\u2019ya uzanan k\u00fclt\u00fcrel ak\u0131\u015f\u0131n zarif bir hat\u0131ras\u0131 olan bu desenler, Zara&#8217;n\u0131n estetik anlay\u0131\u015f\u0131n\u0131 ve sentez yetene\u011fini g\u00f6zler \u00f6n\u00fcne serer. Her k\u0131vr\u0131mda, her ge\u00e7i\u015fte bir zarafet, her motifte bir bilgelik hissedilir. Bu hal\u0131, sadece ge\u00e7mi\u015fin de\u011fil, ayn\u0131 zamanda zamana meydan okuyan bir ustal\u0131\u011f\u0131n da bir yans\u0131mas\u0131d\u0131r.<\/p>\n<p>Ola\u011fan\u00fcst\u00fc bir \u015fekilde g\u00fcn\u00fcm\u00fcze kadar ula\u015fabilmi\u015f olmas\u0131, onun sadece ustal\u0131kla de\u011fil, ayn\u0131 zamanda b\u00fcy\u00fck bir \u00f6zenle korunmu\u015f oldu\u011funu g\u00f6steriyor. Nadirli\u011fi ve ya\u015f\u0131, koleksiyonerler i\u00e7in bu eseri e\u015fsiz k\u0131l\u0131yor. Zira 100 y\u0131l\u0131 a\u015fk\u0131n bir s\u00fcre boyunca bu formunu koruyarak gelen bir Zara hal\u0131s\u0131, sanat tarihine tan\u0131kl\u0131k eden bir varl\u0131k gibi kar\u015f\u0131m\u0131zda duruyor.<\/p>\n<p>\u015eal desenli bir Sivas Zara hal\u0131s\u0131, koleksiyonlarda yaln\u0131zca bir bo\u015flu\u011fu doldurmakla kalmaz; onunla birlikte koleksiyon zenginle\u015fir, derinle\u015fir ve tamamlan\u0131r.<\/p>\n","protected":false},"excerpt":{"rendered":"<p><strong>Men\u015fei:<\/strong> T\u00fcrkiye &#8211; Sivas, Zara <strong>D\u00f6nem:<\/strong> 20. Y\u00fczy\u0131l Ba\u015f\u0131 | Tahmini 120+ Ya\u015f\u0131nda <strong>Teknik:<\/strong> El Dokumas\u0131 &#8211; %100 Kirman Y\u00fcn\u00fc, K\u00f6k Boya, G\u00f6rdes D\u00fc\u011f\u00fcm\u00fc <strong>Kondisyon:<\/strong> Ola\u011fan\u00fcst\u00fc<\/p>\n","protected":false},"featured_media":7762,"comment_status":"closed","ping_status":"closed","template":"","meta":[],"product_brand":[],"product_cat":[336],"product_tag":[395,398,396,399,397,393,394],"class_list":{"0":"post-7761","1":"product","2":"type-product","3":"status-publish","4":"has-post-thumbnail","6":"product_cat-hali-ve-kilim","7":"product_tag-antika-hali","8":"product_tag-antika-hali-muzayedesi","9":"product_tag-antique-rug","10":"product_tag-antique-rug-online-auction","11":"product_tag-endemigo-auction","12":"product_tag-online-auction","13":"product_tag-online-muzayede","15":"first","16":"instock","17":"sold-individually","18":"product-type-auction"},"_links":{"self":[{"href":"https:\/\/endemigoauction.com\/en\/wp-json\/wp\/v2\/product\/7761","targetHints":{"allow":["GET"]}}],"collection":[{"href":"https:\/\/endemigoauction.com\/en\/wp-json\/wp\/v2\/product"}],"about":[{"href":"https:\/\/endemigoauction.com\/en\/wp-json\/wp\/v2\/types\/product"}],"replies":[{"embeddable":true,"href":"https:\/\/endemigoauction.com\/en\/wp-json\/wp\/v2\/comments?post=7761"}],"wp:featuredmedia":[{"embeddable":true,"href":"https:\/\/endemigoauction.com\/en\/wp-json\/wp\/v2\/media\/7762"}],"wp:attachment":[{"href":"https:\/\/endemigoauction.com\/en\/wp-json\/wp\/v2\/media?parent=7761"}],"wp:term":[{"taxonomy":"product_brand","embeddable":true,"href":"https:\/\/endemigoauction.com\/en\/wp-json\/wp\/v2\/product_brand?post=7761"},{"taxonomy":"product_cat","embeddable":true,"href":"https:\/\/endemigoauction.com\/en\/wp-json\/wp\/v2\/product_cat?post=7761"},{"taxonomy":"product_tag","embeddable":true,"href":"https:\/\/endemigoauction.com\/en\/wp-json\/wp\/v2\/product_tag?post=7761"}],"curies":[{"name":"wp","href":"https:\/\/api.w.org\/{rel}","templated":true}]}}