{"id":7758,"date":"2025-05-29T10:45:59","date_gmt":"2025-05-29T07:45:59","guid":{"rendered":"https:\/\/endemigoauction.com\/urun\/lot-32-antik-maras-halisi-19-yuzyil-ortasi-110-x-320-cm\/"},"modified":"2025-06-01T15:47:00","modified_gmt":"2025-06-01T12:47:00","slug":"lot-32-antik-maras-halisi-19-yuzyil-ortasi-110-x-320-cm","status":"publish","type":"product","link":"https:\/\/endemigoauction.com\/en\/urun\/lot-32-antik-maras-halisi-19-yuzyil-ortasi-110-x-320-cm\/","title":{"rendered":"LOT.32 Antik Mara\u015f Hal\u0131s\u0131 19. Y\u00fczy\u0131l Ortas\u0131 110 x 320 cm"},"content":{"rendered":"<p><strong>Antik Mara\u015f Hal\u0131s\u0131 19. Y\u00fczy\u0131l Ortas\u0131 110 x 320 cm.<\/strong><\/p>\n<p>Kahramanmara\u015f\u2019\u0131n da\u011flar\u0131n\u0131n renkleri ve halk\u0131n belle\u011finde yer etmi\u015f semboller, bu hal\u0131da hayat bulmu\u015f. Bu antik Mara\u015f hal\u0131s\u0131, sadece bir zanaat eseri de\u011fil, ayn\u0131 zamanda Anadolu mitosunun sessiz ama etkileyici bir anlat\u0131m\u0131. Eserin en dikkat \u00e7ekici \u00f6zelliklerinden biri, yedi ayr\u0131 \u015feritten olu\u015fan bord\u00fcr\u00fc. G\u00f6kku\u015fa\u011f\u0131n\u0131 and\u0131ran bu renkli \u00e7er\u00e7eve, geleneksel motiflerin modern bir bak\u0131\u015f a\u00e7\u0131s\u0131yla bile hayranl\u0131k uyand\u0131ran bir ritim ve kompozisyonla dizildi\u011fi g\u00f6rsel bir \u015fiir gibi. \u015eeritlerin i\u00e7inde yer alan puantiyeli motifler, ge\u00e7mi\u015fin ve co\u011frafyan\u0131n haf\u0131zas\u0131n\u0131 temsil eden bir zenginlik sunuyor.<\/p>\n<p>Bord\u00fcr, sadece bir \u00e7evreleme unsuru de\u011fil; adeta eserin kimli\u011fini saran, zamana kar\u015f\u0131 yaz\u0131lm\u0131\u015f bir \u00e7er\u00e7eve.Hal\u0131n\u0131n merkezinde yer alan \u00fc\u00e7 sand\u0131k g\u00f6bek ise, hem bi\u00e7imsel hem de simgesel olarak derin bir anlam ta\u015f\u0131yor. K\u0131rm\u0131z\u0131 zemin \u00fczerine yerle\u015ftirilmi\u015f orta g\u00f6bek, tribal tamgalarla dolu bir belle\u011fi bar\u0131nd\u0131r\u0131rken; lacivert zeminli ba\u015f ve sondaki sand\u0131klar, denge ve s\u00fcreklili\u011fin g\u00f6rsel bir ifadesi. Bu \u00fc\u00e7leme; do\u011fum, ya\u015fam ve \u00f6l\u00fcm d\u00f6ng\u00fcs\u00fcne; ge\u00e7mi\u015f, \u015fimdi ve gelece\u011fin sonsuz ak\u0131\u015f\u0131na at\u0131fta bulunan bir d\u00fczen olarak yorumlanabilir. Kullan\u0131lan pastel tonlar, eserin ya\u015f\u0131n\u0131 onurland\u0131ran bir zarafetle birle\u015fiyor. Bu, zaman\u0131n solgunla\u015ft\u0131rd\u0131\u011f\u0131 de\u011fil; aksine, zamanla g\u00fczelle\u015fmi\u015f ve olgunla\u015fm\u0131\u015f bir renk armonisi. Her ton, her ge\u00e7i\u015f, do\u011fall\u0131\u011f\u0131n ve ustal\u0131\u011f\u0131n sessiz bir tan\u0131\u011f\u0131.%100 Kirman y\u00fcn\u00fcnden, k\u00f6k boyalarla renklendirilmi\u015f ipliklerle, \u00e7ift d\u00fc\u011f\u00fcm tekni\u011fi olan G\u00f6rdes ilme\u011fiyle dokunmu\u015f bu eser; sadece bir hal\u0131 de\u011fil, Anadolu\u2019nun kad\u0131n haf\u0131zas\u0131nda yo\u011frulmu\u015f bir tarih kitab\u0131.<\/p>\n<p>Her d\u00fc\u011f\u00fcm bir kelime, her motif bir c\u00fcmle, t\u00fcm hal\u0131 ise ya\u015fayan bir destan.Bu e\u015fsiz hal\u0131 i\u00e7in m\u00fczayede a\u00e7\u0131l\u0131\u015f fiyat\u0131 belirlenmi\u015f; ancak \u201chemen al\u201d fiyat\u0131 hen\u00fcz tan\u0131mlanmam\u0131\u015f. \u00c7\u00fcnk\u00fc bu hal\u0131ya bir de\u011fer bi\u00e7mek, yaln\u0131zca malzeme ya da i\u015f\u00e7ilikle m\u00fcmk\u00fcn de\u011fil. O, zaman\u0131n kendisine verdi\u011fi de\u011feri ta\u015f\u0131r. Ve bu de\u011feri \u00f6l\u00e7mek, bir k\u00fclt\u00fcr\u00fcn ruhuna fiyat bi\u00e7mek demektir ki, bu neredeyse imk\u00e2ns\u0131zd\u0131r.<\/p>\n","protected":false},"excerpt":{"rendered":"<p><strong>Men\u015fei:<\/strong> T\u00fcrkiye &#8211; Kahramanmara\u015f <strong>D\u00f6nem:<\/strong> 19. Y\u00fczy\u0131l \u0130kinci Yar\u0131 | Tahmini 150 &#8211; 175 Ya\u015f\u0131nda <strong>Teknik:<\/strong> El Dokumas\u0131 &#8211; %100 Kirman Y\u00fcn\u00fc, K\u00f6k Boya, G\u00f6rdes D\u00fc\u011f\u00fcm\u00fc <strong>Kondisyon:<\/strong> Ola\u011fan\u00fcst\u00fc<\/p>\n","protected":false},"featured_media":7759,"comment_status":"closed","ping_status":"closed","template":"","meta":[],"product_brand":[],"product_cat":[336],"product_tag":[395,398,396,399,397,393,394],"class_list":{"0":"post-7758","1":"product","2":"type-product","3":"status-publish","4":"has-post-thumbnail","6":"product_cat-hali-ve-kilim","7":"product_tag-antika-hali","8":"product_tag-antika-hali-muzayedesi","9":"product_tag-antique-rug","10":"product_tag-antique-rug-online-auction","11":"product_tag-endemigo-auction","12":"product_tag-online-auction","13":"product_tag-online-muzayede","15":"first","16":"instock","17":"sold-individually","18":"product-type-auction"},"_links":{"self":[{"href":"https:\/\/endemigoauction.com\/en\/wp-json\/wp\/v2\/product\/7758","targetHints":{"allow":["GET"]}}],"collection":[{"href":"https:\/\/endemigoauction.com\/en\/wp-json\/wp\/v2\/product"}],"about":[{"href":"https:\/\/endemigoauction.com\/en\/wp-json\/wp\/v2\/types\/product"}],"replies":[{"embeddable":true,"href":"https:\/\/endemigoauction.com\/en\/wp-json\/wp\/v2\/comments?post=7758"}],"wp:featuredmedia":[{"embeddable":true,"href":"https:\/\/endemigoauction.com\/en\/wp-json\/wp\/v2\/media\/7759"}],"wp:attachment":[{"href":"https:\/\/endemigoauction.com\/en\/wp-json\/wp\/v2\/media?parent=7758"}],"wp:term":[{"taxonomy":"product_brand","embeddable":true,"href":"https:\/\/endemigoauction.com\/en\/wp-json\/wp\/v2\/product_brand?post=7758"},{"taxonomy":"product_cat","embeddable":true,"href":"https:\/\/endemigoauction.com\/en\/wp-json\/wp\/v2\/product_cat?post=7758"},{"taxonomy":"product_tag","embeddable":true,"href":"https:\/\/endemigoauction.com\/en\/wp-json\/wp\/v2\/product_tag?post=7758"}],"curies":[{"name":"wp","href":"https:\/\/api.w.org\/{rel}","templated":true}]}}