{"id":7755,"date":"2025-05-29T10:45:59","date_gmt":"2025-05-29T07:45:59","guid":{"rendered":"https:\/\/endemigoauction.com\/urun\/lot-33-antik-arpadere-bergama-kutulu-cicim-kilim-19-yuzyil-113-x-147-cm\/"},"modified":"2025-06-01T15:47:48","modified_gmt":"2025-06-01T12:47:48","slug":"lot-33-antik-arpadere-bergama-kutulu-cicim-kilim-19-yuzyil-113-x-147-cm","status":"publish","type":"product","link":"https:\/\/endemigoauction.com\/en\/urun\/lot-33-antik-arpadere-bergama-kutulu-cicim-kilim-19-yuzyil-113-x-147-cm\/","title":{"rendered":"LOT.33 Antik Arpadere Bergama Kutulu Cicim Kilim 19. Y\u00fczy\u0131l 113 x 147 cm"},"content":{"rendered":"<p><strong>Antik Arpadere Bergama Kutulu Cicim Kilim 19. Y\u00fczy\u0131l 113 x 147 cm.<\/strong><\/p>\n<p>Bu kutulu cicim kilim, Bergama\u2019n\u0131n zengin zanaatk\u00e2rl\u0131k gelene\u011fini g\u00f6zler \u00f6n\u00fcne seriyor. Sadece bir dokuma \u00fcr\u00fcn\u00fc de\u011fil; ayn\u0131 zamanda Anadolu kad\u0131nlar\u0131n\u0131n geleneksel esteti\u011fi ve anlat\u0131m g\u00fcc\u00fcn\u00fcn somut bir ifadesi. Y\u00f6rede \u201ckutulu cicim\u201d olarak bilinen bu teknik, y\u00fczeyde kabart\u0131 hissi yaratan \u00f6zg\u00fcn bir dokuma tarz\u0131d\u0131r ve bu eser, bu nadir tekni\u011fin en zarif \u00f6rneklerinden biri olarak \u00f6ne \u00e7\u0131k\u0131yor.<\/p>\n<p>K\u0131rm\u0131z\u0131 zemin \u00fczerine kareler \u015feklinde kabartmal\u0131 dokunan cicim motifleri, sadece g\u00f6rsel bir ritim olu\u015fturmakla kalmaz; ayn\u0131 zamanda karelerin dizili\u015fiyle yeni anlamlar ve sembolik desenler ortaya \u00e7\u0131kar\u0131r. Her bir kutu, i\u00e7inde gizli bir simge ya da haf\u0131za par\u00e7as\u0131 ta\u015f\u0131r. Bu \u00f6rg\u00fc tarz\u0131, geleneksel motiflerin modern soyutlamalarla bulu\u015ftu\u011fu, ustaca planlanm\u0131\u015f bir geometrik d\u00fczen sunar. Kilimin ola\u011fan\u00fcst\u00fc dokuma yo\u011funlu\u011fu, zanaatk\u00e2r\u0131n sadece teknik becerilerini de\u011fil, ayn\u0131 zamanda sab\u0131r, disiplin ve g\u00f6rsel alg\u0131 konusundaki yetkinli\u011fini de g\u00f6zler \u00f6n\u00fcne seriyor. %100 Kirman y\u00fcn\u00fc ve yaln\u0131zca k\u00f6k boyalarla renklendirilmi\u015f iplikler, zamanla yumu\u015fayan tonlar\u0131yla g\u00f6rsel derinli\u011fi art\u0131r\u0131yor. Bu ya\u015flanma durumu, boyalar\u0131n olgun g\u00f6rkemiyle birle\u015ferek esere hem tarihsel hem de estetik bir olgunluk kazand\u0131r\u0131yor.<\/p>\n<p>Bu tarzda pek \u00e7ok kilim dokunmu\u015f olsa da, 19. y\u00fczy\u0131l sonuna tarihlenen \u00f6rnekler, koleksiyonerler i\u00e7in \u00f6zel bir yere sahip. Bu eserin nadirli\u011fi, d\u00f6nemin malzeme kalitesi, boya dayan\u0131kl\u0131l\u0131\u011f\u0131 ve motif \u00e7e\u015fitlili\u011fi ile birle\u015fti\u011finde; onu sadece bir etnografik nesne de\u011fil, ayn\u0131 zamanda bir k\u00fclt\u00fcrel miras ve sanat eseri haline getiriyor.<\/p>\n<p>Antik Arpadere Bergama Kutulu Cicim Kilim, Anadolu kad\u0131n\u0131n\u0131n akl\u0131ndan, kalbinden ve ellerinden s\u00fcz\u00fclen g\u00f6rsel bir destand\u0131r. Her dokusu, bir anlam\u0131n ve belle\u011fin ta\u015f\u0131y\u0131c\u0131s\u0131d\u0131r. Her karesi, ge\u00e7mi\u015fin sessiz ama g\u00fc\u00e7l\u00fc bir anlat\u0131m\u0131d\u0131r. Zaman ge\u00e7tik\u00e7e benzerlerinin yok olmas\u0131, bu eseri daha da de\u011ferli k\u0131l\u0131yor; ge\u00e7mi\u015fin sadece korunmakla kalmay\u0131p, ayn\u0131 zamanda bug\u00fcnle yeniden ba\u011f kurdu\u011fu e\u015fsiz bir \u00f6rne\u011fe d\u00f6n\u00fc\u015fmesini sa\u011fl\u0131yor.<\/p>\n","protected":false},"excerpt":{"rendered":"<p><strong>Men\u015fei:<\/strong> T\u00fcrkiye &#8211; Bergama, Arpadere K\u00f6y\u00fc <strong>D\u00f6nem:<\/strong> 19. Y\u00fczy\u0131l Sonu | Yakla\u015f\u0131k 140+ Ya\u015f\u0131nda <strong>Teknik:<\/strong> El Dokumas\u0131 &#8211; %100 Kirman Y\u00fcn\u00fc, K\u00f6k Boya <strong>Kondisyon:<\/strong> Ola\u011fan\u00fcst\u00fc<\/p>\n","protected":false},"featured_media":7756,"comment_status":"closed","ping_status":"closed","template":"","meta":[],"product_brand":[],"product_cat":[336],"product_tag":[395,398,396,399,397,393,394],"class_list":{"0":"post-7755","1":"product","2":"type-product","3":"status-publish","4":"has-post-thumbnail","6":"product_cat-hali-ve-kilim","7":"product_tag-antika-hali","8":"product_tag-antika-hali-muzayedesi","9":"product_tag-antique-rug","10":"product_tag-antique-rug-online-auction","11":"product_tag-endemigo-auction","12":"product_tag-online-auction","13":"product_tag-online-muzayede","15":"first","16":"instock","17":"sold-individually","18":"product-type-auction"},"_links":{"self":[{"href":"https:\/\/endemigoauction.com\/en\/wp-json\/wp\/v2\/product\/7755","targetHints":{"allow":["GET"]}}],"collection":[{"href":"https:\/\/endemigoauction.com\/en\/wp-json\/wp\/v2\/product"}],"about":[{"href":"https:\/\/endemigoauction.com\/en\/wp-json\/wp\/v2\/types\/product"}],"replies":[{"embeddable":true,"href":"https:\/\/endemigoauction.com\/en\/wp-json\/wp\/v2\/comments?post=7755"}],"wp:featuredmedia":[{"embeddable":true,"href":"https:\/\/endemigoauction.com\/en\/wp-json\/wp\/v2\/media\/7756"}],"wp:attachment":[{"href":"https:\/\/endemigoauction.com\/en\/wp-json\/wp\/v2\/media?parent=7755"}],"wp:term":[{"taxonomy":"product_brand","embeddable":true,"href":"https:\/\/endemigoauction.com\/en\/wp-json\/wp\/v2\/product_brand?post=7755"},{"taxonomy":"product_cat","embeddable":true,"href":"https:\/\/endemigoauction.com\/en\/wp-json\/wp\/v2\/product_cat?post=7755"},{"taxonomy":"product_tag","embeddable":true,"href":"https:\/\/endemigoauction.com\/en\/wp-json\/wp\/v2\/product_tag?post=7755"}],"curies":[{"name":"wp","href":"https:\/\/api.w.org\/{rel}","templated":true}]}}