{"id":7752,"date":"2025-05-29T10:45:59","date_gmt":"2025-05-29T07:45:59","guid":{"rendered":"https:\/\/endemigoauction.com\/urun\/lot-34-antik-sivrihisar-kilim-19-yuzyil-160-x-363-cm\/"},"modified":"2025-06-01T15:48:34","modified_gmt":"2025-06-01T12:48:34","slug":"lot-34-antik-sivrihisar-kilim-19-yuzyil-160-x-363-cm","status":"publish","type":"product","link":"https:\/\/endemigoauction.com\/en\/urun\/lot-34-antik-sivrihisar-kilim-19-yuzyil-160-x-363-cm\/","title":{"rendered":"LOT.34 Antik Sivrihisar Kilim 19. Y\u00fczy\u0131l 160 x 363 cm"},"content":{"rendered":"<p><strong>Antik Sivrihisar Kilim 19. Y\u00fczy\u0131l 160 x 363 cm.<\/strong><\/p>\n<p>Anadolu\u2019nun k\u00fclt\u00fcrel haritas\u0131nda \u00f6nemli bir yer tutan Sivrihisar, sadece mimarisi ve tarihiyle de\u011fil, ayn\u0131 zamanda dokuma sanat\u0131ndaki izleriyle de dikkat \u00e7ekiyor. Bu be\u015f g\u00f6bekli, motiflerle zenginle\u015ftirilmi\u015f e\u015fsiz kilim, Sivrihisar\u2019\u0131n zanaatk\u00e2rl\u0131k gelene\u011finin en g\u00fczel \u00f6rneklerinden biridir. Tamamen %100 Kirman y\u00fcn\u00fc kullan\u0131larak, k\u00f6k boyalarla renklendirilmi\u015f bu eser, yaln\u0131zca do\u011fal malzemelerin de\u011fil, ayn\u0131 zamanda ustal\u0131\u011f\u0131n ve derin bir sezgisel miras\u0131n da bir \u00fcr\u00fcn\u00fcd\u00fcr. Renklerin huzuru ve motiflerin d\u00fczeni, dokuyan\u0131n do\u011fayla kurdu\u011fu i\u00e7sel ba\u011f\u0131n ve k\u00fclt\u00fcrel belle\u011finin bir yans\u0131mas\u0131d\u0131r.<\/p>\n<p>Be\u015f ayr\u0131 \u201cg\u00f6bek\u201d motifiyle tasarlanm\u0131\u015f bu kilim, hem evrenin d\u00fczenine hem de insan ya\u015fam\u0131n\u0131n d\u00f6ng\u00fclerine sembolik g\u00f6ndermeler yapar. G\u00f6beklerin yerle\u015fimi ve \u00e7evresindeki motiflerin yo\u011funlu\u011fu, izleyiciye sadece g\u00f6rsel bir estetik sunmakla kalmaz, ayn\u0131 zamanda anlamla \u00f6r\u00fclm\u00fc\u015f bir d\u00fc\u015f\u00fcnce d\u00fcnyas\u0131 da a\u00e7ar. Sivrihisar kilimlerinin koleksiyonerler aras\u0131nda \u00f6zel bir yere sahip olmas\u0131 tesad\u00fcf de\u011fildir. Y\u00f6reye \u00f6zg\u00fc desen dili, renk se\u00e7imindeki zarafet ve dokuma tekni\u011finin ola\u011fan\u00fcst\u00fc disiplini, bu eserleri sadece etnografik nesneler de\u011fil, ayn\u0131 zamanda y\u00fcksek estetik de\u011fere sahip sanat objeleri haline getirir.<\/p>\n<p>Bu kilim, zaman\u0131n y\u0131prat\u0131c\u0131 etkilerinden neredeyse hi\u00e7 etkilenmemi\u015f, ola\u011fan\u00fcst\u00fc kondisyonuyla korunmu\u015f bir hazinedir. Kilimin varl\u0131\u011f\u0131, Anadolu kad\u0131n\u0131n\u0131n ak\u0131l, duygu ve sezgiyle yo\u011frulmu\u015f el eme\u011finin, zamanla yar\u0131\u015fan bir sanat formuna nas\u0131l d\u00f6n\u00fc\u015ft\u00fc\u011f\u00fcn\u00fcn en nadide \u00f6rneklerinden biridir. Her g\u00f6bek bir merkez, her motif bir s\u00f6z, her renk bir hissiyat\u2026 Antik Sivrihisar Kilimi, sadece bir zemin \u00f6rt\u00fcs\u00fc de\u011fil, k\u00fclt\u00fcrel bir anlat\u0131n\u0131n kuma\u015fa i\u015flenmi\u015f destan\u0131d\u0131r.<\/p>\n","protected":false},"excerpt":{"rendered":"<p><strong>Men\u015fei:<\/strong> T\u00fcrkiye &#8211; Eski\u015fehir, Sivrihisar <strong>D\u00f6nem:<\/strong> 19. Y\u00fczy\u0131l Sonu | Yakla\u015f\u0131k 140+ Ya\u015f\u0131nda <strong>Teknik:<\/strong> El Dokumas\u0131 &#8211; %100 Kirman Y\u00fcn\u00fc, K\u00f6k Boya <strong>Kondisyon:<\/strong> Ola\u011fan\u00fcst\u00fc<\/p>\n","protected":false},"featured_media":7753,"comment_status":"closed","ping_status":"closed","template":"","meta":[],"product_brand":[],"product_cat":[336],"product_tag":[395,398,396,399,397,393,394],"class_list":{"0":"post-7752","1":"product","2":"type-product","3":"status-publish","4":"has-post-thumbnail","6":"product_cat-hali-ve-kilim","7":"product_tag-antika-hali","8":"product_tag-antika-hali-muzayedesi","9":"product_tag-antique-rug","10":"product_tag-antique-rug-online-auction","11":"product_tag-endemigo-auction","12":"product_tag-online-auction","13":"product_tag-online-muzayede","15":"first","16":"instock","17":"sold-individually","18":"product-type-auction"},"_links":{"self":[{"href":"https:\/\/endemigoauction.com\/en\/wp-json\/wp\/v2\/product\/7752","targetHints":{"allow":["GET"]}}],"collection":[{"href":"https:\/\/endemigoauction.com\/en\/wp-json\/wp\/v2\/product"}],"about":[{"href":"https:\/\/endemigoauction.com\/en\/wp-json\/wp\/v2\/types\/product"}],"replies":[{"embeddable":true,"href":"https:\/\/endemigoauction.com\/en\/wp-json\/wp\/v2\/comments?post=7752"}],"wp:featuredmedia":[{"embeddable":true,"href":"https:\/\/endemigoauction.com\/en\/wp-json\/wp\/v2\/media\/7753"}],"wp:attachment":[{"href":"https:\/\/endemigoauction.com\/en\/wp-json\/wp\/v2\/media?parent=7752"}],"wp:term":[{"taxonomy":"product_brand","embeddable":true,"href":"https:\/\/endemigoauction.com\/en\/wp-json\/wp\/v2\/product_brand?post=7752"},{"taxonomy":"product_cat","embeddable":true,"href":"https:\/\/endemigoauction.com\/en\/wp-json\/wp\/v2\/product_cat?post=7752"},{"taxonomy":"product_tag","embeddable":true,"href":"https:\/\/endemigoauction.com\/en\/wp-json\/wp\/v2\/product_tag?post=7752"}],"curies":[{"name":"wp","href":"https:\/\/api.w.org\/{rel}","templated":true}]}}