{"id":7749,"date":"2025-05-29T10:45:39","date_gmt":"2025-05-29T07:45:39","guid":{"rendered":"https:\/\/endemigoauction.com\/urun\/lot-35-antik-sivas-cicim-kilim-120-yas-192-x-330-cm\/"},"modified":"2025-06-01T16:11:13","modified_gmt":"2025-06-01T13:11:13","slug":"lot-35-antik-sivas-cicim-kilim-120-yas-192-x-330-cm","status":"publish","type":"product","link":"https:\/\/endemigoauction.com\/en\/urun\/lot-35-antik-sivas-cicim-kilim-120-yas-192-x-330-cm\/","title":{"rendered":"LOT.35 Antik Sivas Cicim Kilim 120+ Ya\u015f 192 x 330 cm"},"content":{"rendered":"<p><strong>Antik Sivas Cicim Kilim 120+ Ya\u015f 192 x 330 cm.<\/strong><\/p>\n<p>Bu muhte\u015fem Sivas Cicim kilimi, Anadolu&#8217;nun dokuma sanat\u0131n\u0131n en derin ve sezgisel \u00f6rneklerinden biri olarak \u00f6ne \u00e7\u0131k\u0131yor. Tamamen k\u00f6k boyalarla renklendirilmi\u015f %100 Kirman y\u00fcn\u00fcnden dokunan bu eser, sadece g\u00f6rsel bir ba\u015far\u0131 de\u011fil; ayn\u0131 zamanda k\u00fclt\u00fcrel bir haf\u0131zan\u0131n, kadim bir hik\u00e2yenin dokunmu\u015f hali.<\/p>\n<p>Her bir santimi, ola\u011fan\u00fcst\u00fc bir incelikle cicim tekni\u011fiyle i\u015flenmi\u015f. O kadar \u00f6zenle dokunmu\u015f ki, bu sadece bir kilim de\u011fil, ayn\u0131 zamanda zamana tan\u0131kl\u0131k eden bir hik\u00e2ye, bir ya\u015fam belgesi olarak de\u011ferlendirilebilir. Kilim bord\u00fcr\u00fcndeki sand\u0131k tamgalar\u0131, do\u011frudan bir sembolik evrene a\u00e7\u0131lan kap\u0131lar sunuyor. Bu bord\u00fcr, Anadolu kad\u0131nlar\u0131n\u0131n \u00e7eyiz sand\u0131klar\u0131nda saklad\u0131\u011f\u0131 hayallerin, dileklerin ve dualar\u0131n kilime nak\u015fedilmi\u015f h\u00e2li. \u0130\u00e7 i\u00e7e ge\u00e7mi\u015f incecik cicimler, her biri farkl\u0131 anlamlar ta\u015f\u0131yan hayallerin bir araya geldi\u011fi \u00e7eyizlikleri simgeliyor. Bu y\u00f6n\u00fcyle eser, bir gelene\u011fin hem ta\u015f\u0131y\u0131c\u0131s\u0131 hem de sessiz bir anlat\u0131c\u0131s\u0131.Kilim merkezindeki \u00fc\u00e7 geometrik g\u00f6bek, sadece bir s\u00fcsleme de\u011fil; sembolik bir anlat\u0131n\u0131n temel ta\u015f\u0131n\u0131 olu\u015fturuyor.<\/p>\n<p>G\u00fcne\u015fin do\u011fu\u015fu, zirveye y\u00fckseli\u015fi ve bat\u0131\u015f\u0131yla \u00e7izilen bu \u00fc\u00e7leme, ayn\u0131 zamanda ya\u015fam d\u00f6ng\u00fcs\u00fcn\u00fcn, insan\u0131n do\u011fumu, olgunlu\u011fu ve sona eri\u015finin birer metaforu. Bu form, ayn\u0131 zamanda \u00e7ekirdek ailenin \u2013 e\u015f ve \u00e7ocuk \u2013 kutsal birlikteli\u011fini de simgeliyor. Dokuyan\u0131n sezgisel bilgeli\u011fiyle olu\u015fturulmu\u015f bu anlat\u0131, s\u00f6zs\u00fcz ama derin bir mitolojiyi bar\u0131nd\u0131r\u0131yor.<\/p>\n<p>Hi\u00e7 kullan\u0131lmam\u0131\u015f, sand\u0131kta \u00f6zenle korunmu\u015f olmas\u0131, bu eserin yaln\u0131zca teknik de\u011fil, ayn\u0131 zamanda ruhsal b\u00fct\u00fcnl\u00fc\u011f\u00fcn\u00fc de muhafaza etti\u011fini g\u00f6sterir. Sanki zaman, bu kilimin etraf\u0131nda durmu\u015f; ipliklerin aras\u0131nda yaln\u0131zca renkler de\u011fil, anlamlar da sakl\u0131 kalm\u0131\u015ft\u0131r.<\/p>\n<p>Antik Sivas Cicim Kilimi, Anadolu kad\u0131n\u0131n\u0131n ak\u0131l ve kalbinden do\u011fan yetene\u011fini, elleriyle destana d\u00f6n\u00fc\u015ft\u00fcrerek yazd\u0131\u011f\u0131 en nadide sayfalardan biridir. Her g\u00f6reni susturur, her bakan\u0131 d\u00fc\u015f\u00fcnd\u00fcr\u00fcr. \u00d6yle eserler vard\u0131r ki yaln\u0131zca bak\u0131lmaz, dinlenir. Bu kilim, onlardan biridir.<\/p>\n","protected":false},"excerpt":{"rendered":"<p><strong>Men\u015fei:<\/strong> T\u00fcrkiye &#8211; Sivas <strong>D\u00f6nem:<\/strong> 20. Y\u00fczy\u0131l Ba\u015f\u0131 | Yakla\u015f\u0131k 120+ Ya\u015f <strong>Teknik<\/strong>: El Dokumas\u0131 &#8211; %100 Kirman Y\u00fcn\u00fc, K\u00f6k Boya <strong>Kondisyon:<\/strong> Ola\u011fan\u00fcst\u00fc &#8211; Hi\u00e7 Kullan\u0131lmam\u0131\u015f, Sand\u0131kta Saklanm\u0131\u015f<\/p>\n","protected":false},"featured_media":7744,"comment_status":"closed","ping_status":"closed","template":"","meta":[],"product_brand":[],"product_cat":[336],"product_tag":[395,398,396,399,397,393,394],"class_list":{"0":"post-7749","1":"product","2":"type-product","3":"status-publish","4":"has-post-thumbnail","6":"product_cat-hali-ve-kilim","7":"product_tag-antika-hali","8":"product_tag-antika-hali-muzayedesi","9":"product_tag-antique-rug","10":"product_tag-antique-rug-online-auction","11":"product_tag-endemigo-auction","12":"product_tag-online-auction","13":"product_tag-online-muzayede","15":"first","16":"instock","17":"sold-individually","18":"product-type-auction"},"_links":{"self":[{"href":"https:\/\/endemigoauction.com\/en\/wp-json\/wp\/v2\/product\/7749","targetHints":{"allow":["GET"]}}],"collection":[{"href":"https:\/\/endemigoauction.com\/en\/wp-json\/wp\/v2\/product"}],"about":[{"href":"https:\/\/endemigoauction.com\/en\/wp-json\/wp\/v2\/types\/product"}],"replies":[{"embeddable":true,"href":"https:\/\/endemigoauction.com\/en\/wp-json\/wp\/v2\/comments?post=7749"}],"wp:featuredmedia":[{"embeddable":true,"href":"https:\/\/endemigoauction.com\/en\/wp-json\/wp\/v2\/media\/7744"}],"wp:attachment":[{"href":"https:\/\/endemigoauction.com\/en\/wp-json\/wp\/v2\/media?parent=7749"}],"wp:term":[{"taxonomy":"product_brand","embeddable":true,"href":"https:\/\/endemigoauction.com\/en\/wp-json\/wp\/v2\/product_brand?post=7749"},{"taxonomy":"product_cat","embeddable":true,"href":"https:\/\/endemigoauction.com\/en\/wp-json\/wp\/v2\/product_cat?post=7749"},{"taxonomy":"product_tag","embeddable":true,"href":"https:\/\/endemigoauction.com\/en\/wp-json\/wp\/v2\/product_tag?post=7749"}],"curies":[{"name":"wp","href":"https:\/\/api.w.org\/{rel}","templated":true}]}}