{"id":7743,"date":"2025-05-29T10:45:39","date_gmt":"2025-05-29T07:45:39","guid":{"rendered":"https:\/\/endemigoauction.com\/urun\/lot-37-antik-sivas-cift-kanat-cicim-kilim-120-yas-177-x-325-cm\/"},"modified":"2025-06-01T16:02:57","modified_gmt":"2025-06-01T13:02:57","slug":"lot-37-antik-sivas-cift-kanat-cicim-kilim-120-yas-177-x-325-cm","status":"publish","type":"product","link":"https:\/\/endemigoauction.com\/en\/urun\/lot-37-antik-sivas-cift-kanat-cicim-kilim-120-yas-177-x-325-cm\/","title":{"rendered":"LOT.37 Antik Sivas \u00c7ift Kanat Cicim Kilim 120+ Ya\u015f 177 x 325 cm"},"content":{"rendered":"<p><strong>Antik Sivas \u00c7ift Kanat Cicim Kilim 120+ Ya\u015f 177 x 325 cm.<\/strong><\/p>\n<p>Bu muhte\u015fem \u00e7ift kanat Sivas kilimi, Anadolu kad\u0131nlar\u0131n\u0131n akl\u0131ndan ve kalbinden do\u011fan sezgisel bir yetene\u011fin, elleriyle bir destana d\u00f6n\u00fc\u015ft\u00fcrd\u00fc\u011f\u00fc e\u015fsiz bir k\u00fclt\u00fcrel mirast\u0131r. 20. y\u00fczy\u0131l\u0131n ba\u015flar\u0131nda dokunan bu eser, sadece i\u015flevsel bir tekstil de\u011fil; ayn\u0131 zamanda bir toplumun inan\u00e7lar\u0131n\u0131, duygular\u0131n\u0131 ve estetik anlay\u0131\u015f\u0131n\u0131 nak\u0131\u015f nak\u0131\u015f i\u015fleyen g\u00f6rsel bir \u015fiirdir.<\/p>\n<p>K\u0131rm\u0131z\u0131 zemin \u00fczerine \u00f6zenle i\u015flenmi\u015f yo\u011fun ve k\u00fc\u00e7\u00fck cicim tamgalar\u0131, sadece s\u00fcsleme amac\u0131 ta\u015f\u0131makla kalmaz, ayn\u0131 zamanda ta\u015f\u0131d\u0131\u011f\u0131 anlamlarla k\u00fclt\u00fcrel bir haf\u0131zay\u0131 yans\u0131tan simgelerdir. Her bir motif, ya\u015fanm\u0131\u015fl\u0131klar\u0131n izlerini, korunma dualar\u0131n\u0131, bolluk arzusunu ya da bir ailenin tarihini temsil eder. Filiklerle zenginle\u015ftirilmi\u015f bu y\u00fczey, adeta bir renk ve ritim kompozisyonuna d\u00f6n\u00fc\u015f\u00fcr.\u0130nce ve s\u0131k dokumas\u0131yla dikkat \u00e7eken bu kilim, dokuma tekni\u011findeki y\u00fcksek ustal\u0131\u011f\u0131 ve estetik g\u00f6zlemi bir araya getirir. \u00c7ift kanat olarak dokunup birle\u015ftirilmi\u015f yap\u0131s\u0131, hem fonksiyonel hem de simgesel b\u00fct\u00fcnl\u00fc\u011f\u00fcyle g\u00f6z al\u0131c\u0131d\u0131r.<\/p>\n<p>Hi\u00e7 kullan\u0131lmam\u0131\u015f olmas\u0131, onu zamana kar\u015f\u0131 korunmu\u015f bir sanat eseri haline getiriyor. Sa\u00e7aklar\u0131ndan iplik kalitesine kadar ilk g\u00fcnk\u00fc haliyle bug\u00fcne ula\u015fm\u0131\u015f olmas\u0131, bu eserin yaln\u0131zca nadirli\u011fini de\u011fil, ayn\u0131 zamanda sayg\u0131 duyulmas\u0131 gereken bir emanet oldu\u011funu da g\u00f6sterir.<\/p>\n<p>Bu kilim, Anadolu topraklar\u0131nda do\u011fan, kadim geleneklerin ta\u015f\u0131y\u0131c\u0131s\u0131 olan kad\u0131nlar\u0131n hayat\u0131 bir kuma\u015f gibi i\u015flediklerinin kan\u0131t\u0131d\u0131r. Her ilmekte hem ak\u0131l hem duygu vard\u0131r; bu y\u00fczden bakmak de\u011fil, g\u00f6rmek gerekir. \u00c7\u00fcnk\u00fc bu eser, kalpten gelen bir bilgelikle dokunmu\u015f bir halk destan\u0131d\u0131r.<\/p>\n","protected":false},"excerpt":{"rendered":"<p><strong>Men\u015fei:<\/strong> T\u00fcrkiye &#8211; Sivas <strong>D\u00f6nem:<\/strong> 20. Y\u00fczy\u0131l Ba\u015f\u0131 | Yakla\u015f\u0131k 120+ Ya\u015f <strong>Teknik:<\/strong> El Dokumas\u0131, %100 Kirman Y\u00fcn\u00fc &#8211; \u00c7ift Kanat, Cicim ve Filikli <strong>Kondisyon:<\/strong> Ola\u011fan\u00fcst\u00fc &#8211; Hi\u00e7 Kullan\u0131lmam\u0131\u015f, Sand\u0131kta Saklanm\u0131\u015f<\/p>\n","protected":false},"featured_media":7750,"comment_status":"closed","ping_status":"closed","template":"","meta":[],"product_brand":[],"product_cat":[336],"product_tag":[395,398,396,399,397,393,394],"class_list":{"0":"post-7743","1":"product","2":"type-product","3":"status-publish","4":"has-post-thumbnail","6":"product_cat-hali-ve-kilim","7":"product_tag-antika-hali","8":"product_tag-antika-hali-muzayedesi","9":"product_tag-antique-rug","10":"product_tag-antique-rug-online-auction","11":"product_tag-endemigo-auction","12":"product_tag-online-auction","13":"product_tag-online-muzayede","15":"first","16":"instock","17":"sold-individually","18":"product-type-auction"},"_links":{"self":[{"href":"https:\/\/endemigoauction.com\/en\/wp-json\/wp\/v2\/product\/7743","targetHints":{"allow":["GET"]}}],"collection":[{"href":"https:\/\/endemigoauction.com\/en\/wp-json\/wp\/v2\/product"}],"about":[{"href":"https:\/\/endemigoauction.com\/en\/wp-json\/wp\/v2\/types\/product"}],"replies":[{"embeddable":true,"href":"https:\/\/endemigoauction.com\/en\/wp-json\/wp\/v2\/comments?post=7743"}],"wp:featuredmedia":[{"embeddable":true,"href":"https:\/\/endemigoauction.com\/en\/wp-json\/wp\/v2\/media\/7750"}],"wp:attachment":[{"href":"https:\/\/endemigoauction.com\/en\/wp-json\/wp\/v2\/media?parent=7743"}],"wp:term":[{"taxonomy":"product_brand","embeddable":true,"href":"https:\/\/endemigoauction.com\/en\/wp-json\/wp\/v2\/product_brand?post=7743"},{"taxonomy":"product_cat","embeddable":true,"href":"https:\/\/endemigoauction.com\/en\/wp-json\/wp\/v2\/product_cat?post=7743"},{"taxonomy":"product_tag","embeddable":true,"href":"https:\/\/endemigoauction.com\/en\/wp-json\/wp\/v2\/product_tag?post=7743"}],"curies":[{"name":"wp","href":"https:\/\/api.w.org\/{rel}","templated":true}]}}