{"id":7740,"date":"2025-05-29T10:45:39","date_gmt":"2025-05-29T07:45:39","guid":{"rendered":"https:\/\/endemigoauction.com\/urun\/lot-38-antik-karakuzulu-kilim-120-yas-105-x-390-cm\/"},"modified":"2025-06-01T16:02:07","modified_gmt":"2025-06-01T13:02:07","slug":"lot-38-antik-karakuzulu-kilim-120-yas-105-x-390-cm","status":"publish","type":"product","link":"https:\/\/endemigoauction.com\/en\/urun\/lot-38-antik-karakuzulu-kilim-120-yas-105-x-390-cm\/","title":{"rendered":"LOT.38 Antik Karakuzulu Kilim 120+ Ya\u015f 105 x 390 cm"},"content":{"rendered":"<p><strong>Antik Karakuzulu Kilim 120+ Ya\u015f 105 x 390 cm.<\/strong><\/p>\n<p>Karakuzulu K\u00f6y\u00fc\u2019n\u00fcn k\u00fclt\u00fcrel miras\u0131nda derin k\u00f6kleri olan bu dokuma gelene\u011fi, nadir bir \u00f6rne\u011fiyle kar\u015f\u0131m\u0131za \u00e7\u0131k\u0131yor. Bu muhte\u015fem kilim, 20. y\u00fczy\u0131l\u0131n ba\u015flar\u0131nda Anadolu\u2019nun y\u00fcksek platolar\u0131nda, y\u00fcn ile zaman\u0131n aras\u0131na ilmek ilmek i\u015flenmi\u015f bir sessizlik. El de\u011fmemi\u015f haliyle adeta bir zaman kaps\u00fcl\u00fc gibi, dokundu\u011fu y\u0131l\u0131n ruhunu kusursuz bir \u015fekilde koruyor.<\/p>\n<p>Lacivertin derin tonlar\u0131, kompozisyonun genelinde hakimken, geometrik desenlerin uyumlu dizilimi ve renk ge\u00e7i\u015fleri, bu kilimin sadece bir zanaat eseri de\u011fil, ayn\u0131 zamanda bir g\u00f6rsel haf\u0131za i\u015flevi g\u00f6rd\u00fc\u011f\u00fcn\u00fc g\u00f6steriyor. Tek kanat formunda dokunmu\u015f olmas\u0131, hem \u00fcretim tekni\u011fi hem de kullan\u0131m ba\u011flam\u0131nda d\u00f6nemin dokuma pratiklerine \u0131\u015f\u0131k tutuyor.<\/p>\n<p>Kondisyonu ger\u00e7ekten etkileyici: Kilim, bug\u00fcne kadar hi\u00e7 kullan\u0131lmam\u0131\u015f, ilk g\u00fcnk\u00fc gibi, sa\u00e7aklar\u0131ndan d\u00fc\u011f\u00fcm sonlar\u0131na kadar titizlikle korunmu\u015f. Bu t\u00fcr eserlerin bu kadar bozulmam\u0131\u015f bir \u015fekilde g\u00fcn\u00fcm\u00fcze ula\u015fmas\u0131, sadece nadir bir durum de\u011fil; ayn\u0131 zamanda k\u0131rsal esteti\u011fin ve geleneksel tekniklerin zarafetle korundu\u011fu sessiz bir direni\u015f.<\/p>\n<p>Karakuzulu Kilimi, yaln\u0131zca yerel bir dokuma de\u011fil, ayn\u0131 zamanda Anadolu kad\u0131n\u0131n\u0131n sessiz yarat\u0131c\u0131l\u0131\u011f\u0131n\u0131, g\u00f6zlem yetene\u011fini ve estetik sezgisini g\u00fcn\u00fcm\u00fcze ta\u015f\u0131yan bir k\u00fclt\u00fcrel belgedir. Bu eseri elinize ald\u0131\u011f\u0131n\u0131zda de\u011fil, g\u00f6zlerinizi kapat\u0131p dinledi\u011finizde onun ger\u00e7ekten ne anlatt\u0131\u011f\u0131n\u0131 duyars\u0131n\u0131z: Sessizce anlat\u0131lan bir halk hikayesi, hi\u00e7 s\u00f6ylenmemi\u015f bir melodisini izlerken bile hissedebilirsiniz.<\/p>\n","protected":false},"excerpt":{"rendered":"<p><strong>Men\u015fei:<\/strong> T\u00fcrkiye &#8211; Sivas, Divri\u011fi, Karakuzulu K\u00f6y\u00fc <strong>D\u00f6nem:<\/strong> 20. Y\u00fczy\u0131l Ba\u015f\u0131 | 120+ Ya\u015f<strong>\u00a0Teknik:<\/strong> %100 Kirman Y\u00fcn\u00fc, El Dokumas\u0131 &#8211; Tek Kanat <strong>Kondisyon:<\/strong> Ola\u011fan\u00fcst\u00fc &#8211; Kullan\u0131lmam\u0131\u015f, Sand\u0131kta Saklanm\u0131\u015f<\/p>\n","protected":false},"featured_media":7741,"comment_status":"closed","ping_status":"closed","template":"","meta":[],"product_brand":[],"product_cat":[336],"product_tag":[395,398,396,399,397,393,394],"class_list":{"0":"post-7740","1":"product","2":"type-product","3":"status-publish","4":"has-post-thumbnail","6":"product_cat-hali-ve-kilim","7":"product_tag-antika-hali","8":"product_tag-antika-hali-muzayedesi","9":"product_tag-antique-rug","10":"product_tag-antique-rug-online-auction","11":"product_tag-endemigo-auction","12":"product_tag-online-auction","13":"product_tag-online-muzayede","15":"first","16":"instock","17":"sold-individually","18":"product-type-auction"},"_links":{"self":[{"href":"https:\/\/endemigoauction.com\/en\/wp-json\/wp\/v2\/product\/7740","targetHints":{"allow":["GET"]}}],"collection":[{"href":"https:\/\/endemigoauction.com\/en\/wp-json\/wp\/v2\/product"}],"about":[{"href":"https:\/\/endemigoauction.com\/en\/wp-json\/wp\/v2\/types\/product"}],"replies":[{"embeddable":true,"href":"https:\/\/endemigoauction.com\/en\/wp-json\/wp\/v2\/comments?post=7740"}],"wp:featuredmedia":[{"embeddable":true,"href":"https:\/\/endemigoauction.com\/en\/wp-json\/wp\/v2\/media\/7741"}],"wp:attachment":[{"href":"https:\/\/endemigoauction.com\/en\/wp-json\/wp\/v2\/media?parent=7740"}],"wp:term":[{"taxonomy":"product_brand","embeddable":true,"href":"https:\/\/endemigoauction.com\/en\/wp-json\/wp\/v2\/product_brand?post=7740"},{"taxonomy":"product_cat","embeddable":true,"href":"https:\/\/endemigoauction.com\/en\/wp-json\/wp\/v2\/product_cat?post=7740"},{"taxonomy":"product_tag","embeddable":true,"href":"https:\/\/endemigoauction.com\/en\/wp-json\/wp\/v2\/product_tag?post=7740"}],"curies":[{"name":"wp","href":"https:\/\/api.w.org\/{rel}","templated":true}]}}