{"id":7737,"date":"2025-05-29T10:45:39","date_gmt":"2025-05-29T07:45:39","guid":{"rendered":"https:\/\/endemigoauction.com\/urun\/lot-39-antik-manastir-kilimi-100-yas-85-x-255-cm\/"},"modified":"2025-06-01T16:00:38","modified_gmt":"2025-06-01T13:00:38","slug":"lot-39-antik-manastir-kilimi-100-yas-85-x-255-cm","status":"publish","type":"product","link":"https:\/\/endemigoauction.com\/en\/urun\/lot-39-antik-manastir-kilimi-100-yas-85-x-255-cm\/","title":{"rendered":"LOT.39 Antik Manast\u0131r Kilimi 100+ Ya\u015f 85 x 255 cm"},"content":{"rendered":"<p><strong>Antik Manast\u0131r Kilimi 100+ Ya\u015f 85 x 255 cm.<\/strong><\/p>\n<p>Bu nadide Manast\u0131r kilimi, 20. y\u00fczy\u0131l ba\u015flar\u0131na tarihlenen k\u00f6kl\u00fc bir k\u00fclt\u00fcrel miras\u0131n somut bir \u00f6rne\u011fidir. Makedonya&#8217;n\u0131n tarihsel dokusunu ve estetik de\u011ferlerini \u00f6zg\u00fcn bir \u015fekilde yans\u0131tan bu eser, s\u0131k dokunu\u015fuyla hem zarafetini hem de dayan\u0131kl\u0131l\u0131\u011f\u0131n\u0131 koruyor. Y\u00fczy\u0131llar\u0131n tan\u0131kl\u0131\u011f\u0131n\u0131 \u00fcstlenmi\u015f olan bu kilim, ola\u011fan\u00fcst\u00fc kondisyonuyla g\u00fcn\u00fcm\u00fcze kadar ula\u015fmay\u0131 ba\u015farm\u0131\u015ft\u0131r.<\/p>\n<p>Kilim, sar\u0131 tonlar\u0131n\u0131n s\u0131cakl\u0131\u011f\u0131 ve parlakl\u0131\u011f\u0131yla g\u00f6rsel bir \u015f\u00f6len sunarken, geometrik motiflerin d\u00fczenli tekrar\u0131, Anadolu ve Balkan k\u00f6kenli dokuma gelene\u011finin evrensel dilini ustal\u0131kla ifade ediyor. %100 Kirman y\u00fcn\u00fcnden \u00fcretilen ipliklerin kalitesi, hem dokuma yo\u011funlu\u011funu art\u0131rm\u0131\u015f hem de renklerin zamanla solmadan korunmas\u0131na yard\u0131mc\u0131 olmu\u015f, b\u00f6ylece eserin nadirli\u011fini peki\u015ftirmi\u015ftir.<\/p>\n<p>Bu kilim, sadece bir tekstil par\u00e7as\u0131 de\u011fil; ayn\u0131 zamanda tarih, k\u00fclt\u00fcr ve zanaatkar dehas\u0131n\u0131n \u00f6nemli bir \u015faheseridir. Koleksiyonunuzda yer almas\u0131, ge\u00e7mi\u015fle g\u00fcn\u00fcm\u00fcz aras\u0131nda estetik ve entelekt\u00fcel bir k\u00f6pr\u00fc kuracak ve antik dokuma sanat\u0131n\u0131n zirvesine sayg\u0131 duru\u015funda bulunacakt\u0131r.<\/p>\n","protected":false},"excerpt":{"rendered":"<p><strong>Men\u015fei:<\/strong> Makedonya <strong>Kondisyon:<\/strong> Ola\u011fan\u00fcst\u00fc <strong>Dokuma Materyali ve Teknik:<\/strong> Y\u00fcne Y\u00fcn, %100 Kirman ipi <strong>D\u00f6nem &#8211; Ya\u015f:<\/strong> 20. Y\u00fczy\u0131l Ba\u015f\u0131 &#8211; 100+ Ya\u015f<\/p>\n","protected":false},"featured_media":7738,"comment_status":"closed","ping_status":"closed","template":"","meta":[],"product_brand":[],"product_cat":[336],"product_tag":[395,398,396,399,397,393,394],"class_list":{"0":"post-7737","1":"product","2":"type-product","3":"status-publish","4":"has-post-thumbnail","6":"product_cat-hali-ve-kilim","7":"product_tag-antika-hali","8":"product_tag-antika-hali-muzayedesi","9":"product_tag-antique-rug","10":"product_tag-antique-rug-online-auction","11":"product_tag-endemigo-auction","12":"product_tag-online-auction","13":"product_tag-online-muzayede","15":"first","16":"instock","17":"sold-individually","18":"product-type-auction"},"_links":{"self":[{"href":"https:\/\/endemigoauction.com\/en\/wp-json\/wp\/v2\/product\/7737","targetHints":{"allow":["GET"]}}],"collection":[{"href":"https:\/\/endemigoauction.com\/en\/wp-json\/wp\/v2\/product"}],"about":[{"href":"https:\/\/endemigoauction.com\/en\/wp-json\/wp\/v2\/types\/product"}],"replies":[{"embeddable":true,"href":"https:\/\/endemigoauction.com\/en\/wp-json\/wp\/v2\/comments?post=7737"}],"wp:featuredmedia":[{"embeddable":true,"href":"https:\/\/endemigoauction.com\/en\/wp-json\/wp\/v2\/media\/7738"}],"wp:attachment":[{"href":"https:\/\/endemigoauction.com\/en\/wp-json\/wp\/v2\/media?parent=7737"}],"wp:term":[{"taxonomy":"product_brand","embeddable":true,"href":"https:\/\/endemigoauction.com\/en\/wp-json\/wp\/v2\/product_brand?post=7737"},{"taxonomy":"product_cat","embeddable":true,"href":"https:\/\/endemigoauction.com\/en\/wp-json\/wp\/v2\/product_cat?post=7737"},{"taxonomy":"product_tag","embeddable":true,"href":"https:\/\/endemigoauction.com\/en\/wp-json\/wp\/v2\/product_tag?post=7737"}],"curies":[{"name":"wp","href":"https:\/\/api.w.org\/{rel}","templated":true}]}}