{"id":7734,"date":"2025-05-29T10:45:39","date_gmt":"2025-05-29T07:45:39","guid":{"rendered":"https:\/\/endemigoauction.com\/urun\/lot-40-antik-bergama-cubuklu-kilim-130-yas-145-x-215-cm\/"},"modified":"2025-06-01T15:59:13","modified_gmt":"2025-06-01T12:59:13","slug":"lot-40-antik-bergama-cubuklu-kilim-130-yas-145-x-215-cm","status":"publish","type":"product","link":"https:\/\/endemigoauction.com\/en\/urun\/lot-40-antik-bergama-cubuklu-kilim-130-yas-145-x-215-cm\/","title":{"rendered":"LOT.40 Antik Bergama \u00c7ubuklu Kilim 130+ Ya\u015f 145 x 215 cm"},"content":{"rendered":"<p><strong>Antik Bergama \u00c7ubuklu Kilim 130+ Ya\u015f 145 x 215 cm.<\/strong><\/p>\n<p>Ege&#8217;nin \u00c7izgisel Zarafeti: 19. Y\u00fczy\u0131l Sonu Antik Bergama \u00c7ubuklu Kilim\u0130zmir&#8217;in tarihi ve k\u00fclt\u00fcrel zenginlikleriyle dolup ta\u015fan Bergama il\u00e7esi, d\u00fcz dokuma sanat\u0131n\u0131n e\u015fsiz bir \u00f6rne\u011fi olan bu 19. y\u00fczy\u0131l sonu antika &#8220;\u00c7ubuklu&#8221; kilimiyle \u00f6ne \u00e7\u0131k\u0131yor. Yakla\u015f\u0131k 130 y\u0131ld\u0131r Ege&#8217;nin kendine \u00f6zg\u00fc estetik anlay\u0131\u015f\u0131n\u0131 yans\u0131tan bu eser, Bergama&#8217;n\u0131n usta zanaatkarlar\u0131n\u0131n titiz \u00e7al\u0131\u015fmalar\u0131yla hayat bulmu\u015f. %100 el e\u011firmesiyle elde edilen, do\u011fal k\u00f6k boyalarla renklendirilmi\u015f se\u00e7kin y\u00fcn ipli\u011fi, geleneksel kilim dokuma teknikleriyle bir araya gelerek bu kal\u0131c\u0131 eseri olu\u015fturmu\u015f. &#8220;\u00c7ubuklu&#8221; terimi, kilimin belirgin yatay veya dikey \u015feritlerden olu\u015fan \u00f6zg\u00fcn tasar\u0131m\u0131n\u0131 ifade ediyor.<\/p>\n<p>Bergama kilimleri, genellikle canl\u0131 renkleri, geometrik desenleri ve y\u00f6reye \u00f6zg\u00fc sembolleriyle tan\u0131n\u0131r. Bu antik \u00c7ubuklu kilimde, yatay ve dikey \u015feritlerin ritmik tekrar\u0131, sade ama etkileyici bir g\u00f6rsel kompozisyon yarat\u0131yor. Bu \u00e7izgisel d\u00fczenleme, kilime modern bir hava katarken, kullan\u0131lan geleneksel motifler ve renkler, onun k\u00f6kl\u00fc ge\u00e7mi\u015fine bir selam duruyor.<\/p>\n<p>Ola\u011fan\u00fcst\u00fc kondisyonuyla dikkat \u00e7eken bu 19. y\u00fczy\u0131l sonu \u00c7ubuklu Kilim, kullan\u0131lan malzemenin kalitesini ve dokuma i\u015f\u00e7ili\u011finin \u00f6zenini g\u00fcn\u00fcm\u00fcze ta\u015f\u0131yor. \u0130zmir y\u00f6resine \u00f6zg\u00fc canl\u0131 k\u0131rm\u0131z\u0131lar, derin lacivertler, s\u0131cak sar\u0131lar ve do\u011fal tonlar, kilimin renk paletini olu\u015ftururken, b\u00f6lgenin k\u00fclt\u00fcrel atmosferini yans\u0131t\u0131yor.<\/p>\n<p>Bu Antik Bergama \u00c7ubuklu Kilim, sadece bir mekan\u0131 s\u00fcslemekle kalmaz, ayn\u0131 zamanda Ege&#8217;nin d\u00fcz dokuma zarafetini ve Bergama&#8217;n\u0131n \u00f6zg\u00fcn sanat\u0131n\u0131 temsil eder. Bu nadide eseri koleksiyonunuza dahil etmek, zengin bir k\u00fclt\u00fcrel mirasa yap\u0131lan sayg\u0131l\u0131 bir yolculuk<\/p>\n","protected":false},"excerpt":{"rendered":"<p><strong>Men\u015fei:<\/strong> T\u00fcrkiye \/ \u0130zmir <strong>Kondisyon:<\/strong> Ola\u011fan\u00fcst\u00fc <strong>Dokuma Materyali ve Teknik:<\/strong> Y\u00fcne Y\u00fcn, %100 Kirman ipi, <strong>D\u00f6nem \u2013 Ya\u015f:<\/strong> 19. Y\u00fczy\u0131l Sonu &#8211; 130+ Ya\u015f<\/p>\n","protected":false},"featured_media":7735,"comment_status":"closed","ping_status":"closed","template":"","meta":[],"product_brand":[],"product_cat":[336],"product_tag":[395,398,396,399,397,393,394],"class_list":{"0":"post-7734","1":"product","2":"type-product","3":"status-publish","4":"has-post-thumbnail","6":"product_cat-hali-ve-kilim","7":"product_tag-antika-hali","8":"product_tag-antika-hali-muzayedesi","9":"product_tag-antique-rug","10":"product_tag-antique-rug-online-auction","11":"product_tag-endemigo-auction","12":"product_tag-online-auction","13":"product_tag-online-muzayede","15":"first","16":"instock","17":"sold-individually","18":"product-type-auction"},"_links":{"self":[{"href":"https:\/\/endemigoauction.com\/en\/wp-json\/wp\/v2\/product\/7734","targetHints":{"allow":["GET"]}}],"collection":[{"href":"https:\/\/endemigoauction.com\/en\/wp-json\/wp\/v2\/product"}],"about":[{"href":"https:\/\/endemigoauction.com\/en\/wp-json\/wp\/v2\/types\/product"}],"replies":[{"embeddable":true,"href":"https:\/\/endemigoauction.com\/en\/wp-json\/wp\/v2\/comments?post=7734"}],"wp:featuredmedia":[{"embeddable":true,"href":"https:\/\/endemigoauction.com\/en\/wp-json\/wp\/v2\/media\/7735"}],"wp:attachment":[{"href":"https:\/\/endemigoauction.com\/en\/wp-json\/wp\/v2\/media?parent=7734"}],"wp:term":[{"taxonomy":"product_brand","embeddable":true,"href":"https:\/\/endemigoauction.com\/en\/wp-json\/wp\/v2\/product_brand?post=7734"},{"taxonomy":"product_cat","embeddable":true,"href":"https:\/\/endemigoauction.com\/en\/wp-json\/wp\/v2\/product_cat?post=7734"},{"taxonomy":"product_tag","embeddable":true,"href":"https:\/\/endemigoauction.com\/en\/wp-json\/wp\/v2\/product_tag?post=7734"}],"curies":[{"name":"wp","href":"https:\/\/api.w.org\/{rel}","templated":true}]}}