{"id":7731,"date":"2025-05-29T10:45:39","date_gmt":"2025-05-29T07:45:39","guid":{"rendered":"https:\/\/endemigoauction.com\/urun\/lot-41-antik-cihanbeyli-kilimi-120-yas-90-x-365-cm\/"},"modified":"2025-06-01T15:58:28","modified_gmt":"2025-06-01T12:58:28","slug":"lot-41-antik-cihanbeyli-kilimi-120-yas-90-x-365-cm","status":"publish","type":"product","link":"https:\/\/endemigoauction.com\/en\/urun\/lot-41-antik-cihanbeyli-kilimi-120-yas-90-x-365-cm\/","title":{"rendered":"LOT.41 Antik Cihanbeyli Kilimi 120+ Ya\u015f 90 x 365 cm"},"content":{"rendered":"<p><strong>Antik Cihanbeyli Kilimi 120+ Ya\u015f 90 x 365 cm.<\/strong><\/p>\n<p>Konya Steplerinin D\u00fcz Dokuma Zarafeti: 19. Y\u00fczy\u0131l Sonu Antik Cihanbeyli KilimBu 19. y\u00fczy\u0131l sonu antika Cihanbeyli kilimi, Konya&#8217;n\u0131n geni\u015f steplerinin k\u00fclt\u00fcrel miras\u0131n\u0131 en g\u00fczel \u015fekilde yans\u0131tan bir par\u00e7a. Yakla\u015f\u0131k 120 y\u0131ld\u0131r ait oldu\u011fu co\u011frafyan\u0131n ruhunu ta\u015f\u0131yan bu eser, Cihanbeyli b\u00f6lgesinin usta zanaatkarlar\u0131n\u0131n titiz \u00e7al\u0131\u015fmalar\u0131yla hayat bulmu\u015f.<\/p>\n<p>%100 el e\u011firmesiyle \u00fcretilen, do\u011fal k\u00f6k boyalarla s\u0131cak ve topraks\u0131 tonlara boyanm\u0131\u015f se\u00e7kin y\u00fcn ipli\u011fi, geleneksel dokuma teknikleriyle birle\u015ferek bu kal\u0131c\u0131 eseri olu\u015fturmu\u015f. Bu kilim, Konya&#8217;n\u0131n kendine \u00f6zg\u00fc d\u00fcz dokuma gelene\u011finin ve Cihanbeyli&#8217;nin estetik anlay\u0131\u015f\u0131n\u0131n harika bir \u00f6rne\u011fi.Cihanbeyli kilimlerinin karakteristik tasar\u0131m unsurlar\u0131 bu eserde de kendini g\u00f6steriyor. Genellikle geometrik desenler, stilize edilmi\u015f hayvan fig\u00fcrleri ve y\u00f6reye \u00f6zg\u00fc semboller, kilimin y\u00fczeyinde g\u00fc\u00e7l\u00fc ve otantik bir uyum yarat\u0131yor. Steplerin geni\u015fli\u011fini, geleneksel ya\u015fam tarzlar\u0131n\u0131 ve Anadolu&#8217;nun kadim inan\u00e7lar\u0131n\u0131 yans\u0131tan bu motifler, kilime derin bir k\u00fclt\u00fcrel anlam kat\u0131yor.<\/p>\n<p>Ola\u011fan\u00fcst\u00fc kondisyonuyla dikkat \u00e7eken bu antika Cihanbeyli kilimi, kullan\u0131lan malzemenin kalitesini ve dokuma i\u015f\u00e7ili\u011finin titizli\u011fini g\u00fcn\u00fcm\u00fcze ta\u015f\u0131yor. Konya&#8217;ya \u00f6zg\u00fc s\u0131cak toprak tonlar\u0131, k\u0131rm\u0131z\u0131lar, maviler ve bejler, kilimin renk paletini olu\u015ftururken, b\u00f6lgenin do\u011fal ve k\u00fclt\u00fcrel atmosferini yans\u0131t\u0131yor.Bu Antik Cihanbeyli Kilim, sadece bir mekan\u0131 s\u00fcslemekle kalmaz, ayn\u0131 zamanda Konya steplerinin zamans\u0131z d\u00fcz dokuma zarafetini ve Cihanbeyli&#8217;nin \u00f6zg\u00fcn sanat\u0131n\u0131 temsil eder. Bu nadide eseri koleksiyonunuza dahil etmek, Anadolu&#8217;nun zengin k\u00fclt\u00fcrel co\u011frafyas\u0131na yap\u0131lan sayg\u0131l\u0131 bir yolculuk ve otantik bir tekstil sanat eserine sahip<\/p>\n","protected":false},"excerpt":{"rendered":"<p><strong>Men\u015fei:<\/strong> T\u00fcrkiye \/ Konya <strong>Kondisyon:<\/strong> Ola\u011fan\u00fcst\u00fc <strong>Dokuma Materyali ve Teknik:<\/strong> Y\u00fcne Y\u00fcn, %100 Kirman ipi, <strong>D\u00f6nem &#8211; Ya\u015f:<\/strong> 19. Y\u00fczy\u0131l Sonu &#8211; 120+ Ya\u015f<\/p>\n","protected":false},"featured_media":7732,"comment_status":"closed","ping_status":"closed","template":"","meta":[],"product_brand":[],"product_cat":[336],"product_tag":[395,398,396,399,397,393,394],"class_list":{"0":"post-7731","1":"product","2":"type-product","3":"status-publish","4":"has-post-thumbnail","6":"product_cat-hali-ve-kilim","7":"product_tag-antika-hali","8":"product_tag-antika-hali-muzayedesi","9":"product_tag-antique-rug","10":"product_tag-antique-rug-online-auction","11":"product_tag-endemigo-auction","12":"product_tag-online-auction","13":"product_tag-online-muzayede","15":"first","16":"instock","17":"sold-individually","18":"product-type-auction"},"_links":{"self":[{"href":"https:\/\/endemigoauction.com\/en\/wp-json\/wp\/v2\/product\/7731","targetHints":{"allow":["GET"]}}],"collection":[{"href":"https:\/\/endemigoauction.com\/en\/wp-json\/wp\/v2\/product"}],"about":[{"href":"https:\/\/endemigoauction.com\/en\/wp-json\/wp\/v2\/types\/product"}],"replies":[{"embeddable":true,"href":"https:\/\/endemigoauction.com\/en\/wp-json\/wp\/v2\/comments?post=7731"}],"wp:featuredmedia":[{"embeddable":true,"href":"https:\/\/endemigoauction.com\/en\/wp-json\/wp\/v2\/media\/7732"}],"wp:attachment":[{"href":"https:\/\/endemigoauction.com\/en\/wp-json\/wp\/v2\/media?parent=7731"}],"wp:term":[{"taxonomy":"product_brand","embeddable":true,"href":"https:\/\/endemigoauction.com\/en\/wp-json\/wp\/v2\/product_brand?post=7731"},{"taxonomy":"product_cat","embeddable":true,"href":"https:\/\/endemigoauction.com\/en\/wp-json\/wp\/v2\/product_cat?post=7731"},{"taxonomy":"product_tag","embeddable":true,"href":"https:\/\/endemigoauction.com\/en\/wp-json\/wp\/v2\/product_tag?post=7731"}],"curies":[{"name":"wp","href":"https:\/\/api.w.org\/{rel}","templated":true}]}}