{"id":7728,"date":"2025-05-29T10:45:39","date_gmt":"2025-05-29T07:45:39","guid":{"rendered":"https:\/\/endemigoauction.com\/urun\/lot-42-antik-obruk-cicim-kilim-19-yuzyil-140-x-162-cm\/"},"modified":"2025-06-01T15:57:28","modified_gmt":"2025-06-01T12:57:28","slug":"lot-42-antik-obruk-cicim-kilim-19-yuzyil-140-x-162-cm","status":"publish","type":"product","link":"https:\/\/endemigoauction.com\/en\/urun\/lot-42-antik-obruk-cicim-kilim-19-yuzyil-140-x-162-cm\/","title":{"rendered":"LOT.42 Antik Obruk Cicim Kilim 19. Y\u00fczy\u0131l 140 x 162 cm"},"content":{"rendered":"<p><strong>Antik Obruk Cicim Kilim 19. Y\u00fczy\u0131l 140 x 162 cm.<\/strong><\/p>\n<p>Konya&#8217;n\u0131n Derinlerinden Bir Nak\u0131\u015f Gibi: 19. Y\u00fczy\u0131l Antik Obruk Cicim KilimKonya&#8217;n\u0131n kendine \u00f6zg\u00fc k\u00fclt\u00fcrel dokusu ve Obruk y\u00f6resinin e\u015fsiz el sanatlar\u0131 gelene\u011finin zarif bir yans\u0131mas\u0131 olan bu 19. y\u00fczy\u0131l antika cicim kilim, Anadolu&#8217;nun zengin tekstil miras\u0131n\u0131n nadide bir \u00f6rne\u011fidir. Obruk&#8217;un usta zanaatkarlar\u0131n\u0131n titiz ellerinde, %100 el e\u011firmesiyle elde edilmi\u015f, do\u011fal k\u00f6k boyalar\u0131n s\u0131cak ve otantik tonlar\u0131yla renklendirilmi\u015f se\u00e7kin y\u00fcn ipli\u011fi, geleneksel d\u00fcz dokuma ve cicim teknikleriyle bu kal\u0131c\u0131 esere d\u00f6n\u00fc\u015fm\u00fc\u015ft\u00fcr. Cicim, kilimin y\u00fczeyine ipliklerin serbest\u00e7e at\u0131lmas\u0131yla olu\u015fturulan kabartmal\u0131 ve nak\u0131\u015f benzeri desenleriyle karakterizedir.<\/p>\n<p>Obruk cicim kilimleri genellikle canl\u0131 renkleri, geometrik ve stilize edilmi\u015f do\u011fal motifleri ve cicim tekni\u011finin yaratt\u0131\u011f\u0131 dokusal zenginlikle tan\u0131n\u0131r. Bu antik cicim kilimde de y\u00f6renin karakteristik desenleri ve renk paleti kendini g\u00f6sterir. Konya steplerinin ve Anadolu&#8217;nun kadim sembollerinin izlerini ta\u015f\u0131yan bu motifler, kilime otantik ve s\u0131cak bir ruh katar.<\/p>\n<p>Ola\u011fan\u00fcst\u00fc kondisyonuyla dikkat \u00e7eken bu 19. y\u00fczy\u0131l Obruk cicim kilimi, kullan\u0131lan malzemenin kalitesini ve i\u015f\u00e7ili\u011fin \u00f6zenini g\u00fcn\u00fcm\u00fcze ta\u015f\u0131r. Konya y\u00f6resine \u00f6zg\u00fc s\u0131cak toprak tonlar\u0131, k\u0131rm\u0131z\u0131lar, maviler ve do\u011fal y\u00fcn renkleri, kilimin renk paletini olu\u015ftururken, b\u00f6lgenin k\u00fclt\u00fcrel atmosferini yans\u0131t\u0131r.<\/p>\n","protected":false},"excerpt":{"rendered":"<p><strong>Men\u015fei:<\/strong> T\u00fcrkiye \/ Konya <strong>Kondisyon:<\/strong> Ola\u011fan\u00fcst\u00fc <strong>Dokuma Materyali ve Teknik:<\/strong> Y\u00fcne Y\u00fcn, %100 Kirman ipi <strong>D\u00f6nem &#8211;\u00a0Ya\u015f:<\/strong> 19. Y\u00fczy\u0131l<\/p>\n","protected":false},"featured_media":7729,"comment_status":"closed","ping_status":"closed","template":"","meta":[],"product_brand":[],"product_cat":[336],"product_tag":[395,398,396,399,397,393,394],"class_list":{"0":"post-7728","1":"product","2":"type-product","3":"status-publish","4":"has-post-thumbnail","6":"product_cat-hali-ve-kilim","7":"product_tag-antika-hali","8":"product_tag-antika-hali-muzayedesi","9":"product_tag-antique-rug","10":"product_tag-antique-rug-online-auction","11":"product_tag-endemigo-auction","12":"product_tag-online-auction","13":"product_tag-online-muzayede","15":"first","16":"instock","17":"sold-individually","18":"product-type-auction"},"_links":{"self":[{"href":"https:\/\/endemigoauction.com\/en\/wp-json\/wp\/v2\/product\/7728","targetHints":{"allow":["GET"]}}],"collection":[{"href":"https:\/\/endemigoauction.com\/en\/wp-json\/wp\/v2\/product"}],"about":[{"href":"https:\/\/endemigoauction.com\/en\/wp-json\/wp\/v2\/types\/product"}],"replies":[{"embeddable":true,"href":"https:\/\/endemigoauction.com\/en\/wp-json\/wp\/v2\/comments?post=7728"}],"wp:featuredmedia":[{"embeddable":true,"href":"https:\/\/endemigoauction.com\/en\/wp-json\/wp\/v2\/media\/7729"}],"wp:attachment":[{"href":"https:\/\/endemigoauction.com\/en\/wp-json\/wp\/v2\/media?parent=7728"}],"wp:term":[{"taxonomy":"product_brand","embeddable":true,"href":"https:\/\/endemigoauction.com\/en\/wp-json\/wp\/v2\/product_brand?post=7728"},{"taxonomy":"product_cat","embeddable":true,"href":"https:\/\/endemigoauction.com\/en\/wp-json\/wp\/v2\/product_cat?post=7728"},{"taxonomy":"product_tag","embeddable":true,"href":"https:\/\/endemigoauction.com\/en\/wp-json\/wp\/v2\/product_tag?post=7728"}],"curies":[{"name":"wp","href":"https:\/\/api.w.org\/{rel}","templated":true}]}}