{"id":7725,"date":"2025-05-29T10:45:39","date_gmt":"2025-05-29T07:45:39","guid":{"rendered":"https:\/\/endemigoauction.com\/urun\/lot-43-antik-safli-mut-kilim-19-yuzyil-basi-190-x-360-cm\/"},"modified":"2025-06-01T15:56:21","modified_gmt":"2025-06-01T12:56:21","slug":"lot-43-antik-safli-mut-kilim-19-yuzyil-basi-190-x-360-cm","status":"publish","type":"product","link":"https:\/\/endemigoauction.com\/en\/urun\/lot-43-antik-safli-mut-kilim-19-yuzyil-basi-190-x-360-cm\/","title":{"rendered":"LOT.43 Antik Safl\u0131 Mut Kilim 19. Y\u00fczy\u0131l Ba\u015f\u0131 190 x 360 cm"},"content":{"rendered":"<p><strong>Antik Safl\u0131 Mut Kilim 19. Y\u00fczy\u0131l Ba\u015f\u0131 190 x 360 cm.<\/strong><\/p>\n<p>Toroslar\u0131n Y\u00fckseklerinden Bir D\u00fcz Dokuma Zarafeti: 19. Y\u00fczy\u0131l Ba\u015f\u0131 Antik Safl\u0131 Mut KilimAkdeniz&#8217;in k\u0131y\u0131s\u0131nda, Toros Da\u011flar\u0131&#8217;n\u0131n eteklerinde yer alan Mersin&#8217;in Mut il\u00e7esinin Safl\u0131 k\u00f6y\u00fcn\u00fcn kadim dokuma gelene\u011finin nadide bir \u00f6rne\u011fi olan bu 19. y\u00fczy\u0131l ba\u015f\u0131 antika kilim, y\u00f6renin kendine has sanatsal ifadesini ve Anadolu kilim sanat\u0131n\u0131n otantik g\u00fczelli\u011fini yans\u0131t\u0131r. Safl\u0131&#8217;n\u0131n usta zanaatkarlar\u0131n\u0131n \u00f6zenli ellerinde, %100 el e\u011firmesiyle elde edilmi\u015f, do\u011fal k\u00f6k boyalar\u0131n s\u0131cak ve canl\u0131 tonlar\u0131yla renklendirilmi\u015f se\u00e7kin y\u00fcn ipli\u011fi, geleneksel kilim dokuma teknikleriyle bu kal\u0131c\u0131 esere d\u00f6n\u00fc\u015fm\u00fc\u015ft\u00fcr.<\/p>\n<p>Safl\u0131 Mut kilimleri, genellikle yal\u0131n ve etkileyici geometrik desenleri, do\u011fal motifleri ve canl\u0131 renkleriyle tan\u0131n\u0131r. Bu antik kilimde de y\u00f6renin karakteristik kompozisyonel sadeli\u011fi ve sembolik anlat\u0131m\u0131 kendini g\u00f6sterir. Toroslar\u0131n do\u011fal g\u00fczelliklerinden ve y\u00f6re halk\u0131n\u0131n geleneksel ya\u015fam bi\u00e7iminden ilham alan bu desenler, kilime otantik ve s\u0131cak bir ruh katar.<\/p>\n<p>M\u00fckemmel kondisyonuyla dikkat \u00e7eken bu 19. y\u00fczy\u0131l ba\u015f\u0131 Safl\u0131 Mut kilimi, kullan\u0131lan malzemenin kalitesini ve dokuma i\u015f\u00e7ili\u011finin \u00f6zenini g\u00fcn\u00fcm\u00fcze ta\u015f\u0131r. Mersin y\u00f6resine \u00f6zg\u00fc canl\u0131 k\u0131rm\u0131z\u0131lar, derin maviler, s\u0131cak sar\u0131lar ve do\u011fal tonlar, kilimin renk paletini olu\u015ftururken, b\u00f6lgenin k\u00fclt\u00fcrel atmosferini yans\u0131t\u0131r.Bu Antik Safl\u0131 Mut Kilim, sadece bir mekan\u0131 s\u00fcslemekle kalmaz, ayn\u0131 zamanda Toroslar\u0131n y\u00fckseklerindeki zanaat\u0131n zarafetini ve Akdeniz&#8217;in otantik k\u00fclt\u00fcrel miras\u0131n\u0131 temsil eder. Bu nadide eseri koleksiyonunuza dahil etmek, Anadolu kilim sanat\u0131n\u0131n derinliklerine yap\u0131lan sayg\u0131l\u0131 bir yolculuk ve zamans\u0131z bir esteti\u011fe sahip olmakt\u0131r.<\/p>\n<p><em>Not: Yer yer ufak ezilmeler, ve eski k\u00fc\u00e7\u00fck tamirleri mevcut.<\/em><\/p>\n","protected":false},"excerpt":{"rendered":"<p><strong>Men\u015fei:<\/strong> T\u00fcrkiye \/ Mersin <strong>Kondisyon:<\/strong> \u00c7ok \u0130yi <strong>Dokuma Materyali ve Teknik:<\/strong> Y\u00fcne Y\u00fcn, %100 Kirman ipi <strong>D\u00f6nem \u2013 Ya\u015f:<\/strong> 19. Y\u00fczy\u0131l Ba\u015f\u0131<\/p>\n","protected":false},"featured_media":7726,"comment_status":"closed","ping_status":"closed","template":"","meta":[],"product_brand":[],"product_cat":[336],"product_tag":[395,398,396,399,397,393,394],"class_list":{"0":"post-7725","1":"product","2":"type-product","3":"status-publish","4":"has-post-thumbnail","6":"product_cat-hali-ve-kilim","7":"product_tag-antika-hali","8":"product_tag-antika-hali-muzayedesi","9":"product_tag-antique-rug","10":"product_tag-antique-rug-online-auction","11":"product_tag-endemigo-auction","12":"product_tag-online-auction","13":"product_tag-online-muzayede","15":"first","16":"instock","17":"sold-individually","18":"product-type-auction"},"_links":{"self":[{"href":"https:\/\/endemigoauction.com\/en\/wp-json\/wp\/v2\/product\/7725","targetHints":{"allow":["GET"]}}],"collection":[{"href":"https:\/\/endemigoauction.com\/en\/wp-json\/wp\/v2\/product"}],"about":[{"href":"https:\/\/endemigoauction.com\/en\/wp-json\/wp\/v2\/types\/product"}],"replies":[{"embeddable":true,"href":"https:\/\/endemigoauction.com\/en\/wp-json\/wp\/v2\/comments?post=7725"}],"wp:featuredmedia":[{"embeddable":true,"href":"https:\/\/endemigoauction.com\/en\/wp-json\/wp\/v2\/media\/7726"}],"wp:attachment":[{"href":"https:\/\/endemigoauction.com\/en\/wp-json\/wp\/v2\/media?parent=7725"}],"wp:term":[{"taxonomy":"product_brand","embeddable":true,"href":"https:\/\/endemigoauction.com\/en\/wp-json\/wp\/v2\/product_brand?post=7725"},{"taxonomy":"product_cat","embeddable":true,"href":"https:\/\/endemigoauction.com\/en\/wp-json\/wp\/v2\/product_cat?post=7725"},{"taxonomy":"product_tag","embeddable":true,"href":"https:\/\/endemigoauction.com\/en\/wp-json\/wp\/v2\/product_tag?post=7725"}],"curies":[{"name":"wp","href":"https:\/\/api.w.org\/{rel}","templated":true}]}}