{"id":7722,"date":"2025-05-29T10:45:39","date_gmt":"2025-05-29T07:45:39","guid":{"rendered":"https:\/\/endemigoauction.com\/urun\/lot-41-antik-balikesir-yuncu-sakalli-kilim-19-yuzyil-sonu-160-x-232-cm\/"},"modified":"2025-06-01T15:55:30","modified_gmt":"2025-06-01T12:55:30","slug":"lot-41-antik-balikesir-yuncu-sakalli-kilim-19-yuzyil-sonu-160-x-232-cm","status":"publish","type":"product","link":"https:\/\/endemigoauction.com\/en\/urun\/lot-41-antik-balikesir-yuncu-sakalli-kilim-19-yuzyil-sonu-160-x-232-cm\/","title":{"rendered":"LOT.44 Antik Bal\u0131kesir Y\u00fcnc\u00fc Sakall\u0131 Kilim 19. Y\u00fczy\u0131l Sonu 160 x 232 cm"},"content":{"rendered":"<p><strong>Antik Bal\u0131kesir Y\u00fcnc\u00fc Sakall\u0131 Kilim 19. Y\u00fczy\u0131l Sonu 160 x 232 cm.<\/strong><\/p>\n<p>Ege&#8217;nin bereketli topraklar\u0131n\u0131n ve Bal\u0131kesir&#8217;in k\u00f6kl\u00fc y\u00fcn i\u015fleme gelene\u011finin e\u015fsiz bir yans\u0131mas\u0131 olan bu 19. y\u00fczy\u0131l sonu antika &#8220;Y\u00fcnc\u00fc Sakall\u0131&#8221; kilim, b\u00f6lgenin kendine \u00f6zg\u00fc dokuma sanat\u0131n\u0131 g\u00f6zler \u00f6n\u00fcne seriyor. Bal\u0131kesir&#8217;in usta zanaatkarlar\u0131 taraf\u0131ndan titizlikle i\u015flenmi\u015f, %100 el e\u011firmesiyle elde edilen, do\u011fal k\u00f6k boyalar\u0131n s\u0131cak ve otantik tonlar\u0131yla renklendirilmi\u015f se\u00e7kin y\u00fcn ipli\u011fi, geleneksel kilim dokuma teknikleriyle bu kal\u0131c\u0131 esere d\u00f6n\u00fc\u015fm\u00fc\u015f.<\/p>\n<p>&#8220;Y\u00fcnc\u00fc Sakall\u0131&#8221; terimi, bu kilimin kendine has, belki de uzun ve serbest b\u0131rak\u0131lm\u0131\u015f y\u00fcn ipliklerinden olu\u015fan \u00f6zel bir dokuma tekni\u011fini veya tasar\u0131m\u0131n\u0131 ifade ediyor olabilir.Bal\u0131kesir kilimleri genellikle canl\u0131 renkleri, geometrik desenleri ve y\u00f6reye \u00f6zg\u00fc sembolleriyle tan\u0131n\u0131r. Bu antik kilimde de b\u00f6lgenin karakteristik motifleri ve kompozisyonel zenginli\u011fi kendini g\u00f6steriyor. Y\u00fcn i\u015flemecili\u011findeki ustal\u0131k, kilimin dokusunda ve renklerinin canl\u0131l\u0131\u011f\u0131nda belirgin bir \u015fekilde hissediliyor. &#8220;Sakall\u0131&#8221; olarak tan\u0131mlanan bu \u00f6zel dokuma, kilime dokunsal bir farkl\u0131l\u0131k ve g\u00f6rsel bir \u00f6zg\u00fcnl\u00fck kat\u0131yor.<\/p>\n<p>Ola\u011fan\u00fcst\u00fc kondisyonuyla dikkat \u00e7eken bu 19. y\u00fczy\u0131l sonu Y\u00fcnc\u00fc Sakall\u0131 Kilim, kullan\u0131lan malzemenin kalitesini ve dokuma i\u015f\u00e7ili\u011finin \u00f6zenini g\u00fcn\u00fcm\u00fcze ta\u015f\u0131yor. Bal\u0131kesir y\u00f6resine \u00f6zg\u00fc s\u0131cak toprak tonlar\u0131, canl\u0131 k\u0131rm\u0131z\u0131lar, derin maviler ve do\u011fal y\u00fcn renkleri, kilimin renk paletini olu\u015ftururken, b\u00f6lgenin k\u00fclt\u00fcrel atmosferini yans\u0131t\u0131yor.<\/p>\n<p>Bu Antik Bal\u0131kesir Y\u00fcnc\u00fc Sakall\u0131 Kilim, sadece bir mekan\u0131 s\u00fcslemekle kalmaz, ayn\u0131 zamanda Ege&#8217;nin y\u00fcn i\u015fleme gelene\u011finin \u00f6zg\u00fcn bir \u00f6rne\u011fini ve Bal\u0131kesir&#8217;in dokuma sanat\u0131n\u0131 temsil eder.<\/p>\n","protected":false},"excerpt":{"rendered":"<p><strong>Men\u015fei:<\/strong> T\u00fcrkiye \/ Bal\u0131kesir <strong>Kondisyon:<\/strong> M\u00fckemmel <strong>Dokuma Materyali ve Teknik:<\/strong> Y\u00fcne Y\u00fcn, %100 Kirman ipi, <strong>D\u00f6nem &#8211; Ya\u015f:<\/strong> 19. Y\u00fczy\u0131l Sonu.<\/p>\n","protected":false},"featured_media":7723,"comment_status":"closed","ping_status":"closed","template":"","meta":[],"product_brand":[],"product_cat":[336],"product_tag":[395,398,396,399,397,393,394],"class_list":{"0":"post-7722","1":"product","2":"type-product","3":"status-publish","4":"has-post-thumbnail","6":"product_cat-hali-ve-kilim","7":"product_tag-antika-hali","8":"product_tag-antika-hali-muzayedesi","9":"product_tag-antique-rug","10":"product_tag-antique-rug-online-auction","11":"product_tag-endemigo-auction","12":"product_tag-online-auction","13":"product_tag-online-muzayede","15":"first","16":"instock","17":"sold-individually","18":"product-type-auction"},"_links":{"self":[{"href":"https:\/\/endemigoauction.com\/en\/wp-json\/wp\/v2\/product\/7722","targetHints":{"allow":["GET"]}}],"collection":[{"href":"https:\/\/endemigoauction.com\/en\/wp-json\/wp\/v2\/product"}],"about":[{"href":"https:\/\/endemigoauction.com\/en\/wp-json\/wp\/v2\/types\/product"}],"replies":[{"embeddable":true,"href":"https:\/\/endemigoauction.com\/en\/wp-json\/wp\/v2\/comments?post=7722"}],"wp:featuredmedia":[{"embeddable":true,"href":"https:\/\/endemigoauction.com\/en\/wp-json\/wp\/v2\/media\/7723"}],"wp:attachment":[{"href":"https:\/\/endemigoauction.com\/en\/wp-json\/wp\/v2\/media?parent=7722"}],"wp:term":[{"taxonomy":"product_brand","embeddable":true,"href":"https:\/\/endemigoauction.com\/en\/wp-json\/wp\/v2\/product_brand?post=7722"},{"taxonomy":"product_cat","embeddable":true,"href":"https:\/\/endemigoauction.com\/en\/wp-json\/wp\/v2\/product_cat?post=7722"},{"taxonomy":"product_tag","embeddable":true,"href":"https:\/\/endemigoauction.com\/en\/wp-json\/wp\/v2\/product_tag?post=7722"}],"curies":[{"name":"wp","href":"https:\/\/api.w.org\/{rel}","templated":true}]}}