{"id":7719,"date":"2025-05-29T10:45:17","date_gmt":"2025-05-29T07:45:17","guid":{"rendered":"https:\/\/endemigoauction.com\/urun\/lot-45-antik-fethiye-kaya-koy-halisi-100-yas-125-x-224-cm\/"},"modified":"2025-06-01T16:16:40","modified_gmt":"2025-06-01T13:16:40","slug":"lot-45-antik-fethiye-kaya-koy-halisi-100-yas-125-x-224-cm","status":"publish","type":"product","link":"https:\/\/endemigoauction.com\/en\/urun\/lot-45-antik-fethiye-kaya-koy-halisi-100-yas-125-x-224-cm\/","title":{"rendered":"LOT.45 Antik Fethiye Kaya K\u00f6y Hal\u0131s\u0131 100+ Ya\u015f 125 x 224 cm"},"content":{"rendered":"<p><strong>Fethiye Kaya K\u00f6y Hal\u0131s\u0131 100+ Ya\u015f 125 x 224 cm.<\/strong><\/p>\n<p>Antik Bir Yerle\u015fimin Dokunmu\u015f Hikayesi: 19. Y\u00fczy\u0131l Sonu Antik Fethiye Kaya K\u00f6y Hal\u0131s\u0131. Fethiye&#8217;nin mistik atmosferiyle harmanlanm\u0131\u015f, tarihi Kaya K\u00f6y\u00fc&#8217;n\u00fcn (Levissi) dokuma gelene\u011finin e\u015fsiz bir \u00f6rne\u011fi olan bu 19. y\u00fczy\u0131l sonu antika hal\u0131, ait oldu\u011fu co\u011frafyan\u0131n ruhunu yans\u0131t\u0131yor. Kaya K\u00f6y\u00fc&#8217;n\u00fcn usta zanaatkarlar\u0131n\u0131n titiz ellerinde, %100 el e\u011firmesiyle \u00fcretilmi\u015f, do\u011fal k\u00f6k boyalar\u0131n s\u0131cak ve toprak tonlar\u0131yla renklendirilmi\u015f se\u00e7kin y\u00fcn ipli\u011fi, geleneksel G\u00f6rdes (T\u00fcrk) d\u00fc\u011f\u00fcm\u00fcn\u00fcn sabr\u0131yla hayat bulmu\u015f kal\u0131c\u0131 bir sanat eseridir. Bu hal\u0131, terkedilmi\u015f ta\u015f evlerin sessizli\u011fini ve y\u00fczy\u0131llard\u0131r s\u00fcregelen bir zanaat\u0131n izlerini ta\u015f\u0131r.<\/p>\n<p>Kaya K\u00f6y\u00fc hal\u0131lar\u0131n\u0131n kendine \u00f6zg\u00fc tasar\u0131m unsurlar\u0131 bu eserde de kendini g\u00f6steriyor. Genellikle sade geometrik desenler, stilize edilmi\u015f do\u011fal motifler ve y\u00f6reye \u00f6zg\u00fc semboller, hal\u0131n\u0131n y\u00fczeyinde otantik ve samimi bir uyum yarat\u0131yor. Ta\u015f evlerin dokusundan, \u00e7evredeki do\u011fal g\u00fczelliklerden ve ge\u00e7mi\u015fin izlerinden ilham alan bu motifler, hal\u0131ya h\u00fcz\u00fcnl\u00fc bir g\u00fczellik ve zamans\u0131z bir ifade kat\u0131yor.<\/p>\n<p>Ola\u011fan\u00fcst\u00fc kondisyonuyla dikkat \u00e7eken bu 19. y\u00fczy\u0131l sonu Fethiye Kaya K\u00f6y hal\u0131s\u0131, kullan\u0131lan malzemenin kalitesini ve dokuma i\u015f\u00e7ili\u011finin inceli\u011fini g\u00fcn\u00fcm\u00fcze ta\u015f\u0131yor. B\u00f6lgeye \u00f6zg\u00fc s\u0131cak toprak tonlar\u0131, bejler, kahverengiler ve do\u011fal y\u00fcn renkleri, hal\u0131n\u0131n renk paletini olu\u015ftururken, y\u00f6renin sakin ve do\u011fal atmosferini yans\u0131t\u0131yor.<\/p>\n<p>Bu Antik Fethiye Kaya K\u00f6y Hal\u0131s\u0131, sadece bir mekan\u0131 s\u00fcslemekle kalmaz, ayn\u0131 zamanda antik bir yerle\u015fimin dokunmu\u015f hikayesini ve Akdeniz&#8217;in \u00f6zg\u00fcn k\u00fclt\u00fcrel miras\u0131n\u0131 temsil eder. Bu nadide eseri koleksiyonunuza dahil etmek, tarihi bir yolculu\u011fa \u00e7\u0131kmak ve otantik bir sanat eseri.<\/p>\n","protected":false},"excerpt":{"rendered":"<p><strong>Men\u015fei:<\/strong> T\u00fcrkiye \/ Fethiye <strong>Kondisyon:<\/strong> Ola\u011fan\u00fcst\u00fc <strong>Dokuma Materyali ve Teknik:<\/strong> Y\u00fcne Y\u00fcn, %100 Kirman ipi, G\u00f6rdes (T\u00fcrk) D\u00fc\u011f\u00fcm\u00fc <strong>D\u00f6nem &#8211; Ya\u015f:<\/strong> 100+ ya\u015f<\/p>\n","protected":false},"featured_media":7720,"comment_status":"closed","ping_status":"closed","template":"","meta":[],"product_brand":[],"product_cat":[336],"product_tag":[395,398,396,399,397,393,394],"class_list":{"0":"post-7719","1":"product","2":"type-product","3":"status-publish","4":"has-post-thumbnail","6":"product_cat-hali-ve-kilim","7":"product_tag-antika-hali","8":"product_tag-antika-hali-muzayedesi","9":"product_tag-antique-rug","10":"product_tag-antique-rug-online-auction","11":"product_tag-endemigo-auction","12":"product_tag-online-auction","13":"product_tag-online-muzayede","15":"first","16":"instock","17":"sold-individually","18":"product-type-auction"},"_links":{"self":[{"href":"https:\/\/endemigoauction.com\/en\/wp-json\/wp\/v2\/product\/7719","targetHints":{"allow":["GET"]}}],"collection":[{"href":"https:\/\/endemigoauction.com\/en\/wp-json\/wp\/v2\/product"}],"about":[{"href":"https:\/\/endemigoauction.com\/en\/wp-json\/wp\/v2\/types\/product"}],"replies":[{"embeddable":true,"href":"https:\/\/endemigoauction.com\/en\/wp-json\/wp\/v2\/comments?post=7719"}],"wp:featuredmedia":[{"embeddable":true,"href":"https:\/\/endemigoauction.com\/en\/wp-json\/wp\/v2\/media\/7720"}],"wp:attachment":[{"href":"https:\/\/endemigoauction.com\/en\/wp-json\/wp\/v2\/media?parent=7719"}],"wp:term":[{"taxonomy":"product_brand","embeddable":true,"href":"https:\/\/endemigoauction.com\/en\/wp-json\/wp\/v2\/product_brand?post=7719"},{"taxonomy":"product_cat","embeddable":true,"href":"https:\/\/endemigoauction.com\/en\/wp-json\/wp\/v2\/product_cat?post=7719"},{"taxonomy":"product_tag","embeddable":true,"href":"https:\/\/endemigoauction.com\/en\/wp-json\/wp\/v2\/product_tag?post=7719"}],"curies":[{"name":"wp","href":"https:\/\/api.w.org\/{rel}","templated":true}]}}