{"id":7716,"date":"2025-05-29T10:45:17","date_gmt":"2025-05-29T07:45:17","guid":{"rendered":"https:\/\/endemigoauction.com\/urun\/lot-46-antik-bergama-halisi-19-yuzyil-ortasi-109-x-142-cm\/"},"modified":"2025-06-01T16:17:34","modified_gmt":"2025-06-01T13:17:34","slug":"lot-46-antik-bergama-halisi-19-yuzyil-ortasi-109-x-142-cm","status":"publish","type":"product","link":"https:\/\/endemigoauction.com\/en\/urun\/lot-46-antik-bergama-halisi-19-yuzyil-ortasi-109-x-142-cm\/","title":{"rendered":"LOT.46 Antik Bergama Hal\u0131s\u0131 19. Y\u00fczy\u0131l Ortas\u0131 109 x 142 cm"},"content":{"rendered":"<p><strong>Antik Bergama Hal\u0131s\u0131 19. Y\u00fczy\u0131l Ortas\u0131 109 x 142 cm.<\/strong><\/p>\n<p>Ege&#8217;nin Kadim Zanaati: 19. Y\u00fczy\u0131l Ortas\u0131 Antik Bergama Hal\u0131s\u0131\u0130zmir&#8217;in tarihi ve k\u00fclt\u00fcrel zenginlikleriyle \u00fcnl\u00fc Bergama il\u00e7esinin dokuma sanat\u0131n\u0131n nadide bir \u00f6rne\u011fi olan bu 19. y\u00fczy\u0131l ortas\u0131 antika hal\u0131, Ege&#8217;nin kendine has estetik anlay\u0131\u015f\u0131n\u0131 yans\u0131t\u0131r. Bergama&#8217;n\u0131n usta zanaatkarlar\u0131n\u0131n \u00f6zenli ellerinde, %100 el e\u011firmesiyle elde edilmi\u015f, do\u011fal k\u00f6k boyalar\u0131n s\u0131cak ve canl\u0131 tonlar\u0131yla renklendirilmi\u015f se\u00e7kin y\u00fcn ipli\u011finin, geleneksel G\u00f6rdes (T\u00fcrk) d\u00fc\u011f\u00fcm\u00fcn\u00fcn sabr\u0131yla v\u00fccut buldu\u011fu kal\u0131c\u0131 bir sanat eseridir. Bu hal\u0131, Bergama y\u00f6resinin \u00f6zg\u00fcn tasar\u0131m anlay\u0131\u015f\u0131n\u0131 ve Anadolu dokuma sanat\u0131n\u0131n zarafetini bir araya getirir.<\/p>\n<p>Bergama hal\u0131lar\u0131n\u0131n karakteristik tasar\u0131m \u00f6\u011feleri bu eserde de kendini g\u00f6sterir. Genellikle geometrik desenler, stilize edilmi\u015f bitkisel ve hayvansal motifler ile y\u00f6reye \u00f6zg\u00fc semboller, hal\u0131n\u0131n y\u00fczeyinde g\u00fc\u00e7l\u00fc ve otantik bir armoni olu\u015fturur. Ege&#8217;nin do\u011fal g\u00fczelliklerinden ve k\u00fclt\u00fcrel miras\u0131ndan ilham alan bu motifler, hal\u0131ya s\u0131cak ve samimi bir ifade katar.<\/p>\n<p>M\u00fckemmel kondisyonuyla dikkat \u00e7eken bu 19. y\u00fczy\u0131l ortas\u0131 Bergama hal\u0131s\u0131, kullan\u0131lan malzemenin kalitesini ve dokuma i\u015f\u00e7ili\u011finin inceli\u011fini g\u00fcn\u00fcm\u00fcze ta\u015f\u0131r. \u0130zmir y\u00f6resine \u00f6zg\u00fc canl\u0131 k\u0131rm\u0131z\u0131lar, derin lacivertler, s\u0131cak sar\u0131lar ve do\u011fal tonlar, hal\u0131n\u0131n renk paletini olu\u015ftururken, b\u00f6lgenin k\u00fclt\u00fcrel atmosferini yans\u0131t\u0131r.<\/p>\n<p>Bu Antik Bergama Hal\u0131s\u0131, sadece bir mekan\u0131 s\u00fcslemekle kalmaz, ayn\u0131 zamanda Ege&#8217;nin kadim zanaatini ve Bergama&#8217;n\u0131n \u00f6zg\u00fcn dokuma sanat\u0131n\u0131 temsil eder. Bu nadide eseri koleksiyonunuza dahil etmek, zengin bir k\u00fclt\u00fcrel mirasa yap\u0131lan sayg\u0131l\u0131 bir yolculuk ve kendine has bir sanat eserine sahip olmakt\u0131r.<\/p>\n","protected":false},"excerpt":{"rendered":"<p><strong>Men\u015fei:<\/strong> T\u00fcrkiye \/ \u0130zmir <strong>Kondisyon:<\/strong> M\u00fckemmel <strong>Dokuma Materyali ve Teknik:<\/strong> Y\u00fcne Y\u00fcn, %100 Kirman ipi, G\u00f6rdes (T\u00fcrk) D\u00fc\u011f\u00fcm\u00fc <strong>D\u00f6nem &#8211; Ya\u015f:<\/strong> 19. Y\u00fczy\u0131l Ortas\u0131<\/p>\n","protected":false},"featured_media":7717,"comment_status":"closed","ping_status":"closed","template":"","meta":[],"product_brand":[],"product_cat":[336],"product_tag":[395,398,396,399,397,393,394],"class_list":{"0":"post-7716","1":"product","2":"type-product","3":"status-publish","4":"has-post-thumbnail","6":"product_cat-hali-ve-kilim","7":"product_tag-antika-hali","8":"product_tag-antika-hali-muzayedesi","9":"product_tag-antique-rug","10":"product_tag-antique-rug-online-auction","11":"product_tag-endemigo-auction","12":"product_tag-online-auction","13":"product_tag-online-muzayede","15":"first","16":"instock","17":"sold-individually","18":"product-type-auction"},"_links":{"self":[{"href":"https:\/\/endemigoauction.com\/en\/wp-json\/wp\/v2\/product\/7716","targetHints":{"allow":["GET"]}}],"collection":[{"href":"https:\/\/endemigoauction.com\/en\/wp-json\/wp\/v2\/product"}],"about":[{"href":"https:\/\/endemigoauction.com\/en\/wp-json\/wp\/v2\/types\/product"}],"replies":[{"embeddable":true,"href":"https:\/\/endemigoauction.com\/en\/wp-json\/wp\/v2\/comments?post=7716"}],"wp:featuredmedia":[{"embeddable":true,"href":"https:\/\/endemigoauction.com\/en\/wp-json\/wp\/v2\/media\/7717"}],"wp:attachment":[{"href":"https:\/\/endemigoauction.com\/en\/wp-json\/wp\/v2\/media?parent=7716"}],"wp:term":[{"taxonomy":"product_brand","embeddable":true,"href":"https:\/\/endemigoauction.com\/en\/wp-json\/wp\/v2\/product_brand?post=7716"},{"taxonomy":"product_cat","embeddable":true,"href":"https:\/\/endemigoauction.com\/en\/wp-json\/wp\/v2\/product_cat?post=7716"},{"taxonomy":"product_tag","embeddable":true,"href":"https:\/\/endemigoauction.com\/en\/wp-json\/wp\/v2\/product_tag?post=7716"}],"curies":[{"name":"wp","href":"https:\/\/api.w.org\/{rel}","templated":true}]}}