{"id":7713,"date":"2025-05-29T10:45:17","date_gmt":"2025-05-29T07:45:17","guid":{"rendered":"https:\/\/endemigoauction.com\/urun\/lot-47-antik-antep-halisi-120-yas-125-x-167-cm\/"},"modified":"2025-06-01T16:18:22","modified_gmt":"2025-06-01T13:18:22","slug":"lot-47-antik-antep-halisi-120-yas-125-x-167-cm","status":"publish","type":"product","link":"https:\/\/endemigoauction.com\/en\/urun\/lot-47-antik-antep-halisi-120-yas-125-x-167-cm\/","title":{"rendered":"LOT.47 Antik Antep Hal\u0131s\u0131 120+ Ya\u015f 125 x 167 cm"},"content":{"rendered":"<p><strong>Antep Hal\u0131s\u0131 120+ Ya\u015f 125 x 167 cm.<\/strong><\/p>\n<p>G\u00fcneydo\u011fu&#8217;nun Sanatla Bulu\u015ftu\u011fu Nokta: 19. Y\u00fczy\u0131l Sonu Antik Antep Hal\u0131s\u0131Gaziantep&#8217;in zengin k\u00fclt\u00fcrel miras\u0131n\u0131 ve k\u00f6kl\u00fc dokuma gelene\u011fini yans\u0131tan bu 19. y\u00fczy\u0131l sonu antika hal\u0131, yakla\u015f\u0131k 120 y\u0131ld\u0131r ait oldu\u011fu co\u011frafyan\u0131n otantik ruhunu ta\u015f\u0131maktad\u0131r. Antep&#8217;in usta zanaatkarlar\u0131n\u0131n titiz ellerinde, %100 el e\u011firmesiyle elde edilen, do\u011fal k\u00f6k boyalar\u0131n s\u0131cak ve canl\u0131 tonlar\u0131yla renklendirilmi\u015f se\u00e7kin y\u00fcn ipli\u011fi, geleneksel G\u00f6rdes (T\u00fcrk) d\u00fc\u011f\u00fcm\u00fcn\u00fcn sabr\u0131yla birle\u015ferek kal\u0131c\u0131 bir sanat eserine d\u00f6n\u00fc\u015fm\u00fc\u015ft\u00fcr. Bu hal\u0131, Antep y\u00f6resinin kendine \u00f6zg\u00fc estetik anlay\u0131\u015f\u0131n\u0131 ve Anadolu dokuma sanat\u0131n\u0131n zenginli\u011fini g\u00f6zler \u00f6n\u00fcne seren nadide bir \u00f6rnektir.<\/p>\n<p>Antep hal\u0131lar\u0131n\u0131n karakteristik tasar\u0131m unsurlar\u0131 bu eserde de kendini g\u00f6sterir. Genellikle geometrik desenler, stilize edilmi\u015f bitkisel motifler ve y\u00f6reye \u00f6zg\u00fc semboller, hal\u0131n\u0131n y\u00fczeyinde kendine has bir uyum yarat\u0131r. G\u00fcneydo\u011fu Anadolu&#8217;nun k\u00fclt\u00fcrel zenginli\u011fini ve geleneksel ya\u015fam tarzlar\u0131n\u0131 yans\u0131tan bu motifler, hal\u0131ya otantik ve s\u0131cak bir hava katar.<\/p>\n<p>Ola\u011fan\u00fcst\u00fc kondisyonuyla dikkat \u00e7eken bu antika Antep hal\u0131s\u0131, kullan\u0131lan malzemenin kalitesini ve dokuma i\u015f\u00e7ili\u011finin inceli\u011fini g\u00fcn\u00fcm\u00fcze ta\u015f\u0131r. Antep y\u00f6resine \u00f6zg\u00fc canl\u0131 k\u0131rm\u0131z\u0131lar, derin lacivertler, s\u0131cak sar\u0131lar ve do\u011fal tonlar, hal\u0131n\u0131n renk paletini olu\u015ftururken, b\u00f6lgenin k\u00fclt\u00fcrel atmosferini yans\u0131t\u0131r.<\/p>\n<p>Bu Antik Antep Hal\u0131s\u0131, sadece bir mekan\u0131 s\u00fcslemekle kalmaz, ayn\u0131 zamanda G\u00fcneydo\u011fu Anadolu&#8217;nun sanatla bulu\u015ftu\u011fu noktay\u0131 ve Antep&#8217;in \u00f6zg\u00fcn dokuma sanat\u0131n\u0131 temsil eder. Bu nadide eseri koleksiyonunuza dahil etmek, zengin bir k\u00fclt\u00fcrel mirasa yap\u0131lan sayg\u0131l\u0131 bir yolculuk ve kendine \u00f6zg\u00fc bir sanat eserine sahip olma f\u0131rsat\u0131d\u0131r.<\/p>\n","protected":false},"excerpt":{"rendered":"<p><strong>Men\u015fei:<\/strong> T\u00fcrkiye \/ Gaziantep <strong>Kondisyon:<\/strong> Ola\u011fan\u00fcst\u00fc <strong>Dokuma Materyali ve Teknik:<\/strong> Y\u00fcne Y\u00fcn, %100 Kirman ipi, G\u00f6rdes (T\u00fcrk) D\u00fc\u011f\u00fcm\u00fc <strong>D\u00f6nem &#8211; Ya\u015f:<\/strong> 19. Y\u00fczy\u0131l Sonu &#8211; 120+ Ya\u015f.<\/p>\n","protected":false},"featured_media":7714,"comment_status":"closed","ping_status":"closed","template":"","meta":[],"product_brand":[],"product_cat":[336],"product_tag":[395,398,396,399,397,393,394],"class_list":{"0":"post-7713","1":"product","2":"type-product","3":"status-publish","4":"has-post-thumbnail","6":"product_cat-hali-ve-kilim","7":"product_tag-antika-hali","8":"product_tag-antika-hali-muzayedesi","9":"product_tag-antique-rug","10":"product_tag-antique-rug-online-auction","11":"product_tag-endemigo-auction","12":"product_tag-online-auction","13":"product_tag-online-muzayede","15":"first","16":"instock","17":"sold-individually","18":"product-type-auction"},"_links":{"self":[{"href":"https:\/\/endemigoauction.com\/en\/wp-json\/wp\/v2\/product\/7713","targetHints":{"allow":["GET"]}}],"collection":[{"href":"https:\/\/endemigoauction.com\/en\/wp-json\/wp\/v2\/product"}],"about":[{"href":"https:\/\/endemigoauction.com\/en\/wp-json\/wp\/v2\/types\/product"}],"replies":[{"embeddable":true,"href":"https:\/\/endemigoauction.com\/en\/wp-json\/wp\/v2\/comments?post=7713"}],"wp:featuredmedia":[{"embeddable":true,"href":"https:\/\/endemigoauction.com\/en\/wp-json\/wp\/v2\/media\/7714"}],"wp:attachment":[{"href":"https:\/\/endemigoauction.com\/en\/wp-json\/wp\/v2\/media?parent=7713"}],"wp:term":[{"taxonomy":"product_brand","embeddable":true,"href":"https:\/\/endemigoauction.com\/en\/wp-json\/wp\/v2\/product_brand?post=7713"},{"taxonomy":"product_cat","embeddable":true,"href":"https:\/\/endemigoauction.com\/en\/wp-json\/wp\/v2\/product_cat?post=7713"},{"taxonomy":"product_tag","embeddable":true,"href":"https:\/\/endemigoauction.com\/en\/wp-json\/wp\/v2\/product_tag?post=7713"}],"curies":[{"name":"wp","href":"https:\/\/api.w.org\/{rel}","templated":true}]}}