{"id":7709,"date":"2025-05-29T10:45:17","date_gmt":"2025-05-29T07:45:17","guid":{"rendered":"https:\/\/endemigoauction.com\/urun\/lot-48-antik-malatya-arapgir-kilim-2li-lot-19-yuzyil\/"},"modified":"2025-06-12T01:41:36","modified_gmt":"2025-06-11T22:41:36","slug":"lot-48-antik-malatya-arapgir-kilim-2li-lot-19-yuzyil","status":"publish","type":"product","link":"https:\/\/endemigoauction.com\/en\/urun\/lot-48-antik-malatya-arapgir-kilim-2li-lot-19-yuzyil\/","title":{"rendered":"LOT.48 Antik Malatya Arapgir Kilim 2&#8217;li LOT 19. Y\u00fczy\u0131l"},"content":{"rendered":"<p><strong>Malatya Arapgir Kilim 2 Adet 19. Y\u00fczy\u0131l 97 x 395 cm &#8211; 146 x 195 cm.<\/strong><\/p>\n<p>F\u0131rat Nehri&#8217;nin k\u0131y\u0131s\u0131nda yer alan Arapgir, Do\u011fu Anadolu&#8217;nun tarihi yerle\u015fimlerinden biri olarak, zengin d\u00fcz dokuma gelene\u011fiyle tan\u0131n\u0131r. \u0130\u015fte bu iki adet 19. y\u00fczy\u0131l antika kilim, b\u00f6lgenin kendine \u00f6zg\u00fc sanatsal ifadesini ve Anadolu kilim sanat\u0131n\u0131n zamans\u0131z g\u00fczelli\u011fini bir araya getiriyor. Usta zanaatkarlar\u0131n titiz \u00e7al\u0131\u015fmalar\u0131yla, %100 el e\u011firmesiyle \u00fcretilmi\u015f, do\u011fal k\u00f6k boyalarla derin ve otantik tonlara boyanm\u0131\u015f kaliteli y\u00fcn ipli\u011fi, geleneksel dokuma teknikleriyle bu kal\u0131c\u0131 eserlere d\u00f6n\u00fc\u015fm\u00fc\u015f.<\/p>\n<p>Arapgir kilimleri, genellikle cesur geometrik desenleri, stilize fig\u00fcrleri ve canl\u0131 renkleriyle dikkat \u00e7eker. Bu iki antika kilimde de b\u00f6lgenin karakteristik motifleri, simetrik d\u00fczenlemeler ve ritmik tekrarlarla kendini g\u00f6steriyor. F\u0131rat Nehri&#8217;nin k\u0131y\u0131s\u0131ndaki bu tarihi il\u00e7enin k\u00fclt\u00fcrel miras\u0131n\u0131 yans\u0131tan desenler, her bir kilime \u00f6zg\u00fcn bir ruh ve anlam kat\u0131yor.<\/p>\n<p>M\u00fckemmel kondisyonlar\u0131yla \u00f6ne \u00e7\u0131kan bu iki antika Arapgir kilimi, kullan\u0131lan malzemenin kalitesini ve dokuma i\u015f\u00e7ili\u011finin titizli\u011fini g\u00fcn\u00fcm\u00fcze ta\u015f\u0131yor. Malatya&#8217;n\u0131n s\u0131cak toprak tonlar\u0131, k\u0131rm\u0131z\u0131lar, maviler ve sar\u0131lar, bu kilimlerin renk paletini olu\u015ftururken, b\u00f6lgenin do\u011fal ve k\u00fclt\u00fcrel atmosferini de yans\u0131t\u0131yor. \u0130ki adet olmalar\u0131, bu nadide eserleri bir arada sergileme veya farkl\u0131 mekanlarda kullanma f\u0131rsat\u0131 sunuyor.<\/p>\n<p>Not:Kilim \u00e7ift kanat olarak dokunmu\u015f bir kilimin iki kanad\u0131 ayr\u0131larak bir yolluk, bir tane taban kilimine d\u00f6n\u00fc\u015ft\u00fcr\u00fclm\u00fc\u015ft\u00fcr. kenar sarg\u0131lar\u0131 ve i\u015f\u00e7ili\u011finde kullan\u0131lan t\u00fcm ipler k\u00f6k boya s\u00f6k\u00fcnt\u00fc y\u00fcnlerden profesyonel restorasyon ustalar\u0131 taraf\u0131ndan yap\u0131lm\u0131\u015ft\u0131r. Sadece bu kilimi antik de\u011ferini kaybettirmeden kullan\u0131labilecek duruma getirmek bile \u00e7ok ciddi i\u015f\u00e7ilik maliyeti gerektirir. Kilimin \u00fczerinde cicimlerinde metal kullan\u0131lm\u0131\u015f, cicimlerinde ki erimelere \u00f6zellikle m\u00fcdahale edilmemi\u015ftir. Antiklik de\u011ferini ortadan kald\u0131racak m\u00fcdehalelerden ka\u00e7\u0131n\u0131lm\u0131\u015f, Eser korumaya al\u0131n\u0131rken ayn\u0131 zamanda \u00f6mr\u00fcde artt\u0131r\u0131lm\u0131\u015f sergilenmeye ve kullan\u0131lmaya uygun hale getirilmi\u015ftir.<\/p>\n","protected":false},"excerpt":{"rendered":"<p><strong>Men\u015fei:<\/strong> T\u00fcrkiye \/ Malatya <strong>Kondisyon:<\/strong> M\u00fckemmel <strong>Dokuma Materyali ve Teknik:<\/strong> Y\u00fcne Y\u00fcn, %100 Kirman ipi, G\u00f6rdes (T\u00fcrk) D\u00fc\u011f\u00fcm\u00fc <strong>D\u00f6nem &#8211; Ya\u015f:<\/strong> 19. Y\u00fczy\u0131l 150+ ya\u015f<\/p>\n","protected":false},"featured_media":7710,"comment_status":"closed","ping_status":"closed","template":"","meta":[],"product_brand":[],"product_cat":[336],"product_tag":[395,398,396,399,397,393,394],"class_list":{"0":"post-7709","1":"product","2":"type-product","3":"status-publish","4":"has-post-thumbnail","6":"product_cat-hali-ve-kilim","7":"product_tag-antika-hali","8":"product_tag-antika-hali-muzayedesi","9":"product_tag-antique-rug","10":"product_tag-antique-rug-online-auction","11":"product_tag-endemigo-auction","12":"product_tag-online-auction","13":"product_tag-online-muzayede","15":"first","16":"instock","17":"sold-individually","18":"product-type-auction"},"_links":{"self":[{"href":"https:\/\/endemigoauction.com\/en\/wp-json\/wp\/v2\/product\/7709","targetHints":{"allow":["GET"]}}],"collection":[{"href":"https:\/\/endemigoauction.com\/en\/wp-json\/wp\/v2\/product"}],"about":[{"href":"https:\/\/endemigoauction.com\/en\/wp-json\/wp\/v2\/types\/product"}],"replies":[{"embeddable":true,"href":"https:\/\/endemigoauction.com\/en\/wp-json\/wp\/v2\/comments?post=7709"}],"wp:featuredmedia":[{"embeddable":true,"href":"https:\/\/endemigoauction.com\/en\/wp-json\/wp\/v2\/media\/7710"}],"wp:attachment":[{"href":"https:\/\/endemigoauction.com\/en\/wp-json\/wp\/v2\/media?parent=7709"}],"wp:term":[{"taxonomy":"product_brand","embeddable":true,"href":"https:\/\/endemigoauction.com\/en\/wp-json\/wp\/v2\/product_brand?post=7709"},{"taxonomy":"product_cat","embeddable":true,"href":"https:\/\/endemigoauction.com\/en\/wp-json\/wp\/v2\/product_cat?post=7709"},{"taxonomy":"product_tag","embeddable":true,"href":"https:\/\/endemigoauction.com\/en\/wp-json\/wp\/v2\/product_tag?post=7709"}],"curies":[{"name":"wp","href":"https:\/\/api.w.org\/{rel}","templated":true}]}}