{"id":7706,"date":"2025-05-29T10:45:17","date_gmt":"2025-05-29T07:45:17","guid":{"rendered":"https:\/\/endemigoauction.com\/urun\/lot-49-antik-konya-cihanbeyli-halisi-120-yas-114-x-137-cm\/"},"modified":"2025-06-01T16:07:00","modified_gmt":"2025-06-01T13:07:00","slug":"lot-49-antik-konya-cihanbeyli-halisi-120-yas-114-x-137-cm","status":"publish","type":"product","link":"https:\/\/endemigoauction.com\/en\/urun\/lot-49-antik-konya-cihanbeyli-halisi-120-yas-114-x-137-cm\/","title":{"rendered":"LOT.49 Antik Konya Cihanbeyli Hal\u0131s\u0131 120+ Ya\u015f 114 x 137 cm"},"content":{"rendered":"<p><strong>Konya Cihanbeyli Hal\u0131s\u0131 120+ Ya\u015f 114 x 137 cm.<\/strong><\/p>\n<p>Konya&#8217;n\u0131n geni\u015f ve bereketli steplerinin k\u00fclt\u00fcrel miras\u0131n\u0131 yans\u0131tan bu 19. y\u00fczy\u0131l sonu antika Cihanbeyli hal\u0131s\u0131, yakla\u015f\u0131k 120 y\u0131ld\u0131r ait oldu\u011fu co\u011frafyan\u0131n ger\u00e7ek ruhunu ta\u015f\u0131maktad\u0131r. Cihanbeyli b\u00f6lgesinin usta zanaatkarlar\u0131n\u0131n titiz ellerinde, %100 el e\u011firmesiyle \u00fcretilmi\u015f, do\u011fal k\u00f6k boyalar\u0131n s\u0131cak ve topraks\u0131 tonlar\u0131yla renklendirilmi\u015f se\u00e7kin y\u00fcn ipli\u011fi, geleneksel G\u00f6rdes (T\u00fcrk) d\u00fc\u011f\u00fcm\u00fcn\u00fcn sabr\u0131yla hayat bulmu\u015f kal\u0131c\u0131 bir sanat eseridir. Bu hal\u0131, Konya&#8217;n\u0131n kendine \u00f6zg\u00fc dokuma gelene\u011finin ve Cihanbeyli&#8217;nin e\u015fsiz estetik anlay\u0131\u015f\u0131n\u0131n harika bir \u00f6rne\u011fidir.<\/p>\n<p>Cihanbeyli hal\u0131lar\u0131n\u0131n karakteristik tasar\u0131m unsurlar\u0131 bu eserde de kendini g\u00f6steriyor. Genellikle geometrik desenler, stilize edilmi\u015f hayvan fig\u00fcrleri ve y\u00f6reye \u00f6zg\u00fc semboller, hal\u0131n\u0131n y\u00fczeyinde g\u00fc\u00e7l\u00fc ve otantik bir uyum yarat\u0131yor. Steplerin geni\u015fli\u011fini, geleneksel ya\u015fam tarzlar\u0131n\u0131 ve Anadolu&#8217;nun kadim inan\u00e7lar\u0131n\u0131 yans\u0131tan bu motifler, hal\u0131ya derin bir k\u00fclt\u00fcrel anlam kat\u0131yor.<\/p>\n<p>Ola\u011fan\u00fcst\u00fc kondisyonuyla dikkat \u00e7eken bu antika Cihanbeyli hal\u0131s\u0131, kullan\u0131lan malzemenin kalitesini ve dokuma i\u015f\u00e7ili\u011finin inceli\u011fini g\u00fcn\u00fcm\u00fcze ta\u015f\u0131yor. Konya y\u00f6resine \u00f6zg\u00fc s\u0131cak toprak tonlar\u0131, k\u0131rm\u0131z\u0131lar, maviler ve bejler, hal\u0131n\u0131n renk paletini olu\u015ftururken, b\u00f6lgenin do\u011fal ve k\u00fclt\u00fcrel atmosferini yans\u0131t\u0131yor.<\/p>\n<p>Bu Antik Konya Cihanbeyli Hal\u0131s\u0131, sadece bir mekan\u0131 s\u00fcslemekle kalmaz, ayn\u0131 zamanda Konya steplerinin zamans\u0131z dokunu\u015funu ve Cihanbeyli&#8217;nin \u00f6zg\u00fcn sanat\u0131n\u0131 temsil eder. Bu nadide eseri koleksiyonunuza dahil etmek, Anadolu&#8217;nun zengin k\u00fclt\u00fcrel co\u011frafyas\u0131na yap\u0131lan sayg\u0131l\u0131 bir yolculuk ve otantik bir sanat eserine sahip olma f\u0131rsat\u0131d\u0131r.<\/p>\n","protected":false},"excerpt":{"rendered":"<p><strong>Men\u015fei:<\/strong> T\u00fcrkiye \/ Konya <strong>Kondisyon:<\/strong> Ola\u011fan\u00fcst\u00fc <strong>Dokuma Materyali ve Teknik:<\/strong> Y\u00fcne Y\u00fcn, %100 Kirman ipi, G\u00f6rdes (T\u00fcrk) D\u00fc\u011f\u00fcm\u00fc <strong>D\u00f6nem &#8211; Ya\u015f:<\/strong> 19. Y\u00fczy\u0131l Sonu &#8211; 120+ Ya\u015f.<\/p>\n","protected":false},"featured_media":7707,"comment_status":"closed","ping_status":"closed","template":"","meta":[],"product_brand":[],"product_cat":[336],"product_tag":[395,398,396,399,397,393,394],"class_list":{"0":"post-7706","1":"product","2":"type-product","3":"status-publish","4":"has-post-thumbnail","6":"product_cat-hali-ve-kilim","7":"product_tag-antika-hali","8":"product_tag-antika-hali-muzayedesi","9":"product_tag-antique-rug","10":"product_tag-antique-rug-online-auction","11":"product_tag-endemigo-auction","12":"product_tag-online-auction","13":"product_tag-online-muzayede","15":"first","16":"instock","17":"sold-individually","18":"product-type-auction"},"_links":{"self":[{"href":"https:\/\/endemigoauction.com\/en\/wp-json\/wp\/v2\/product\/7706","targetHints":{"allow":["GET"]}}],"collection":[{"href":"https:\/\/endemigoauction.com\/en\/wp-json\/wp\/v2\/product"}],"about":[{"href":"https:\/\/endemigoauction.com\/en\/wp-json\/wp\/v2\/types\/product"}],"replies":[{"embeddable":true,"href":"https:\/\/endemigoauction.com\/en\/wp-json\/wp\/v2\/comments?post=7706"}],"wp:featuredmedia":[{"embeddable":true,"href":"https:\/\/endemigoauction.com\/en\/wp-json\/wp\/v2\/media\/7707"}],"wp:attachment":[{"href":"https:\/\/endemigoauction.com\/en\/wp-json\/wp\/v2\/media?parent=7706"}],"wp:term":[{"taxonomy":"product_brand","embeddable":true,"href":"https:\/\/endemigoauction.com\/en\/wp-json\/wp\/v2\/product_brand?post=7706"},{"taxonomy":"product_cat","embeddable":true,"href":"https:\/\/endemigoauction.com\/en\/wp-json\/wp\/v2\/product_cat?post=7706"},{"taxonomy":"product_tag","embeddable":true,"href":"https:\/\/endemigoauction.com\/en\/wp-json\/wp\/v2\/product_tag?post=7706"}],"curies":[{"name":"wp","href":"https:\/\/api.w.org\/{rel}","templated":true}]}}